{"id":543,"date":"2021-10-21T09:44:24","date_gmt":"2021-10-21T07:44:24","guid":{"rendered":"http:\/\/toften.se\/toft2020\/?page_id=543"},"modified":"2021-10-21T09:44:24","modified_gmt":"2021-10-21T07:44:24","slug":"trafik","status":"publish","type":"page","link":"https:\/\/toften.se\/toft2020\/trafik\/","title":{"rendered":"Trafik"},"content":{"rendered":"\n<p>Inlaga till Liding\u00f6 stad 20\/10 2021<\/p>\n\n\n\n<div data-wp-interactive=\"core\/file\" class=\"wp-block-file\"><object data-wp-bind--hidden=\"!state.hasPdfPreview\" hidden class=\"wp-block-file__embed\" data=\"http:\/\/toften.se\/toft2020\/wp-content\/uploads\/2021\/10\/ToftTrafik.pdf\" type=\"application\/pdf\" style=\"width:100%;height:600px\" aria-label=\"Inb\u00e4ddning av Inb\u00e4ddning av Trafiksituation Toftv\u00e4gen..\"><\/object><a href=\"http:\/\/toften.se\/toft2020\/wp-content\/uploads\/2021\/10\/ToftTrafik.pdf\">Trafiksituation Toftv\u00e4gen<\/a><a href=\"http:\/\/toften.se\/toft2020\/wp-content\/uploads\/2021\/10\/ToftTrafik.pdf\" class=\"wp-block-file__button\" download>Ladda ner<\/a><\/div>\n","protected":false},"excerpt":{"rendered":"<p>Inlaga till Liding\u00f6 stad 20\/10 2021<\/p>\n","protected":false},"author":1,"featured_media":0,"parent":0,"menu_order":0,"comment_status":"closed","ping_status":"closed","template":"","meta":{"_s2mail":"yes","footnotes":""},"class_list":["post-543","page","type-page","status-publish","hentry"],"_links":{"self":[{"href":"https:\/\/toften.se\/toft2020\/wp-json\/wp\/v2\/pages\/543","targetHints":{"allow":["GET"]}}],"collection":[{"href":"https:\/\/toften.se\/toft2020\/wp-json\/wp\/v2\/pages"}],"about":[{"href":"https:\/\/toften.se\/toft2020\/wp-json\/wp\/v2\/types\/page"}],"author":[{"embeddable":true,"href":"https:\/\/toften.se\/toft2020\/wp-json\/wp\/v2\/users\/1"}],"replies":[{"embeddable":true,"href":"https:\/\/toften.se\/toft2020\/wp-json\/wp\/v2\/comments?post=543"}],"version-history":[{"count":1,"href":"https:\/\/toften.se\/toft2020\/wp-json\/wp\/v2\/pages\/543\/revisions"}],"predecessor-version":[{"id":544,"href":"https:\/\/toften.se\/toft2020\/wp-json\/wp\/v2\/pages\/543\/revisions\/544"}],"wp:attachment":[{"href":"https:\/\/toften.se\/toft2020\/wp-json\/wp\/v2\/media?parent=543"}],"curies":[{"name":"wp","href":"https:\/\/api.w.org\/{rel}","templated":true}]}}