{"id":5,"date":"2012-01-16T19:52:48","date_gmt":"2012-01-16T19:52:48","guid":{"rendered":"http:\/\/toften.se\/toft2020\/2012\/01\/16\/bebyggelseregistret-toftvagen-tillmats-sarskilt-kulturhistoriskt-varde\/"},"modified":"2020-11-21T10:13:16","modified_gmt":"2020-11-21T09:13:16","slug":"bebyggelseregistret-toftvagen-tillmats-sarskilt-kulturhistoriskt-varde","status":"publish","type":"page","link":"https:\/\/toften.se\/toft2020\/husen-historia-underhall-mm\/bebyggelseregistret-toftvagen-tillmats-sarskilt-kulturhistoriskt-varde\/","title":{"rendered":"Bebyggelseregistret &#8211; Toftv\u00e4gen tillm\u00e4ts s\u00e4rskilt kulturhistoriskt v\u00e4rde"},"content":{"rendered":"<p>Bebyggelseregistret, BBR, \u00e4r ett nationellt register med information om det byggda kulturarvet. H\u00e4r ryms allt fr\u00e5n timmerstugor och gamla industrimilj\u00f6er till modern stadsbebyggelse. I oktober 2011 finns det omkring 80 000 s\u00f6kbara poster i registret, av dem \u00e4r cirka 13000 byggnader skyddade som byggnadsminnen och kyrkor. Uppdateringar och nya registreringar g\u00f6rs kontinuerligt. De uppgifter som finns presenterade i Bebyggelseregistret \u00e4r h\u00e4mtade fr\u00e5n inventeringar, dokumentationer, arkiv och litteratur. Informationen \u00e4r framtagen och registrerad av regionala museer, Svenska Kyrkan, l\u00e4nsstyrelser, kommuner, universitet och h\u00f6gskolor i samverkan med Riksantikvarie\u00e4mbetet.<\/p>\n<p>(<a href=\"http:\/\/www.bebyggelseregistret.raa.se\/bbr2\/anlaggning\/visaHelaBeskrivningen.raa?anlaggningId=21000001015082&amp;anlaggningBeskrivningId=21000001121584&amp;visaBeskrivningar=true\">L\u00e4nk till originaltext, BBR<\/a>)<\/p>\n<p>Husen p\u00e5 Toftv\u00e4gen har 2009-06-04 tillm\u00e4tts s\u00e4rskilt kulturhistoriskt v\u00e4rde<br \/>\nMotivering: Radhusen i anl\u00e4ggningen Toften och Spantet \u00e4r ritade av Ancker, Gate och Lindegren som har st\u00e5tt f\u00f6r flera viktiga bostadsomr\u00e5den p\u00e5 Liding\u00f6. Det \u00e4r en l\u00e5gm\u00e4ld men distinkt utformad bebyggelse med atriumg\u00e5rdarna som bildas genom de olika byggnadskropparnas f\u00f6rh\u00e5llande till varandra. Detta som en elegant l\u00f6sning p\u00e5 det problem som alltid finns med insynsskydd fr\u00e5n grannar n\u00e4r det g\u00e4ller radhus. Omr\u00e5det \u00e4r v\u00e4lbevarat och i princip of\u00f6r\u00e4ndrat sedan det uppf\u00f6rdes i b\u00f6rjan p\u00e5 1960-talet. Den konsekventa f\u00e4rgs\u00e4ttningen och materialvalen bidrar starkt till upplevelsen av omr\u00e5det. Det intima gaturummet som bildas av v\u00e4xtligheten och f\u00f6rg\u00e5rdarna binder ihop anl\u00e4ggningen och sk\u00e4nker omr\u00e5det ett lugn.<\/p>\n<h1>Byggnadernas karakt\u00e4ristiska drag.<\/h1>\n<h2>Toften:<\/h2>\n<ul>\n<li>Den asymmetriska planen<\/li>\n<li>Det varierade taklandskapet med pulpettak och flacka sadeltak kl\u00e4dda med platt betongtegel<\/li>\n<li>De h\u00f6ga smala slamputsade skorstenarna<\/li>\n<li>Fasadernas vita slamputs samt garagens baksidor och g\u00e5rdarnas slammade puts<\/li>\n<li>Garagens dubbla gr\u00e5m\u00e5lade tr\u00e4d\u00f6rrar med st\u00e5ende panel<\/li>\n<li>Garagens triangelformade partier med liggande gr\u00e5m\u00e5lad panel<\/li>\n<li>De ursprungliga f\u00f6nstren med f\u00f6nsters\u00e4ttning och lufter<\/li>\n<li>Ursprungliga entr\u00e9d\u00f6rrar<\/li>\n<li>F\u00f6rg\u00e5rdarnas genomsiktliga vita plank med liggande ribbor<\/li>\n<\/ul>\n<h2>Spantet:<\/h2>\n<ul>\n<li>Det varierade taklandskapet med pulpettak och flacka sadeltak kl\u00e4dda med platt betongtegel<\/li>\n<li>R\u00e5g\u00e5ngarna mellan f\u00f6rg\u00e5rdarna och den bakre uteplatserna<\/li>\n<li>De h\u00f6ga smala slamputsade skorstenarna<\/li>\n<li>Fasadernas vita slamputs samt garagens baksidor och g\u00e5rdarnas slammade puts<\/li>\n<li>Garagens gr\u00e5m\u00e5lade tr\u00e4d\u00f6rrar med st\u00e5ende panel<\/li>\n<li>Garagens triangelformade partier med liggande gr\u00e5m\u00e5lad panel<\/li>\n<li>De ursprungliga f\u00f6nstren med f\u00f6nsters\u00e4ttning och lufter<\/li>\n<li>Ursprungliga entr\u00e9d\u00f6rrar<\/li>\n<li>F\u00f6rg\u00e5rdarnas genomsiktliga vita plank med liggande ribbor.<\/li>\n<\/ul>\n<h2>Beskrivning:<\/h2>\n<p>Radhus i ett plan ritade av Ancker, Gate och Lindegren.<\/p>\n<p>Anl\u00e4ggningen best\u00e5r av tre hustyper f\u00f6rdelade p\u00e5 de tv\u00e5 l\u00e4ngorna som ligger utefter den lite avsides bel\u00e4gna Toftv\u00e4gen.<\/p>\n<p>De b\u00e5da l\u00e5ga l\u00e4ngorna bildar tillsammans med sina f\u00f6rg\u00e5rdar och v\u00e4xtlighet ett intimt gaturum. Sm\u00e5 gr\u00e4sytor, buskar och fullt uppv\u00e4xta tr\u00e4d kantar gatan mellan de olika infarterna. Gemensamt f\u00f6r anl\u00e4ggningen \u00e4r det uppbrutna och varierade taklandskapet med de flacka sadeltaken \u00f6ver huvudbyggnaderna och pulpettaken \u00f6ver garagen, b\u00e5da \u00e4r t\u00e4ckta med ett n\u00e4st intill platt betongtegel.<\/p>\n<p>Trots att det \u00e4r tre olika byggnadstyper s\u00e5 ger anl\u00e4ggningen ett enhetligt intryck tack vare det konsekvent genomf\u00f6rda utf\u00f6randet gestaltnings- och materialm\u00e4ssigt. Husen g\u00e5r under ben\u00e4mningen &#8220;atriumhusen&#8221; trots att det endast \u00e4r tre fasader som omger g\u00e5rdarna som tillh\u00f6r varje hus.<\/p>\n<h3>Exteri\u00f6r beskrivning av Toften:<\/h3>\n<p>Radhusl\u00e4ngan best\u00e5r av \u00e5tta stycken l\u00e4genheter med asymmetrisk utformning d\u00e4r de olika fasaderna bildar de sk atriumg\u00e5rdarna \u00e5t olika h\u00e5ll.<\/p>\n<p>Mot gatan har varje l\u00e4genhet ett dubbelgarage d\u00e4r ena sidan utg\u00f6r en fasad p\u00e5 grannens f\u00f6rg\u00e5rd. P\u00e5 den andra sidan motsvaras garaget av en byggnadsdel som skjuter ut och har ett stort uppglasat parti mot den egna bakre g\u00e5rden samtidigt som baksidan utg\u00f6r en fasad \u00e5t grannens bakre g\u00e5rd. Taken \u00e4r kl\u00e4dda med ett platt betongtegel.<\/p>\n<p>H\u00f6ga smala slamputsade skorstenar. Fasaderna har i huvudsak vit slamputs. Garage och utskjutande byggnadsdelar har en slammad puts i en beige nyans. \u00c4ven vissa gavlar avviker f\u00e4rgm\u00e4ssigt. Garagen har dubbla portar av gr\u00e5m\u00e5lat tr\u00e4 med st\u00e5ende panel. Liggande panel f\u00f6ljer sedan upp\u00e5t och bildar en triangel mot pulpettaket. Ett garage avviker med endast en stor vikd\u00f6rr av pl\u00e5t.<\/p>\n<p>Det \u00e4r i huvudsak tv\u00e5luftsf\u00f6nster men mot de bakre atriumg\u00e5rdarna finns \u00e4ven enlufts samt ett stort glasparti p\u00e5 den utskjutande byggnadskroppen. F\u00f6nstren \u00e4r ursprungliga. Entr\u00e9d\u00f6rrarna av tr\u00e4 har olika f\u00e4rgs\u00e4ttning men \u00e4r enhetliga och troligen ursprungliga med en stor glasruta upptill. N\u00e5gra av d\u00f6rrarna \u00e4r utbytta. Glasade altand\u00f6rrar leder ut till g\u00e5rdarna p\u00e5 baksidan. F\u00f6rg\u00e5rdarna avsk\u00e4rmas fr\u00e5n gatan av vita genomsiktliga plank med liggande ribbor samt v\u00e4xtlighet av olika slag.<\/p>\n<h3>Exteri\u00f6r beskrivning av Spantet:<\/h3>\n<p>Radhusl\u00e4ngan best\u00e5r av tio stycken l\u00e4genheter.<\/p>\n<p>De fem \u00f6versta \u00e4r tekniskt s\u00e4tt frist\u00e5ende hus med en r\u00e5g\u00e5ng som leder fr\u00e5n f\u00f6rg\u00e5rden till den bakre uteplatsen. De fem nedre \u00e4r sammanbyggda. Mot gatan har varje l\u00e4genhet ett garage d\u00e4r ena sidan utg\u00f6r en fasad p\u00e5 grannens f\u00f6rg\u00e5rd. Garagen bildar \u00e4ven en insynsskyddad nisch p\u00e5 den egna f\u00f6rg\u00e5rden. Taken \u00e4r kl\u00e4dda med ett platt betongtegel. H\u00f6ga smala slamputsade skorstenar. Fasaderna har i huvudsak vit slamputs. Garage och utskjutande byggnadsdelar har en slammad puts i en beige nyans. \u00c4ven vissa gavlar avviker f\u00e4rgm\u00e4ssigt. Fasaderna mot allm\u00e4nningen \u00f6sterut har varierande kul\u00f6rer. Garagen har portar av gr\u00e5m\u00e5lat tr\u00e4 med st\u00e5ende panel. Liggande panel f\u00f6ljer sedan upp\u00e5t och bildar en triangel mot pulpettaket. Det \u00e4r i huvudsak tv\u00e5luftsf\u00f6nster, mot baksidan med f\u00f6rskjuten mittpost samt vissa med sidost\u00e4lld ventilations lucka. F\u00f6nstren \u00e4r ursprungliga. Entr\u00e9d\u00f6rrarna av tr\u00e4 har olika f\u00e4rgs\u00e4ttning men \u00e4r enhetliga och troligen ursprungliga med en stor glasruta upptill. N\u00e5gra av d\u00f6rrarna \u00e4r utbytta. Glasade altand\u00f6rrar leder ut mot b\u00e5de de fr\u00e4mre atriumg\u00e5rdarna som uteplatserna p\u00e5 baksidan. F\u00f6rg\u00e5rdarna avsk\u00e4rmas fr\u00e5n gatan av vita genomsiktliga plank med liggande ribbor samt v\u00e4xtlighet av olika slag.<\/p>\n<p>Albin Uller, Byggnadsantikvarie Liding\u00f6 stad.<br \/>\nLisa Lantz, Antikvarie Liding\u00f6 stad<\/p>\n","protected":false},"excerpt":{"rendered":"<p>Bebyggelseregistret, BBR, \u00e4r ett nationellt register med information om det byggda kulturarvet. H\u00e4r ryms allt fr\u00e5n timmerstugor och gamla industrimilj\u00f6er till modern stadsbebyggelse. I oktober 2011 finns det omkring 80 000 s\u00f6kbara poster i registret, av dem \u00e4r cirka 13000 byggnader skyddade som byggnadsminnen och kyrkor. Uppdateringar och nya registreringar g\u00f6rs kontinuerligt. De uppgifter som &hellip; <\/p>\n<p class=\"link-more\"><a href=\"https:\/\/toften.se\/toft2020\/husen-historia-underhall-mm\/bebyggelseregistret-toftvagen-tillmats-sarskilt-kulturhistoriskt-varde\/\" class=\"more-link\">Forts\u00e4tt l\u00e4sa<span class=\"screen-reader-text\"> \u201dBebyggelseregistret &#8211; Toftv\u00e4gen tillm\u00e4ts s\u00e4rskilt kulturhistoriskt v\u00e4rde\u201d<\/span><\/a><\/p>\n","protected":false},"author":1,"featured_media":0,"parent":147,"menu_order":0,"comment_status":"open","ping_status":"open","template":"","meta":{"_s2mail":"yes","footnotes":""},"class_list":["post-5","page","type-page","status-publish","hentry"],"_links":{"self":[{"href":"https:\/\/toften.se\/toft2020\/wp-json\/wp\/v2\/pages\/5","targetHints":{"allow":["GET"]}}],"collection":[{"href":"https:\/\/toften.se\/toft2020\/wp-json\/wp\/v2\/pages"}],"about":[{"href":"https:\/\/toften.se\/toft2020\/wp-json\/wp\/v2\/types\/page"}],"author":[{"embeddable":true,"href":"https:\/\/toften.se\/toft2020\/wp-json\/wp\/v2\/users\/1"}],"replies":[{"embeddable":true,"href":"https:\/\/toften.se\/toft2020\/wp-json\/wp\/v2\/comments?post=5"}],"version-history":[{"count":4,"href":"https:\/\/toften.se\/toft2020\/wp-json\/wp\/v2\/pages\/5\/revisions"}],"predecessor-version":[{"id":425,"href":"https:\/\/toften.se\/toft2020\/wp-json\/wp\/v2\/pages\/5\/revisions\/425"}],"up":[{"embeddable":true,"href":"https:\/\/toften.se\/toft2020\/wp-json\/wp\/v2\/pages\/147"}],"wp:attachment":[{"href":"https:\/\/toften.se\/toft2020\/wp-json\/wp\/v2\/media?parent=5"}],"curies":[{"name":"wp","href":"https:\/\/api.w.org\/{rel}","templated":true}]}}