{"id":431,"date":"2020-11-30T13:43:26","date_gmt":"2020-11-30T12:43:26","guid":{"rendered":"http:\/\/toften.se\/toft2020\/?page_id=431"},"modified":"2020-12-01T10:08:04","modified_gmt":"2020-12-01T09:08:04","slug":"teknisk-beskrivning-toftvagen-4","status":"publish","type":"page","link":"https:\/\/toften.se\/toft2020\/teknisk-beskrivning-toftvagen-4\/","title":{"rendered":"&#8211; Teknisk beskrivning, Toftv\u00e4gen 4"},"content":{"rendered":"\n<h1 class=\"wp-block-heading\"><strong>H\u00e5kan \u00c5str\u00f6m 2018<\/strong><\/h1>\n\n\n\n<p>Den 1 juni flyttade Elisabeth och jag in p\u00e5 Toftv\u00e4gen 4.<\/p>\n\n\n\n<p>I februari hade vi f\u00e5tt en f\u00f6rsta kontakt med Gadelius fastighetm\u00e4kleri och avslutade aff\u00e4ren i slutet av mars. Vi uppfattade d\u00e5 huset som relativt modernt, byggt 1964. Vid n\u00e4rmare eftertanke ins\u00e5g vi att v\u00e5rt tidigare hus i Djursholms Ekeby byggt 1924 varit 50 \u00e5r n\u00e4r vi flyttade in d\u00e4r 1974, v\u00e5rt \u201dnya\u201d hus hade hunnit bli 54 \u00e5r 2018. Detta innebar en n\u00e5got mer omfattande renovering \u00e4n vi f\u00f6rst t\u00e4nkt oss.<\/p>\n\n\n\n<p>S\u00e5som arkitekt, med framf\u00f6rallt mindre objekt och m\u00e5nga ombyggnadsuppdrag, tog jag med intresse del av de konstruktionshandlingar som finns betr. husen p\u00e5 Toftv\u00e4gen. Jag fann d\u00e5 att de \u00e4r uppf\u00f6rda med ett ca 6 cm tunt betongbj\u00e4lklag p\u00e5 betongbalkar, f\u00f6rutom i \u201dv\u00e5tdelen\u201d d\u00e4r bj\u00e4lklaget \u00e4r 30 cm tjockt. I ytterv\u00e4gg \u00e4r balkarna inv\u00e4ndigt isolerade mot underliggande kryputrymme.<\/p>\n\n\n\n<p>N\u00e4r jag utbildade mig p\u00e5 KTH mellan 1965 och 1970 fick vi l\u00e4ra oss att kryputrymmen alltid skulle vara ventilerade, men p\u00e5 Toftv\u00e4gshuset fann jag inga ventiler!? Det tunna betongbj\u00e4lklaget var dessutom oisolerat.<\/p>\n\n\n\n<p>Jag har nu insett att denna konstruktionsprincip var f\u00f6re sin tid, eftersom det idag \u00e4r just s\u00e5 h\u00e4r man konstruerar husgrunder med kryputrymmen. Den v\u00e4rme som produceras i huset skall \u00e4ven bidraga med viss uppv\u00e4rmning av krypgrunden, som mot utsidan s\u00e5ledes skall vara isolerad och ej vara ventilerad. Dock borde isoleringen ha suttit p\u00e5 utsidan f\u00f6r att undvika sk k\u00f6ldbryggor.<\/p>\n\n\n\n<p>Husen uppv\u00e4rmdes ursprungligen med oljepanna. P\u00e5 Toftv\u00e4gen 4, liksom 2 och 6-10, har vi en separat d\u00f6rr till pannrummet, med en rej\u00e4l ventil i. Denna beh\u00f6vdes f\u00f6r oljepannans drift, och kan med eldrift s\u00e4ttas igen. I pannrummet finns dessutom ett, genom bj\u00e4lklaget g\u00e5ende 70-r\u00f6r, som man kan fundera \u00f6ver. I kl\u00e4dkammarens golv finns en ventil som f\u00f6rbinder bostaden med kryputrymmet, var det kanske s\u00e5 att viss tilluft till pannan \u00e4ven skulle komma fr\u00e5n bostaden via kl\u00e4dkammaren? Med tanke p\u00e5 att man i v\u00e5ra handb\u00f6cker, t.ex. SVENSK BYGGNORM -67, f\u00f6reskrev att fr\u00e5nluft skulle ske i k\u00f6k bad och kl\u00e4dkammare, \u00e4r det troligt att s\u00e5 var tanken. N\u00e4r de flesta av oss numera har slopat oljepannan och ersatt den med el, har man tappat bort denna ventilation, ventilerna torde dock kunna vara kvar \u00e4ven om den ursprungliga funktionen ej fungerar. \u00c4ven sj\u00e4lvdraget fr\u00e5n sovrummen fungerar idag s\u00e4mre \u00e4n det ursprungligen var t\u00e4nkt eftersom pannskorstenen inte l\u00e4ngre \u00e4r uppv\u00e4rmd.<\/p>\n\n\n\n<p>Betr. vatten v\u00e4rme och sanitet hade den tidigare \u00e4garen provtryckt v\u00e4rmesystemet och bytt ut en d\u00e5lig radiator, i \u00f6vrigt var inga r\u00f6r bytta.<\/p>\n\n\n\n<p>V\u00e4rmer\u00f6ren \u00e4r f\u00f6rlagda i kryputrymmet vilket skapar viss uppv\u00e4rmning d\u00e4r, i kryputrymmet ligger ursprungligen \u00e4ven vattenr\u00f6ren f\u00f6r att sedan g\u00e5 upp genom bj\u00e4lklaget. Vatten och avloppsledningar \u00e4r ingjutna i det i \u201dv\u00e5tdelen\u201d 30 cm tjocka betongbj\u00e4lklaget.<\/p>\n\n\n\n<p>Vi ins\u00e5g att ett \u201dstambyte\u201d f\u00f6rr eller senare borde ske, och gjorde detta f\u00f6re inflyttning.<\/p>\n\n\n\n<p>Till skillnad fr\u00e5n tidigare har vi lagt vattenr\u00f6ren uppe i bostadsplanet, och avloppsr\u00f6ren nere i kryputrymmet. Genom att borra h\u00e5l i betongbj\u00e4lklaget, f\u00f6r resp anslutningspunkt, kunde vi p\u00e5 ett f\u00f6rh\u00e5llandevis enkelt s\u00e4tt g\u00f6ra utbytet av avloppsledningarna som numera h\u00e4nger i betongvalvet. Alternativet hade varit betongbilning vilket vi f\u00f6rkastade efter n\u00e5gra f\u00f6rs\u00f6k. N\u00e4rheten till pannrummet underl\u00e4ttade dragningen av vattenledningar, som numera ligger \u00e5tkomliga och inom det nya t\u00e4tskiktet.<\/p>\n\n\n\n<p>hakanastrom45@gmail.com<\/p>\n","protected":false},"excerpt":{"rendered":"<p>H\u00e5kan \u00c5str\u00f6m 2018 Den 1 juni flyttade Elisabeth och jag in p\u00e5 Toftv\u00e4gen 4. I februari hade vi f\u00e5tt en f\u00f6rsta kontakt med Gadelius fastighetm\u00e4kleri och avslutade aff\u00e4ren i slutet av mars. Vi uppfattade d\u00e5 huset som relativt modernt, byggt 1964. Vid n\u00e4rmare eftertanke ins\u00e5g vi att v\u00e5rt tidigare hus i Djursholms Ekeby byggt 1924 &hellip; <\/p>\n<p class=\"link-more\"><a href=\"https:\/\/toften.se\/toft2020\/teknisk-beskrivning-toftvagen-4\/\" class=\"more-link\">Forts\u00e4tt l\u00e4sa<span class=\"screen-reader-text\"> \u201d&#8211; Teknisk beskrivning, Toftv\u00e4gen 4\u201d<\/span><\/a><\/p>\n","protected":false},"author":1,"featured_media":0,"parent":0,"menu_order":0,"comment_status":"closed","ping_status":"closed","template":"","meta":{"_s2mail":"yes","footnotes":""},"class_list":["post-431","page","type-page","status-publish","hentry"],"_links":{"self":[{"href":"https:\/\/toften.se\/toft2020\/wp-json\/wp\/v2\/pages\/431","targetHints":{"allow":["GET"]}}],"collection":[{"href":"https:\/\/toften.se\/toft2020\/wp-json\/wp\/v2\/pages"}],"about":[{"href":"https:\/\/toften.se\/toft2020\/wp-json\/wp\/v2\/types\/page"}],"author":[{"embeddable":true,"href":"https:\/\/toften.se\/toft2020\/wp-json\/wp\/v2\/users\/1"}],"replies":[{"embeddable":true,"href":"https:\/\/toften.se\/toft2020\/wp-json\/wp\/v2\/comments?post=431"}],"version-history":[{"count":2,"href":"https:\/\/toften.se\/toft2020\/wp-json\/wp\/v2\/pages\/431\/revisions"}],"predecessor-version":[{"id":441,"href":"https:\/\/toften.se\/toft2020\/wp-json\/wp\/v2\/pages\/431\/revisions\/441"}],"wp:attachment":[{"href":"https:\/\/toften.se\/toft2020\/wp-json\/wp\/v2\/media?parent=431"}],"curies":[{"name":"wp","href":"https:\/\/api.w.org\/{rel}","templated":true}]}}