{"id":25,"date":"2014-11-13T20:07:52","date_gmt":"2014-11-13T20:07:52","guid":{"rendered":"http:\/\/toften.se\/toft2020\/bo-gard-kort-historik\/"},"modified":"2020-11-20T12:38:08","modified_gmt":"2020-11-20T11:38:08","slug":"bo-gard-kort-historik","status":"publish","type":"page","link":"https:\/\/toften.se\/toft2020\/husen-historia-underhall-mm\/bo-gard-kort-historik\/","title":{"rendered":"Bo g\u00e5rd &#8211; en kort historik"},"content":{"rendered":"<p>Bo g\u00e5rd var en av Liding\u00f6s \u00e4ldsta och st\u00f6rsta g\u00e5rdar. Av n\u00e4rliggande gravf\u00e4lt att d\u00f6ma var g\u00e5rden betydelsefull redan under f\u00f6rhistorisk tid och kallades ursprungligen Vikby, byn vid viken, Kyrkviken. Namnet Bo innebar att jarlens f\u00f6rvaltare i skeppslaget bodde h\u00e4r. G\u00e5rden omn\u00e4mns 1379 i samband med Riksdrotsen Bo Jonsson Grips f\u00f6rv\u00e4rv av Liding\u00f6.<\/p>\n<p>Byggnaderna fick 1777 sin nuvarande form av d\u00e5varande \u00e4garen Carl Pfeiff, officer i Gustav III:s tj\u00e4nst. Tv\u00e5 \u00e5r senare blev Bo s\u00e4teri, en skattebefriad g\u00e5rd.<\/p>\n<p>G\u00e5rdsanl\u00e4ggningen saknar en huvudbyggnad. V\u00e5rdtr\u00e4det p\u00e5 g\u00e5rdsplanen finns \u00e4nnu kvar. N\u00e5gra av frukttr\u00e4dg\u00e5rdens \u00e4ppeltr\u00e4d har bevarats s\u00f6der om byggnaderna. Av g\u00e5rdens ekonomibyggnader \u00e5terst\u00e5r idag en husbehovskvarn fr\u00e5n 1816, bel\u00e4gen p\u00e5 en villatomt vid Murarstigen. Jordbruket p\u00e5 Bo g\u00e5rd lades ned p\u00e5 1950-talet.<\/p>\n<p>G\u00e5rden \u00e4gs i dag av Liding\u00f6 stad som 1975 genomf\u00f6rde en omfattande renovering. En av flyglarna anv\u00e4nds som samlingslokal.<\/p>\n<p>Text:<br>Liding\u00f6 stad<br>Liding\u00f6 Hembygdsf\u00f6rening<\/p>\n<p>F\u00f6r mer information se <a href=\"https:\/\/sv.wikipedia.org\/wiki\/Bo_g%C3%A5rd\">h\u00e4r<\/a><\/p>\n<p><\/p>\n\n\n<figure class=\"wp-block-image size-large\"><img loading=\"lazy\" decoding=\"async\" width=\"900\" height=\"464\" src=\"http:\/\/toften.se\/toft2020\/wp-content\/uploads\/2020\/03\/Bo_gard_1915.jpg\" alt=\"\" class=\"wp-image-50\" srcset=\"https:\/\/toften.se\/toft2020\/wp-content\/uploads\/2020\/03\/Bo_gard_1915.jpg 900w, https:\/\/toften.se\/toft2020\/wp-content\/uploads\/2020\/03\/Bo_gard_1915-300x155.jpg 300w, https:\/\/toften.se\/toft2020\/wp-content\/uploads\/2020\/03\/Bo_gard_1915-768x396.jpg 768w\" sizes=\"auto, (max-width: 767px) 89vw, (max-width: 1000px) 54vw, (max-width: 1071px) 543px, 580px\" \/><figcaption>Bo g\u00e5rd 1915<\/figcaption><\/figure>\n\n\n\n<figure class=\"wp-block-image size-large\"><img loading=\"lazy\" decoding=\"async\" width=\"546\" height=\"370\" src=\"http:\/\/toften.se\/toft2020\/wp-content\/uploads\/2020\/03\/Bo-g\u00e5rd-innan-renovering-2.jpg\" alt=\"\" class=\"wp-image-51\" srcset=\"https:\/\/toften.se\/toft2020\/wp-content\/uploads\/2020\/03\/Bo-g\u00e5rd-innan-renovering-2.jpg 546w, https:\/\/toften.se\/toft2020\/wp-content\/uploads\/2020\/03\/Bo-g\u00e5rd-innan-renovering-2-300x203.jpg 300w\" sizes=\"auto, (max-width: 546px) 100vw, 546px\" \/><figcaption>Bo g\u00e5rd innan renovering<\/figcaption><\/figure>\n","protected":false},"excerpt":{"rendered":"<p>Bo g\u00e5rd var en av Liding\u00f6s \u00e4ldsta och st\u00f6rsta g\u00e5rdar. Av n\u00e4rliggande gravf\u00e4lt att d\u00f6ma var g\u00e5rden betydelsefull redan under f\u00f6rhistorisk tid och kallades ursprungligen Vikby, byn vid viken, Kyrkviken. Namnet Bo innebar att jarlens f\u00f6rvaltare i skeppslaget bodde h\u00e4r. G\u00e5rden omn\u00e4mns 1379 i samband med Riksdrotsen Bo Jonsson Grips f\u00f6rv\u00e4rv av Liding\u00f6. Byggnaderna fick &hellip; <\/p>\n<p class=\"link-more\"><a href=\"https:\/\/toften.se\/toft2020\/husen-historia-underhall-mm\/bo-gard-kort-historik\/\" class=\"more-link\">Forts\u00e4tt l\u00e4sa<span class=\"screen-reader-text\"> \u201dBo g\u00e5rd &#8211; en kort historik\u201d<\/span><\/a><\/p>\n","protected":false},"author":1,"featured_media":0,"parent":147,"menu_order":0,"comment_status":"closed","ping_status":"closed","template":"","meta":{"_s2mail":"yes","footnotes":""},"class_list":["post-25","page","type-page","status-publish","hentry"],"_links":{"self":[{"href":"https:\/\/toften.se\/toft2020\/wp-json\/wp\/v2\/pages\/25","targetHints":{"allow":["GET"]}}],"collection":[{"href":"https:\/\/toften.se\/toft2020\/wp-json\/wp\/v2\/pages"}],"about":[{"href":"https:\/\/toften.se\/toft2020\/wp-json\/wp\/v2\/types\/page"}],"author":[{"embeddable":true,"href":"https:\/\/toften.se\/toft2020\/wp-json\/wp\/v2\/users\/1"}],"replies":[{"embeddable":true,"href":"https:\/\/toften.se\/toft2020\/wp-json\/wp\/v2\/comments?post=25"}],"version-history":[{"count":3,"href":"https:\/\/toften.se\/toft2020\/wp-json\/wp\/v2\/pages\/25\/revisions"}],"predecessor-version":[{"id":167,"href":"https:\/\/toften.se\/toft2020\/wp-json\/wp\/v2\/pages\/25\/revisions\/167"}],"up":[{"embeddable":true,"href":"https:\/\/toften.se\/toft2020\/wp-json\/wp\/v2\/pages\/147"}],"wp:attachment":[{"href":"https:\/\/toften.se\/toft2020\/wp-json\/wp\/v2\/media?parent=25"}],"curies":[{"name":"wp","href":"https:\/\/api.w.org\/{rel}","templated":true}]}}