{"id":16,"date":"2012-02-06T23:00:00","date_gmt":"2012-02-06T23:00:00","guid":{"rendered":"http:\/\/toften.se\/toft2020\/allman-information\/"},"modified":"2024-09-20T10:30:11","modified_gmt":"2024-09-20T08:30:11","slug":"allman-information","status":"publish","type":"page","link":"https:\/\/toften.se\/toft2020\/allman-information\/","title":{"rendered":"Allm\u00e4n information"},"content":{"rendered":"<p>Hemsidan \u00e4r till f\u00f6r aktuella inl\u00e4gg fr\u00e5n Grannsamverkan (mest d\u00e5 polisens statusrapportering), f\u00f6r att ber\u00e4tta lite om Toftv\u00e4gens historia, ge\u00a0 lite r\u00e5d och en del annat.<\/p>\n<p>Sidan har inte uppdaterats p\u00e5 l\u00e4nge, eftersom kommunpolisen \u00e4ndrat utskicksmetod och jag ist\u00e4llet anv\u00e4nt e-mail f\u00f6r uts\u00e4ndning. Ska dock f\u00f6rs\u00f6ka f\u00e5 \u00f6ver Coyards-informationen till hemsidan ocks\u00e5. <em>Torkel i september 2024<\/em><\/p>\n\n\n<p><a href=\"http:\/\/toften.se\/toft2020\/2020\/03\/15\/grannsamverkan-handelserapporter\/\" target=\"_blank\" rel=\"noreferrer noopener\" aria-label=\" (opens in a new tab)\">Aktuell information fr\u00e5n kommunpolisen!<\/a><\/p>\n\n\n\n<p><\/p>\n","protected":false},"excerpt":{"rendered":"<p>Hemsidan \u00e4r till f\u00f6r aktuella inl\u00e4gg fr\u00e5n Grannsamverkan (mest d\u00e5 polisens statusrapportering), f\u00f6r att ber\u00e4tta lite om Toftv\u00e4gens historia, ge\u00a0 lite r\u00e5d och en del annat. Sidan har inte uppdaterats p\u00e5 l\u00e4nge, eftersom kommunpolisen \u00e4ndrat utskicksmetod och jag ist\u00e4llet anv\u00e4nt e-mail f\u00f6r uts\u00e4ndning. Ska dock f\u00f6rs\u00f6ka f\u00e5 \u00f6ver Coyards-informationen till hemsidan ocks\u00e5. Torkel i september &hellip; <\/p>\n<p class=\"link-more\"><a href=\"https:\/\/toften.se\/toft2020\/allman-information\/\" class=\"more-link\">Forts\u00e4tt l\u00e4sa<span class=\"screen-reader-text\"> \u201dAllm\u00e4n information\u201d<\/span><\/a><\/p>\n","protected":false},"author":1,"featured_media":0,"parent":0,"menu_order":0,"comment_status":"closed","ping_status":"closed","template":"","meta":{"_s2mail":"yes","footnotes":""},"class_list":["post-16","page","type-page","status-publish","hentry"],"_links":{"self":[{"href":"https:\/\/toften.se\/toft2020\/wp-json\/wp\/v2\/pages\/16","targetHints":{"allow":["GET"]}}],"collection":[{"href":"https:\/\/toften.se\/toft2020\/wp-json\/wp\/v2\/pages"}],"about":[{"href":"https:\/\/toften.se\/toft2020\/wp-json\/wp\/v2\/types\/page"}],"author":[{"embeddable":true,"href":"https:\/\/toften.se\/toft2020\/wp-json\/wp\/v2\/users\/1"}],"replies":[{"embeddable":true,"href":"https:\/\/toften.se\/toft2020\/wp-json\/wp\/v2\/comments?post=16"}],"version-history":[{"count":14,"href":"https:\/\/toften.se\/toft2020\/wp-json\/wp\/v2\/pages\/16\/revisions"}],"predecessor-version":[{"id":551,"href":"https:\/\/toften.se\/toft2020\/wp-json\/wp\/v2\/pages\/16\/revisions\/551"}],"wp:attachment":[{"href":"https:\/\/toften.se\/toft2020\/wp-json\/wp\/v2\/media?parent=16"}],"curies":[{"name":"wp","href":"https:\/\/api.w.org\/{rel}","templated":true}]}}