{"id":15,"date":"2014-11-12T10:21:23","date_gmt":"2014-11-12T10:21:23","guid":{"rendered":"http:\/\/toften.se\/toft2020\/2014\/11\/12\/loves-tal\/"},"modified":"2020-03-13T21:18:00","modified_gmt":"2020-03-13T21:18:00","slug":"loves-tal","status":"publish","type":"page","link":"https:\/\/toften.se\/toft2020\/toftvagen-50-ar\/loves-tal\/","title":{"rendered":"Loves tal"},"content":{"rendered":"<p>NEDSLAG I TOFTV\u00c4GENS HISTORIA MED ANLEDNING AV TREVLIGT 50-\u00c5RS JUBILEUM<br \/>\nF\u00f6r 50 \u00e5r sedan bodde det bara barnfamiljer p\u00e5 Toftv\u00e4gen.<br \/>\nArkitekterna Ancker, Gate och Lindegren ritade husen och bosatte sig sj\u00e4lva h\u00e4r. Marianne Rosenbergs mamma, Eva Lorenz var f\u00f6rutom m\u00e4klare, spindeln i n\u00e4tet under projekteringen och h\u00f6ll i samarbetet med Liding\u00f6 Kommun.<br \/>\nNyinflyttade arkitekter har under resans g\u00e5ng haft olika meningar och uppfattningar om estetiska sp\u00f6rsm\u00e5l i samband med sk\u00f6tsel och underh\u00e5ll av m\u00e5lade och slammade ytor.<br \/>\nEfter ett antal intensiva id\u00e9m\u00f6ten om fasadf\u00e4rger enades man, efter mycken gr\u00e5t och tandagnissel fr\u00e5n ej tillfr\u00e5gade familjemedlemmar, om att VITT nog var den f\u00e4rg man skulle satsa p\u00e5. D v s samma f\u00e4rg som ursprungsarkitekterna hade f\u00f6reslagit.<br \/>\nMarianne undrade 1968 varf\u00f6r, man inte kunde satsa p\u00e5 en eller h\u00f6gst tv\u00e5 gr\u00e4sklippare och en gemensam redskapsbod f\u00f6r gatans sm\u00e5 t\u00e4ppor. Id\u00e9n ans\u00e5gs dock alltf\u00f6r kolchosig f\u00f6r att platsa hos nyblivna hemmans\u00e4gare, som ville markera sitt utanf\u00f6rskap relativt vad som h\u00e4nde i samband med 68 -r\u00f6relsen och dess politiska \u00f6vertygelse.<br \/>\nI samband med att markarbetet mot \u00e4ngen skulle p\u00e5b\u00f6rjas och d\u00e4r det nu finns en plan f\u00f6r b\u00e5de fotbollsplan och ishockey, f\u00f6reslog Marianne kommunen att man borde bygga en pool f\u00f6r Toftv\u00e4gens fastighets\u00e4gare. Det visade sig dock vara en alltf\u00f6r blandekonomisk id\u00e9.<br \/>\nInspirerad av almbr\u00e5ket i Stockholm 1971 ville Toftv\u00e4gens kvinnor r\u00e4dda \u00e4ppeltr\u00e4den, som bildade pampig 1700-talsall\u00e9 utanf\u00f6r huset vi bes\u00f6ker idag. De k\u00e4nde sig manade att starta ett \u00c4ppelkrig och utlovade aktioner, som omfattade fastkedjning av dem sj\u00e4lva samt \u00f6vernattning i h\u00e4ngmattor fastsurrade p\u00e5 h\u00f6g h\u00f6jd utefter Gr\u00f6nstav\u00e4gen.<br \/>\nKommunens f\u00f6rsvar f\u00f6r neds\u00e5gning var grumligt och illa genomt\u00e4nkt. \u201dVi klarar inte att sk\u00f6ta \u00e4ppeltr\u00e4den p\u00e5 r\u00e4tt s\u00e4tt\u201d, sa de \u201dvi m\u00e5ste t\u00e4nka p\u00e5 milj\u00f6n.\u201d Jaha, t\u00e4nkte \u00e4ppelkrigarna vad tror ni vi g\u00f6r d\u00e5?<br \/>\nVid inflyttningen 1964 kom hemmamammorna med sina barn, som senare blev lek- och skolkamrater. De hade en trygg uppv\u00e4xtmilj\u00f6, d\u00e4r det alltid fanns n\u00e5gon vuxen hemma och d\u00e4r det var OK att g\u00e5 hem och mumsa p\u00e5 varandras saft &amp; bullar .<br \/>\nAtt det fanns en skola alldeles intill fastigheterna har varit och \u00e4r fortfarande en tillg\u00e5ng. Antalet fotbollar och glada skrik, som s\u00f6ker sig in i v\u00e5ra tr\u00e4dg\u00e5rdar blir vitaliserande p\u00e5minnelser om att vi alla varit sm\u00e5. D\u00e4remot kan man ha synpunkter p\u00e5 barnens bilh\u00e4mtande f\u00f6r\u00e4ldrar och deras oh\u00e4mmade behov av att parkera bilarna s\u00e5 n\u00e4ra skolb\u00e4nkarna som m\u00f6jligt. Kommunens P-regler finns inte i deras sinnesv\u00e4rld.<br \/>\nN\u00e4r barnen s\u00e5 sm\u00e5ningom s\u00e5g ut att b\u00f6rja klara sig sj\u00e4lva b\u00f6rjade det s\u00e5 sm\u00e5tt pingla i frihetsklockorna. Nu var det dags f\u00f6r Toftv\u00e4gens mammor att vidareutbilda sig och ge sig ut p\u00e5 arbetsmarknaden. Det fanns gott om b\u00e5de IQ och<br \/>\nstudiebeg\u00e5vningar p\u00e5 gatan. Det var h\u00e4r p\u00e5 Toftv\u00e4gen som Kvinnor Kan s\u00e5g dagens ljus.<br \/>\nUnder \u00e5ren som g\u00e5tt har b\u00e5de hus och hus\u00e4gare blivit K-m\u00e4rkta utan att kommunen kan f\u00f6rklara varf\u00f6r.<br \/>\nMen det b\u00f6r p\u00e5pekas att det endast \u00e4r ni som bott h\u00e4r i 50 \u00e5r, som kan r\u00e4kna med att bli firade utan att bli sk\u00f6ntaxerade.<br \/>\nF\u00e5r jag be er som burit och b\u00e4r kulturen sedan 1964 b\u00e4rare st\u00e5 upp! Det \u00e4r ni som blir f\u00f6rsta besv\u00e4rsinstans f\u00f6r alla nyp\u00e5stigna, som beh\u00f6ver hj\u00e4lp att leva upp till Toftv\u00e4gens stolta motto:<\/p>\n<p>Don`t ask what Toftv\u00e4gen can do for you, ask what you can do for Toftv\u00e4gen!<\/p>\n<p>L\u00e5t oss alla utbringa en sk\u00e5l f\u00f6r Per, Jennie och Barbro och tacka f\u00f6r deras engagerade och idoga insats att samla oss till denna stillsamma, men likafullt angel\u00e4gna jubileumsfest.<\/p>\n<p>SK\u00c5L!<\/p>\n<p>F\u00f6r gatans och granns\u00e4mjans skull<br \/>\nLove Lundquist, Toftv\u00e4gen 20.<\/p>\n","protected":false},"excerpt":{"rendered":"<p>NEDSLAG I TOFTV\u00c4GENS HISTORIA MED ANLEDNING AV TREVLIGT 50-\u00c5RS JUBILEUM F\u00f6r 50 \u00e5r sedan bodde det bara barnfamiljer p\u00e5 Toftv\u00e4gen. Arkitekterna Ancker, Gate och Lindegren ritade husen och bosatte sig sj\u00e4lva h\u00e4r. Marianne Rosenbergs mamma, Eva Lorenz var f\u00f6rutom m\u00e4klare, spindeln i n\u00e4tet under projekteringen och h\u00f6ll i samarbetet med Liding\u00f6 Kommun. Nyinflyttade arkitekter har &hellip; <\/p>\n<p class=\"link-more\"><a href=\"https:\/\/toften.se\/toft2020\/toftvagen-50-ar\/loves-tal\/\" class=\"more-link\">Forts\u00e4tt l\u00e4sa<span class=\"screen-reader-text\"> \u201dLoves tal\u201d<\/span><\/a><\/p>\n","protected":false},"author":1,"featured_media":0,"parent":14,"menu_order":0,"comment_status":"open","ping_status":"open","template":"","meta":{"_s2mail":"","footnotes":""},"class_list":["post-15","page","type-page","status-publish","hentry"],"_links":{"self":[{"href":"https:\/\/toften.se\/toft2020\/wp-json\/wp\/v2\/pages\/15","targetHints":{"allow":["GET"]}}],"collection":[{"href":"https:\/\/toften.se\/toft2020\/wp-json\/wp\/v2\/pages"}],"about":[{"href":"https:\/\/toften.se\/toft2020\/wp-json\/wp\/v2\/types\/page"}],"author":[{"embeddable":true,"href":"https:\/\/toften.se\/toft2020\/wp-json\/wp\/v2\/users\/1"}],"replies":[{"embeddable":true,"href":"https:\/\/toften.se\/toft2020\/wp-json\/wp\/v2\/comments?post=15"}],"version-history":[{"count":1,"href":"https:\/\/toften.se\/toft2020\/wp-json\/wp\/v2\/pages\/15\/revisions"}],"predecessor-version":[{"id":107,"href":"https:\/\/toften.se\/toft2020\/wp-json\/wp\/v2\/pages\/15\/revisions\/107"}],"up":[{"embeddable":true,"href":"https:\/\/toften.se\/toft2020\/wp-json\/wp\/v2\/pages\/14"}],"wp:attachment":[{"href":"https:\/\/toften.se\/toft2020\/wp-json\/wp\/v2\/media?parent=15"}],"curies":[{"name":"wp","href":"https:\/\/api.w.org\/{rel}","templated":true}]}}