{"id":145,"date":"2020-03-16T09:32:55","date_gmt":"2020-03-16T08:32:55","guid":{"rendered":"http:\/\/toften.se\/toft2020\/?page_id=145"},"modified":"2020-11-30T16:05:04","modified_gmt":"2020-11-30T15:05:04","slug":"fargsattning-mm","status":"publish","type":"page","link":"https:\/\/toften.se\/toft2020\/husen-historia-underhall-mm\/fargsattning-mm\/","title":{"rendered":"F\u00e4rgs\u00e4ttning mm"},"content":{"rendered":"\n<p>Det f\u00e4rgs\u00e4ttningsf\u00f6rslag som gavs 2005 nedan har blivit obsolet, s\u00e5 h\u00e4r skriver H\u00e5kan \u00c5str\u00f6m, Toftv\u00e4gen 4:<\/p>\n\n\n\n<p>&#8220;&#8230; N\u00e4r jag i somras skulle kompletteringsm\u00e5la mina utbytta br\u00e4dor \u00f6ver  garaged\u00f6rren f\u00f6rs\u00f6kte jag f\u00f6lja instruktionen, och f\u00e5 f\u00e4rgansvarig i  j\u00e4rnaff\u00e4ren att blanda NCS 2502-G och 2502-Y eftersom 2502-G50Y  fortfarande inte finns i sortimentet. Detta gick inte, ny personal? utan  jag l\u00e5nade en apparat som l\u00e4ste av f\u00e4rgen, med resultat att det blev en  annan kul\u00f6r. Jag f\u00f6resl\u00e5r d\u00e4rf\u00f6r att vi \u00e4ndrar texten:  Kul\u00f6ren \u00e4r s\u00e5ledes fortfarande 2502-G50Y och erh\u00e5lles genom att man till  en viss m\u00e4ngd basf\u00e4rg tills\u00e4tter 50% av kul\u00f6rtillsatsen f\u00f6r NCS2502-G  och 50% av kul\u00f6rtillsatsen f\u00f6r NCS2502-Y. P\u00e5 det h\u00e4r s\u00e4ttet blir det  enklare n\u00e4r vi k\u00f6per f\u00e4rg, och st\u00f6rre chans att vi ser lika ut!&#8221;<\/p>\n\n\n\n<p><\/p>\n\n\n\n<h3 class=\"wp-block-heading\" id=\"page-title\">F\u00e4rgs\u00e4ttningsf\u00f6rslag 2005        <\/h3>\n\n\n\n<p> Inlagt av torkel tis, 2012-01-10 18:47               <\/p>\n\n\n\n<p>Vi\n lovade att \u00e5terkomma med kul\u00f6rer och har nu ett f\u00f6rslag framme. Det \u00e4r \nframtaget med stor \u00f6ppenhet och m\u00e5nga har deltagit med inspirerande \nsynpunkter. N\u00e5gra har uttalat avst\u00e5tt fr\u00e5n att tycka.<br>\nV\u00e5r str\u00e4van har varit att hitta kul\u00f6rer som ligger n\u00e4ra de ursprungliga \noch som de flesta kan t\u00e4nka sig anv\u00e4nda vid n\u00e4sta omm\u00e5lning. \nUppfattningarna om hur det s\u00e5g ut fr\u00e5n b\u00f6rjan g\u00e5r starkt is\u00e4r, portarna \nhar till exempel genom \u00e5ren m\u00e5lats allt m\u00f6rkare i den nedre delen av \ngatan och ljusare l\u00e4ngre upp. Vindskivorna p\u00e5 A- och L-husen (j\u00e4mna \nnummer) hade fr\u00e5n b\u00f6rjan en tydlig kontrast mot portarna som efterhand \nhar minskat.<\/p>\n\n\n\n<p><em>Portar<\/em><br>\nF\u00f6r portarna f\u00f6resl\u00e5r vi en kul\u00f6r som best\u00e5r av lika delar S2502-G \n(gr\u00f6naktigt gr\u00e5) och S2502-Y (gulaktigt gr\u00e5). F\u00e4rgen borde heta \nS2502-G50Y, men finns (\u00e4nnu) inte i f\u00e4rghandelns receptdatabas. D\u00e4remot \nhar vi f\u00e5tt hj\u00e4lp hos Liding\u00f6 Nya J\u00e4rn&amp;F\u00e4rg att notera \nbrytningsreceptet f\u00f6r 1- resp. 2,5-litersburk, s\u00e5 man slipper att sj\u00e4lv \nblanda. Recepten g\u00e4ller Nordsj\u00f6 F\u00f6nsterf\u00e4rg. Porten p\u00e5 nr 9 \u00e4r m\u00e5lad \nenligt denna rekommendation.<\/p>\n\n\n\n<p><em>Vindskivor\/takomfattning<\/em><br>\nSamma kul\u00f6r som portarna, men ett steg ljusare, S2002-G50Y. M\u00e5las helst \nmed matt f\u00e4rg. Eventuellt kan den sneda undersidan av takspr\u00e5nget m\u00e5las \nett steg ljusare \u00e4nd\u00e5, S1502-G50Y, eftersom det alltid ligger i skugga.<\/p>\n\n\n\n<p><em>Murar<\/em><br>\nEn grundregel n\u00e4r det g\u00e4ller reparation och komplettering av mur och \nputs \u00e4r att anv\u00e4nda samma sorts material som det befintliga. Det betyder\n f\u00f6r v\u00e5r del en mineralisk putsf\u00e4rg, helt \u00f6ppen f\u00f6r fukttransport.<br>\nDet finns, som alternativ, i f\u00e4rghandeln ocks\u00e5 olika organiska f\u00e4rgtyper\n (alkyd, akrylat, etc) f\u00f6r m\u00e5lning p\u00e5 mur och n\u00e5gra av husen p\u00e5 \nToftv\u00e4gen \u00e4r kompletteringsm\u00e5lade med hyggligt resultat. Dock \nrekommenderar f\u00e4rghandeln numera silikatf\u00e4rg i f\u00f6rsta hand.<br>\nVi h\u00e5ller emellertid den mineraliska putsf\u00e4rgen f\u00f6r att vara den \ns\u00e4kraste behandlingen och ge den vackraste ytan och vill rekommendera \n&#8220;CD-f\u00e4rg SERPO 242&#8221; fr\u00e5n MAXIT. Det var ocks\u00e5 CD-f\u00e4rg som anv\u00e4ndes vid \nden gemensamma reparationsm\u00e5lningen som genomf\u00f6rdes 1992 med gott \nresultat. Vi har med hj\u00e4lp av MAXITs f\u00e4rglabb f\u00e5tt fram olika nyanser \nf\u00f6r provm\u00e5lning och kommit fram till en kul\u00f6r nr <strong>19606<\/strong> \nsom vi tror ska balansera olika ljusf\u00f6rh\u00e5llanden och viss nedsmutsning. \nG\u00e5r att se i full skala p\u00e5 nummer 15 d\u00e4r Per Lars\u00e9n har m\u00e5lat ett \nflertal v\u00e4ggar.<br>\nCD-f\u00e4rgen levereras som pulver i s\u00e4ckar om 20 kg och l\u00f6ses upp i vatten.\n Per bist\u00e5r g\u00e4rna med tips om hur den blandas och appliceras. F\u00e4rgen \nbest\u00e4lls hos Sverag Byggmaterial 08\/6450044 (<a href=\"http:\/\/www.swerag.se\">www.swerag.se<\/a>) eller Beijer Byggmaterial  08\/6365090 (<a href=\"http:\/\/www.beijerbygg.se\/\">www.beijerbygg.se\/<\/a>)\n och kostar c:a 1000:-\/s\u00e4ck. Det r\u00e4cker till 30 kvm vid tv\u00e5 strykningar.\n Minsta best\u00e4llning \u00e4r tv\u00e5 s\u00e4ckar, vilket kanske leder till visst \nsamk\u00f6p.<\/p>\n\n\n\n<p>2005-09-05<br>\nPer Lars\u00e9n, Nils Berlin, Folke Mandelius, Henning Gj\u00f6rup<\/p>\n","protected":false},"excerpt":{"rendered":"<p>Det f\u00e4rgs\u00e4ttningsf\u00f6rslag som gavs 2005 nedan har blivit obsolet, s\u00e5 h\u00e4r skriver H\u00e5kan \u00c5str\u00f6m, Toftv\u00e4gen 4: &#8220;&#8230; N\u00e4r jag i somras skulle kompletteringsm\u00e5la mina utbytta br\u00e4dor \u00f6ver garaged\u00f6rren f\u00f6rs\u00f6kte jag f\u00f6lja instruktionen, och f\u00e5 f\u00e4rgansvarig i j\u00e4rnaff\u00e4ren att blanda NCS 2502-G och 2502-Y eftersom 2502-G50Y fortfarande inte finns i sortimentet. Detta gick inte, ny personal? &hellip; <\/p>\n<p class=\"link-more\"><a href=\"https:\/\/toften.se\/toft2020\/husen-historia-underhall-mm\/fargsattning-mm\/\" class=\"more-link\">Forts\u00e4tt l\u00e4sa<span class=\"screen-reader-text\"> \u201dF\u00e4rgs\u00e4ttning mm\u201d<\/span><\/a><\/p>\n","protected":false},"author":1,"featured_media":0,"parent":147,"menu_order":0,"comment_status":"closed","ping_status":"closed","template":"","meta":{"_s2mail":"yes","footnotes":""},"class_list":["post-145","page","type-page","status-publish","hentry"],"_links":{"self":[{"href":"https:\/\/toften.se\/toft2020\/wp-json\/wp\/v2\/pages\/145","targetHints":{"allow":["GET"]}}],"collection":[{"href":"https:\/\/toften.se\/toft2020\/wp-json\/wp\/v2\/pages"}],"about":[{"href":"https:\/\/toften.se\/toft2020\/wp-json\/wp\/v2\/types\/page"}],"author":[{"embeddable":true,"href":"https:\/\/toften.se\/toft2020\/wp-json\/wp\/v2\/users\/1"}],"replies":[{"embeddable":true,"href":"https:\/\/toften.se\/toft2020\/wp-json\/wp\/v2\/comments?post=145"}],"version-history":[{"count":4,"href":"https:\/\/toften.se\/toft2020\/wp-json\/wp\/v2\/pages\/145\/revisions"}],"predecessor-version":[{"id":440,"href":"https:\/\/toften.se\/toft2020\/wp-json\/wp\/v2\/pages\/145\/revisions\/440"}],"up":[{"embeddable":true,"href":"https:\/\/toften.se\/toft2020\/wp-json\/wp\/v2\/pages\/147"}],"wp:attachment":[{"href":"https:\/\/toften.se\/toft2020\/wp-json\/wp\/v2\/media?parent=145"}],"curies":[{"name":"wp","href":"https:\/\/api.w.org\/{rel}","templated":true}]}}