{"id":14,"date":"2014-11-10T18:19:56","date_gmt":"2014-11-10T18:19:56","guid":{"rendered":"http:\/\/toften.se\/toft2020\/2014\/11\/10\/toftvagen-50-ar\/"},"modified":"2020-03-13T21:30:02","modified_gmt":"2020-03-13T21:30:02","slug":"toftvagen-50-ar","status":"publish","type":"page","link":"https:\/\/toften.se\/toft2020\/toftvagen-50-ar\/","title":{"rendered":"Toftv\u00e4gen 50 \u00e5r"},"content":{"rendered":"<p>Den 9 november 2014 intogs en jubileumslunch p\u00e5 Bo G\u00e5rd med anledning av att den f\u00f6rsta inflyttningen till gatan skedde under h\u00f6sten 1964. 17 av 18 hus var representerade. H\u00e4lften av husen finns fortfarande i samma familjers \u00e4go. M\u00e5nga utflugna &#8220;barn&#8221; ansl\u00f6t ocks\u00e5. Total 37 personer var med.<br \/>Bild\u00a0 fr\u00e5n lunchen.<br \/><br \/><\/p>\n\n\n<h2 class=\"wp-block-heading\"><a href=\"http:\/\/toften.se\/toft2020\/toftvagen-50-ar\/loves-tal\/\">Loves tal<\/a><\/h2>\n\n\n\n<p><\/p>\n","protected":false},"excerpt":{"rendered":"<p>Den 9 november 2014 intogs en jubileumslunch p\u00e5 Bo G\u00e5rd med anledning av att den f\u00f6rsta inflyttningen till gatan skedde under h\u00f6sten 1964. 17 av 18 hus var representerade. H\u00e4lften av husen finns fortfarande i samma familjers \u00e4go. M\u00e5nga utflugna &#8220;barn&#8221; ansl\u00f6t ocks\u00e5. Total 37 personer var med.Bild\u00a0 fr\u00e5n lunchen. Loves tal<\/p>\n","protected":false},"author":1,"featured_media":13,"parent":0,"menu_order":0,"comment_status":"open","ping_status":"open","template":"","meta":{"_s2mail":"","footnotes":""},"class_list":["post-14","page","type-page","status-publish","has-post-thumbnail","hentry"],"_links":{"self":[{"href":"https:\/\/toften.se\/toft2020\/wp-json\/wp\/v2\/pages\/14","targetHints":{"allow":["GET"]}}],"collection":[{"href":"https:\/\/toften.se\/toft2020\/wp-json\/wp\/v2\/pages"}],"about":[{"href":"https:\/\/toften.se\/toft2020\/wp-json\/wp\/v2\/types\/page"}],"author":[{"embeddable":true,"href":"https:\/\/toften.se\/toft2020\/wp-json\/wp\/v2\/users\/1"}],"replies":[{"embeddable":true,"href":"https:\/\/toften.se\/toft2020\/wp-json\/wp\/v2\/comments?post=14"}],"version-history":[{"count":2,"href":"https:\/\/toften.se\/toft2020\/wp-json\/wp\/v2\/pages\/14\/revisions"}],"predecessor-version":[{"id":109,"href":"https:\/\/toften.se\/toft2020\/wp-json\/wp\/v2\/pages\/14\/revisions\/109"}],"wp:featuredmedia":[{"embeddable":true,"href":"https:\/\/toften.se\/toft2020\/wp-json\/wp\/v2\/media\/13"}],"wp:attachment":[{"href":"https:\/\/toften.se\/toft2020\/wp-json\/wp\/v2\/media?parent=14"}],"curies":[{"name":"wp","href":"https:\/\/api.w.org\/{rel}","templated":true}]}}