{"id":796,"date":"2023-02-09T17:44:54","date_gmt":"2023-02-09T17:44:54","guid":{"rendered":"https:\/\/toften.se\/Jolosallskapet\/?page_id=796"},"modified":"2023-02-28T11:56:12","modified_gmt":"2023-02-28T10:56:12","slug":"att-lasa","status":"publish","type":"page","link":"https:\/\/toften.se\/Jolosallskapet\/valkommen\/att-lasa\/","title":{"rendered":"Att l\u00e4sa"},"content":{"rendered":"<p>F\u00f6ljande \u00e4r ett axplock av Jolos texter, mest k\u00e5serier<\/p>\n<ul>\n<li><a href=\"https:\/\/toften.se\/Jolosallskapet\/wp-content\/uploads\/2023\/02\/Frankfurt590730.pdf\">Frankfurt 590730<\/a><\/li>\n<li><a href=\"https:\/\/toften.se\/Jolosallskapet\/wp-content\/uploads\/2023\/02\/Approcessen.pdf\">Approcessen<\/a><\/li>\n<li><a href=\"https:\/\/toften.se\/Jolosallskapet\/wp-content\/uploads\/2023\/02\/JoloKoar-1.pdf\">Jolo K\u00f6ar<\/a><\/li>\n<li><a href=\"https:\/\/toften.se\/Jolosallskapet\/wp-content\/uploads\/2023\/02\/Bandyfinalen-kunglig-dag-for-Svenne-B-1.pdf\">Bandyfinalen kunglig dag f\u00f6r Svenne B<\/a><\/li>\n<li><a href=\"https:\/\/toften.se\/Jolosallskapet\/wp-content\/uploads\/2023\/02\/DrinkarensHemkomst.docx\">Drinkarens hemkomst<\/a><\/li>\n<li><a href=\"https:\/\/toften.se\/Jolosallskapet\/wp-content\/uploads\/2023\/02\/Hallsberg.pdf\">Hallsberg<\/a><\/li>\n<li><a href=\"https:\/\/toften.se\/Jolosallskapet\/wp-content\/uploads\/2023\/02\/Hep-Stars-och-Irlands-kanoner-1.pdf\">Hep Stars och Irlands kanoner<\/a><\/li>\n<li><a href=\"https:\/\/toften.se\/Jolosallskapet\/wp-content\/uploads\/2023\/02\/I-gamla-kvarteret-1.pdf\">I gamla kvarteret<\/a><\/li>\n<li><a href=\"https:\/\/toften.se\/Jolosallskapet\/wp-content\/uploads\/2023\/02\/Jolo38.pdf\">Jolo 38<\/a><\/li>\n<li><a href=\"https:\/\/toften.se\/Jolosallskapet\/wp-content\/uploads\/2023\/02\/Jolo650330.pdf\">Jolo 650330<\/a><\/li>\n<li><a href=\"https:\/\/toften.se\/Jolosallskapet\/wp-content\/uploads\/2023\/02\/Jolo661127.pdf\">Jolo 661127<\/a><\/li>\n<li>&nbsp;<a href=\"https:\/\/toften.se\/Jolosallskapet\/wp-content\/uploads\/2023\/02\/Julberattelse-Dublin-1949.pdf\">Julber\u00e4ttelse <\/a><\/li>\n<li><a href=\"https:\/\/toften.se\/Jolosallskapet\/wp-content\/uploads\/2023\/02\/Julberattelse-Dublin-1949.pdf\">Dublin 1949<\/a><\/li>\n<li><a href=\"https:\/\/toften.se\/Jolosallskapet\/wp-content\/uploads\/2023\/02\/Julklappsskivan-DN-1957.pdf\">Julklappsskivan <\/a><\/li>\n<li><a href=\"https:\/\/toften.se\/Jolosallskapet\/wp-content\/uploads\/2023\/02\/Julklappsskivan-DN-1957.pdf\">DN 1957<\/a><\/li>\n<li><a href=\"https:\/\/toften.se\/Jolosallskapet\/wp-content\/uploads\/2023\/02\/Luntmakargatan.pdf\">Luntmakargatan<\/a><\/li>\n<li><a href=\"https:\/\/toften.se\/Jolosallskapet\/wp-content\/uploads\/2023\/02\/Sa-slapp-vi-krig-1974.pdf\">S\u00e5 slapp vi krig 1974<\/a><\/li>\n<li><a href=\"https:\/\/toften.se\/Jolosallskapet\/wp-content\/uploads\/2023\/02\/Stockholmaren-som-blev-HIFare-1.pdf\">Stockholmaren som blev HIFare<\/a><\/li>\n<li><a href=\"https:\/\/toften.se\/Jolosallskapet\/wp-content\/uploads\/2023\/02\/Val50.pdf\">Val50<\/a><\/li>\n<li><a href=\"https:\/\/toften.se\/Jolosallskapet\/wp-content\/uploads\/2023\/02\/Varen-pa-Luntmakargatan-.pdf\">V\u00e5ren p\u00e5 Luntmakargatan<\/a><\/li>\n<li><a href=\"https:\/\/toften.se\/Jolosallskapet\/wp-content\/uploads\/2023\/02\/Jolo-smaskrifter-nr-5-Lillibeth-lamnar-sitt-land.pdf\">Lillibeth l\u00e4mnar sitt land<\/a><\/li>\n<\/ul>\n<p>Annat:<br \/>\n<a href=\"https:\/\/toften.se\/Jolosallskapet\/wp-content\/uploads\/2023\/02\/P-O-Swartz-foredrag-om-Herman-Bang-1.pdf\">P-O Swartz f\u00f6redrag om Herman Bang<\/a><\/p>\n","protected":false},"excerpt":{"rendered":"<p>F\u00f6ljande \u00e4r ett axplock av Jolos texter, mest k\u00e5serier Frankfurt 590730 Approcessen Jolo K\u00f6ar Bandyfinalen kunglig dag f\u00f6r Svenne B Drinkarens hemkomst Hallsberg Hep Stars och Irlands kanoner I gamla kvarteret Jolo 38 Jolo 650330 Jolo 661127 &nbsp;Julber\u00e4ttelse Dublin 1949 Julklappsskivan DN 1957 Luntmakargatan S\u00e5 slapp vi krig 1974 Stockholmaren som blev HIFare Val50 V\u00e5ren [&hellip;]<\/p>\n","protected":false},"author":1,"featured_media":0,"parent":226,"menu_order":0,"comment_status":"closed","ping_status":"closed","template":"","meta":{"_et_pb_use_builder":"","_et_pb_old_content":"","_et_gb_content_width":"","_crdt_document":"","footnotes":""},"class_list":["post-796","page","type-page","status-publish","hentry"],"_links":{"self":[{"href":"https:\/\/toften.se\/Jolosallskapet\/wp-json\/wp\/v2\/pages\/796","targetHints":{"allow":["GET"]}}],"collection":[{"href":"https:\/\/toften.se\/Jolosallskapet\/wp-json\/wp\/v2\/pages"}],"about":[{"href":"https:\/\/toften.se\/Jolosallskapet\/wp-json\/wp\/v2\/types\/page"}],"author":[{"embeddable":true,"href":"https:\/\/toften.se\/Jolosallskapet\/wp-json\/wp\/v2\/users\/1"}],"replies":[{"embeddable":true,"href":"https:\/\/toften.se\/Jolosallskapet\/wp-json\/wp\/v2\/comments?post=796"}],"version-history":[{"count":8,"href":"https:\/\/toften.se\/Jolosallskapet\/wp-json\/wp\/v2\/pages\/796\/revisions"}],"predecessor-version":[{"id":1347,"href":"https:\/\/toften.se\/Jolosallskapet\/wp-json\/wp\/v2\/pages\/796\/revisions\/1347"}],"up":[{"embeddable":true,"href":"https:\/\/toften.se\/Jolosallskapet\/wp-json\/wp\/v2\/pages\/226"}],"wp:attachment":[{"href":"https:\/\/toften.se\/Jolosallskapet\/wp-json\/wp\/v2\/media?parent=796"}],"curies":[{"name":"wp","href":"https:\/\/api.w.org\/{rel}","templated":true}]}}