{"id":2957,"date":"2026-04-09T13:45:51","date_gmt":"2026-04-09T11:45:51","guid":{"rendered":"https:\/\/toften.se\/Jolosallskapet\/?page_id=2957"},"modified":"2026-04-28T13:06:00","modified_gmt":"2026-04-28T11:06:00","slug":"medlemsmote-2026-04-11","status":"publish","type":"page","link":"https:\/\/toften.se\/Jolosallskapet\/moten-och-evenmang\/medlemsmote-2026-04-11\/","title":{"rendered":"Medlemsm\u00f6te 2026-04-11"},"content":{"rendered":"\n<p class=\"wp-block-paragraph\"><a href=\"https:\/\/toften.se\/Jolosallskapet\/wp-content\/uploads\/2026\/04\/20260411-Kallelse-arsmote.pdf\">Se kallelse h\u00e4r<\/a><\/p>\n\n\n\n<p class=\"wp-block-paragraph\"><a href=\"https:\/\/toften.se\/Jolosallskapet\/wp-content\/uploads\/2026\/04\/20260411-Dagordning-arsmote.pdf\" data-type=\"attachment\" data-id=\"2963\">Dagordning<\/a><\/p>\n\n\n\n<p class=\"wp-block-paragraph\"><a href=\"https:\/\/toften.se\/Jolosallskapet\/wp-content\/uploads\/2026\/04\/20260411-2025-Verksamhetsberattelse-med-bokslut-och-ekonomikommentar.pdf\" data-type=\"attachment\" data-id=\"2962\">Verksamhetsber\u00e4ttelse<\/a><\/p>\n\n\n\n<p class=\"wp-block-paragraph\"><a href=\"https:\/\/toften.se\/Jolosallskapet\/wp-content\/uploads\/2026\/04\/20260411-Revisionsberattelse-JOLO-sallskapet-verksamhetsaret-2025.pdf\" data-type=\"attachment\" data-id=\"2967\">Revisionsber\u00e4ttelse<\/a><\/p>\n\n\n\n<p class=\"wp-block-paragraph\"><a href=\"https:\/\/toften.se\/Jolosallskapet\/wp-content\/uploads\/2026\/04\/20260411-Har-du-betalt-din-medlemsavgift.pdf\" data-type=\"attachment\" data-id=\"2965\">Har du betalt medlemsavgiften?<\/a><\/p>\n\n\n\n<figure class=\"wp-block-gallery has-nested-images columns-default is-cropped wp-block-gallery-1 is-layout-flex wp-block-gallery-is-layout-flex\">\n<figure class=\"wp-block-image size-large\"><img decoding=\"async\" width=\"700\" height=\"525\" data-id=\"2990\" src=\"https:\/\/toften.se\/Jolosallskapet\/wp-content\/uploads\/2026\/04\/LizaWilly-700x525.jpg\" alt=\"\" class=\"wp-image-2990\"\/><\/figure>\n\n\n\n<figure class=\"wp-block-image size-large\"><img decoding=\"async\" width=\"700\" height=\"525\" data-id=\"2989\" src=\"https:\/\/toften.se\/Jolosallskapet\/wp-content\/uploads\/2026\/04\/LizaVibeke-700x525.jpg\" alt=\"\" class=\"wp-image-2989\"\/><\/figure>\n\n\n\n<figure class=\"wp-block-image size-large\"><img decoding=\"async\" width=\"600\" height=\"800\" data-id=\"2988\" src=\"https:\/\/toften.se\/Jolosallskapet\/wp-content\/uploads\/2026\/04\/LizaJolo.jpg\" alt=\"\" class=\"wp-image-2988\" srcset=\"https:\/\/toften.se\/Jolosallskapet\/wp-content\/uploads\/2026\/04\/LizaJolo.jpg 600w, https:\/\/toften.se\/Jolosallskapet\/wp-content\/uploads\/2026\/04\/LizaJolo-480x640.jpg 480w\" sizes=\"(min-width: 0px) and (max-width: 480px) 480px, (min-width: 481px) 600px, 100vw\" \/><\/figure>\n\n\n\n<figure class=\"wp-block-image size-large\"><img decoding=\"async\" width=\"700\" height=\"933\" data-id=\"2987\" src=\"https:\/\/toften.se\/Jolosallskapet\/wp-content\/uploads\/2026\/04\/Liza-1-700x933.jpg\" alt=\"\" class=\"wp-image-2987\" srcset=\"https:\/\/toften.se\/Jolosallskapet\/wp-content\/uploads\/2026\/04\/Liza-1-700x933.jpg 700w, https:\/\/toften.se\/Jolosallskapet\/wp-content\/uploads\/2026\/04\/Liza-1-480x640.jpg 480w\" sizes=\"(min-width: 0px) and (max-width: 480px) 480px, (min-width: 481px) 700px, 100vw\" \/><\/figure>\n\n\n\n<figure class=\"wp-block-image size-large\"><img decoding=\"async\" width=\"700\" height=\"525\" data-id=\"2992\" src=\"https:\/\/toften.se\/Jolosallskapet\/wp-content\/uploads\/2026\/04\/Publik-700x525.jpg\" alt=\"\" class=\"wp-image-2992\" srcset=\"https:\/\/toften.se\/Jolosallskapet\/wp-content\/uploads\/2026\/04\/Publik-700x525.jpg 700w, https:\/\/toften.se\/Jolosallskapet\/wp-content\/uploads\/2026\/04\/Publik-480x360.jpg 480w\" sizes=\"(min-width: 0px) and (max-width: 480px) 480px, (min-width: 481px) 700px, 100vw\" \/><\/figure>\n<\/figure>\n\n\n\n<p class=\"wp-block-paragraph\">Situationsbilder fr\u00e5n m\u00f6tet, tagna av Hanne Fokdal Barnekow<\/p>\n\n\n\n<h2 class=\"wp-block-heading\"><a href=\"https:\/\/toften.se\/Jolosallskapet\/wp-content\/uploads\/2026\/04\/20260411-Medlemsmote.mp4\">Se Lasse Grahns inspelning av m\u00f6tet!<\/a><\/h2>\n\n\n\n<p class=\"wp-block-paragraph\"><\/p>\n","protected":false},"excerpt":{"rendered":"<p>Se kallelse h\u00e4r Dagordning Verksamhetsber\u00e4ttelse Revisionsber\u00e4ttelse Har du betalt medlemsavgiften? Situationsbilder fr\u00e5n m\u00f6tet, tagna av Hanne Fokdal Barnekow Se Lasse Grahns inspelning av m\u00f6tet!<\/p>\n","protected":false},"author":2,"featured_media":0,"parent":2783,"menu_order":0,"comment_status":"closed","ping_status":"closed","template":"","meta":{"_et_pb_use_builder":"off","_et_pb_old_content":"","_et_gb_content_width":"","_crdt_document":"{\"document\":\"AAD\/Apn0hKIO44Wk7QgmmfSEog6jhaTtCJn0hKIOo4Wk7QiZ9ISiDuOFpO0IAZn0hKIOo4Wk7QiZ9ISiDqOFpO0ImfSEog6jhaTtCJn0hKIO44Wk7QgA2fSEog5M44Wk7QgB2fSEog4F44Wk7QgD2fSEog4w44Wk7QgA2fSEog4So4Wk7QjZ9ISiDhqjhaTtCNn0hKIOEI6R1OwJ2fSEog4CjpHU7AmZ9ISiDo6R1OwJmfSEog6OkdTsCZn0hKIOjpHU7AmZ9ISiDo6R1OwJmfSEog6OkdTsCZn0hKIOjpHU7AmZ9ISiDs6R1OwJBJn0hKIOjpHU7AmZ9ISiDo6R1OwJmfSEog6OkdTsCZn0hKIOjpHU7AmZ9ISiDo6R1OwJmfSEog6OkdTsCZn0hKIOjpHU7AmZ9ISiDo6R1OwJ2fSEog4Ao4Wk7QjOkdTsCQaZ9ISiDs6R1OwJF9n0hKIOA46R1OwJ2fSEog4HzpHU7AkImfSEog7OkdTsCQHjhaTtCJ8BowO4RgQCAQmQBgQCBAMFCAbWSgMAuErwSgMBlEPQQwEBCAEBSAAUAQEIAQFIABQBAQgBAUgAFAEBCAEBSAAUAQEIAQAGRkjOAQhCAQEOCEIBAQ4GAQEOCEIBAQ4GAQGmSALWSgMAskoEAvBKAwGSJAaABQMACgIaAgQDATYGCLgBCBrOLDA0hEDyEwEBCABICswLhgUEKAY6sh\/yGfgugjAOTg4C1AUiqgEQugXcBJAFdCwILOwHsgkBAQgASMwHrgcDAAQCCAwDAcg3jDY61D0DAQoEBl4sAApWgAECCgMDnjrCOgEBCABIeL479DoEAuQCuALmAqoC4gKCAQwFAKQ7xAEEAvo5lDoEGgMA8DoW6gKOAqgCjjjwOqhLAu5ONAEBCloCQhKKAgEBCABICiLEAaILItQB2AqwDwEBCABIChhihAUBAQgASOoJIjKMEwMB8gq8CwgCShDgAQMB\/AqmGAEBCABIChwADnSiBgEBCABI3hOiHAMBwAm0CQUARAQy+Aq0DwEBCABI8AYDAS6UDAMKBgIEAwAWCAMBBNpOQqxOAokBkE0EAgQDBQgGAQEmAQJo1koDAbJKBPBKAwIBEewCviaGBQQoBjqKBw7SBSKYAwCcBDTQBfAztjwBBew8rDwBBvY8YgEBBgASAIIBCAwFAKQ7ZAQaAvQ6BhbqAq4DhgKIAewHkgFUkALQAoASwBKMDSKyFBzQAQMB8iGqLxjCMLY\/CgTEQII\/AwH7AygAqAEnACgCJwAoBsQUBwAhACgBJwAhACgAJwAoACcAhwAhACgBJwAhACgAJwAoACcAhwAhACgBJwAoAScAKAAnAIcAIQAoAScAIQAoACcAKAAnAIcAIQAoAScAIQAoACcAAQAhACcAqAEoA6gBKAOoACgDqAEoA6gAIQAoAsQLwQDEAMEAxADBAMQAwQDEAMEAxAHBAMQAwQDEAMEAxADBAMQAqALHACEAKAEnASgAJwABAMQFhAGBAsEBgQDBAagAhAHEAoQAxAHHACgCJwEoACcAhACBAIQAgQCEAIEAhAQhAKgABADBAMQAwQDEAMECxACEAcQAhADBAMQAwQDEAMEAxADBAMQAwQDHACgCJwEoACcAhADBAMQAwQDEAcEAxADBAMQFqAEoAIQAxAiEAMQBqAEhAicAAQAnASgEJwAhACgCJwABAAAAQQCEAAEAxACoAAAARwAoAicBKAAnAAQAgQCEAkQAhADHACgCJwEoACcABABEAIQAxwAoAicBKAAnAMQBhAQEAIQAgQCEAEQAxACEAMQDxwAoAicBKAAnAAQAhABEAMQAhADHACgCJwEoACcAhAQEAIEAhAFEAMQBhADHACEAKAAhACcAIQEnAMQDhACBAIQBgQCEB4EAhAKBAIQAgQCEAIEAhACBAIQAqAEoACEBoektjStzdGF0ZXZlcnNpb25pbWFnZXNpZHNuYXZpZ2F0aW9uQnV0dG9uVHlwZXNob3J0Q29kZVRyYW5zZm9ybXNjYXB0aW9uaW1hZ2VDcm9wcmFuZG9tT3JkZXJmaXhlZEhlaWdodHNpemVTbHVnYWxsb3dSZXNpemVhc3BlY3RSYXRpb2xpbmtUb2dsbGV5IHsibGlua1RvIjoibm9uZSJ9IC0tPgo8Zml1ZSBjbHNzPSJ3LWJsb2NrLWdhbGxlcnkgYXMtbmVzdGVkLWltYWdlc2NvbHVtbnNkZWZhdWx0IGlzY3JvcGVkImZpZ3VyZWxsZXJ5Y2xpZW50SWRpc1ZhbGlkbmFtZWF0dHJpYnV0ZXN1cmxhbHRjYXB0aW9uaWRpbm5lckJsb2Nrc2NsaWVudElkaXNWYWxpZG5hbWVhdHRyaWJ1dGVzdXJsYWx0Y2FwdGlvbmlkaW5uZXJCbG9ja3NjbGllbnRJZGlzVmFsaWRuYW1lYXR0cmlidXRlc3VybGFsdGNhcHRpb25pZGlubmVyQmxvY2tzY2xpZW50SWRpc1ZhbGlkbmFtZWF0dHJpYnV0ZXN1cmxhbHRjYXB0aW9uaWRpbm5lckJsb2Nrc2NsaWVudElkaXNWYWxpZG5hbWVhdHRyaWJ1dGVzdXJsYWx0Y2FwdGlvbmlkaW5uZXJCbG9ja3NsaW5rZnVsbFVybGxpbmtEZXN0aW5hdGlvbnNpemVTbHVnbGlua2Z1bGxVcmxsaW5rRGVzdGluYXRpb25zaXplU2x1Z2xpbmtmdWxsVXJsbGlua0Rlc3RpbmF0aW9uc2l6ZVNsdWdsaW5rZnVsbFVybGxpbmtEZXN0aW5hdGlvbnNpemVTbHVnbGlua2Z1bGxVcmxsaW5rRGVzdGluYXRpb25zaXplU2x1ZyEtLSB3cDppbWFnZSB7ImlkIjoyOTkwLCJzaXplU2x1ZyI6ImxhcmdlIiwibGlua0Rlc3RpbmF0aW9uIjoibm9uZSJ9IC0tPgo8ZmlndXJlIGNsYXNzPSJ3cC1ibG9jay1pbWFnZSBzaXplLWxhcmdlIj48aW1nIHNyYz0iaHR0cHM6L3RvdGVuLnNlL0pvbG9zYWxsc2thcGV0L3dwLWNvbnRlbnQvdXBsb2Fkcy8yMDI2LzA0L0x6YVdpbGx5LTcwMHg1MjUuanAiIGFsdD0iIiBjbGFzcz0id3AtaW1hZ2UtMjk5MCIvPjwvZmlnaW1hZSAtLT4KCjwhLS0gd3A6aW1nZSB7ImlkIjoyOTg5LCJzaXplU3VnIjoiYXJnIiwibGlua0Rlc3RpbmF0aW9uIjoibm9uZSJ9IC0tPgo8ZmlndWUgY2xhc3M9IndwLWJsb2NrLWltYWdlIHNpemUtbGFyZ2UiPjxpbWcgc3JjPSJodHRwczovL3RvZnRlbi5zZS9Kb2xvc2FsbHNrYXBldC93cC1jb250ZW50L3VwbG9hZHMvMjAyNi8wNC9MaXphVmliZWtlLTcwMHg1MjUuanBnIiBhbHQ9IiIgY2xhc3M9IndwLWltYWdlLTI5ODkiLz48L2ZpZ3VyZT4KPCEtLSAvd3A6aW1hZ2UgLS0+Cgo8IS0tIHdwOmltYWdlIHsiaWQiOjI5ODgsInNpemVTbHVnIjoibGFyZ2UiLCJsaW5rRGVzdGluYXRpb24iOiJub25lIn0gLS0+CjxmaWd1cmUgY2xhc3M9IndwLWJsb2NrLWltYWdlIHNpemUtbGFyZ2UiPjxpbWcgc3JjPSJodHRwczovL3RvZnRlbi5zZS9Kb2xvc2FsbHNrYXBldC93cC1jb250ZW50L3VwbG9hZHMvMjAyNi8wNC9MaXphSm9sby5qcGciIGFsdD0iIiBjbGFzcz0id3AtaW1hZ2UtMjk4OCIvPjwvZmlndXJlPgo8IS0tIC93cDppbWFnZSAtLT4KCjwhLS0gd3A6aW1hZ2UgeyJpZCI6Mjk4Nywic2l6ZVNsdWciOiJsYXJnZSIsImxpbmtEZXN0aW5hdGlvbiI6Im5vbmUifSAtLT4KPGZpZ3VyZSBjbGFzcz0id3AtYmxvY2staW1hZ2Ugc2l6ZS1sYXJnZSI+PGltZyBzcmM9Imh0dHBzOi8vdG9mdGVuLnNlL0pvbG9zYWxsc2thcGV0L3dwLWNvbnRlbnQvdXBsb2Fkcy8yMDI2LzA0L0xpemEtMS03MDB4OTMzLmpwZyIgYWx0PSIiIGNsYXNzPSJ3cC1pbWFnZS0yOTg3Ii8+PC9maWd1cmU+CjwhLS0gL3dwOmltYWdlIC0tPgoKPCEtLSB3cDppbWFnZSB7ImlkIjoyLCJzaXplU2x1ZyI6ImxhcmdlIiwibGlua0Rlc3RpbmF0aW9uIjoibm9uZSJ9IC0tPgo8ZmlndXJlIGNsYXNzPSJ3cC1ibG9jay1pbWFnZSBzaXplLWxhcmdlIj48aW1nIHNyYz0iaHR0cHM6Ly90b2Z0ZW4uc2UvSm9sb3NhbGxza2FwZXQvd3AtY29udGVudC91cGxvYWRzLzIwMjYvMC9saS5wZyIgYWx0PSIiIGNsYXNzPSJ3cC1pbWFnZS0yIi8+PC9maWd1cmU+CjwhLS0gL3dwOmltYWdlIC0tPjwvZmlndXJlPgo8IS0tIC93cDpnYWxsZXJjbGllbnRJZGlzVmFsaWRuYW1lYXR0cmlidXRlc2NvbnRlbnRkcm9wQ2FwaW5uZXJCbG9ja3M5OTI0UHViay03MDB4NTI1ajk5MgoKPCEtLSB3cDpwYXJhZ3JhcGggLS0+CjxwPjwvcD4KPCEtLSAvd3A6cGFyYWdyYXBoIC0tPlNpdHV0aW9uc2JpbGRlciBmcsOlbiBtw7Z0ZXRTaXR1dGlvbnNiaWxkZXIgZnLDpW4gbcO2dGV0YSwgdGFnbmEgYXYgSGFubmUgRm9rZGFsIEJhcm5la293YSwgdGFnbmEgYXYgSGFubmUgRm9rZGFsIEJhcm5la293Y2xpZW50SWRpc1ZhbGlkbmFtZWF0dHJpYnV0ZXNjb250ZW50ZHJvcENhcGlubmVyQmxvY2tzCgo8IS0tIHdwOmFnIC0tPgo8cD48L3A+CjwhLS0gL3dwOnBhcmFncmFwaCAtLT5zdGF0ZXZlcnNpb25TZSBMYXNzZSBHcmFobnMgIGEgaW5zcGVrbmluZyBsYXYgaG1lZGxlbXNtw7Z0ZXQhcGdhIGNsaWVudElkaXNWYWxpZG5hbWVhdHRyaWJ1dGVzY29udGVudGRyb3BDYXBpbm5lckJsb2Nrcy88Lz4KPCEtLS93cDpnLS0+Cgo8IS0tIHc6cGFyYXJwaC0tPgpwPjxsZXZlbFNlIExhc3NlIEdyYWhucyBpbnNwZWxuaW5nIGF2IG3DtnRldCFoZWRpbmgyIGNsYXNzPSJ3LWJsb2NrLWhlYWRpbmciU2UgTGFzc2UgR3JhaG5zIGluc3BlbG5pbmcgYXYgbcO2dGV0IWgyaGVkaW48YSBocmVmPSJodHRwczovL3RvZnRlbi5zZS9Kb2xvc2FsbHNrYXBldC93cC1jb250ZW50L3VwbG9hZHMvMjAyNi8wNC8yMDI2MDQxMS1NZWRsZW1zbW90ZS5tcDQiPjwvYT48YSBocmVmPSJodHRwczovL3RvZnRlbi5zZS9Kb2xvc2FsbHNrYXBldC93cC1jb250ZW50L3VwbG9hZHMvMjAyNi8wNC8yMDI2MDQxMS1NZWRsZW1zbW90ZS5tcDQiPmE+PC9zdGF0ZXZlcnNpb25kb2N1bWVudGRhdGVkb2N1bWVudHN0YXR1c2RvY3VtZW50dGl0bGVkb2N1bWVudGNvbnRlbnRkb2N1bWVudGV4Y2VycHRkb2N1bWVudGF1dGhvcmRvY3VtZW50ZmVhdHVyZWRfbWVkaWFkb2N1bWVudGNvbW1lbnRfc3RhdHVzZG9jdW1lbnRwaW5nX3N0YXR1c2RvY3VtZW50dGVtcGxhdGVkb2N1bWVudG1ldGFfZXRfcGJfdXNlX2J1aWxkZXJfZXRfcGJfb2xkX2NvbnRlbnRfZXRfZ2JfY29udGVudF93aWR0aGZvb3Rub3Rlc2RvY3VtZW50YmxvY2tzw7Z0ZSAyMDI2LTA0LTExTWVkbGVtc21jbGllbnRJZGlzVmFsaWRuYW1lYXR0cmlidXRlc2NvbnRlbnRkcm9wQ2FwaW5uZXJCbG9ja3NTZSBrYWxsZWxzZSBow6RyPCEtLSB3cDpwYXJhZ3JhcGggLS0+CjxwPlNlIGthbGxlbHNlIGjDpHI8L3A+CjwhLS0gL3dwOnBhcmFncmFwaCAtLT48YSBocmVmPSJodHRwczovL3RvZnRlbi5zZS9Kb2xvc2FsbHNrYXBldC93cC1jb250ZW50L3VwbG9hZHMvMjAyNi8wNC8yMDI2MDQxMS1LYWxsZWxzZS1hcnNtb3RlLnBkZiI+PC9hPmNsaWVudElkaXNWYWxpZG5hbWVhdHRyaWJ1dGVzY29udGVudGRyb3BDYXBpbm5lckJsb2Nrc0RhZ29yZG5pbmc8YSBocmVmPSJodHRwczovL3RvZnRlbi5zZS9Kb2xvc2FsbHNrYXBldC93cC1jb250ZW50L3VwbG9hZHMvMjAyNi8wNC8yMDI2MDQxMS0tYXJzbW90ZS5wZGYiIGRhdGEtdHlwZT0iYXR0YWNobWVudCIgZGF0YS1pZD0iMjk2MyI+RGFnb3JkbmluZzwvYT5jbGllbnRJZGlzVmFsaWRuYW1lYXR0cmlidXRlc2NvbnRlbnRkcm9wQ2FwaW5uZXJCbG9ja3M8YSBocmVmPSJodHRwczovL3RvZnRlbi5zZS9Kb2xvc2FsbHNrYXBldC93cC1jb250ZW50L3VwbG9hZHMvMjAyNi8wNC8yMDI2MDQxMS1LYWxsZWxzZS1hcnNtb3RlLnBkZiI+YT48LwoKPCEtLSB3cDpwYXJhZ3JhcGggLS0+CjxwPjxhIGhyZWY9Imh0dHBzOi8vdG9mdGVuLnNlL0pvbG9zYWxsc2thcGV0L3dwLWNvbnRlbnQvdXBsb2Fkcy8yMDI2LzA0LzIwMjYwNDExLURhZ29yZG5pbmctYXJzbW90ZS5wZGYiIGRhdGEtdHlwZT0iYXR0YWNobWVudCIgZGF0YS1pZD0iMjk2MyI+RGFnb3JkbmluZzwvYT48L3A+CjwhLS0gL3dwOnBhcmFncmFwaCAtLT4KCjwhLS0gd3A6cGFyYWdyYXBoIC0tPgo8cD48L3A+CjwhLS0gL3dwOnBhcmFncmFwaCAtLT5WZXJrc2FtaGV0c2JlcsOkdHRlbHNlPGEgaHJlZj0iaHR0cHM6Ly90b2Z0ZW4uc2UvSm9sb3NhbGxza2FwZXQvd3AtY29udGVudC91cGxvYWRzLzIwMjYvMDQvMjAyNjA0MTEtMjAyNS1hdHRlbHNlLW1lZC1ib2tzbHV0LW9jaC1la29ub21pa29tbWVudGFyLnBkZiIgZGF0YS10eXBlPSJhdHRhY2htZW50IiBkYXRhLWlkPSIyOTYyIj5WZXJrc2FtaGV0c2JlcjwvYT5hIGhyZWY9Imh0dHBzOi90b2Z0ZW4uc2UvSm9sb3NhbGxza2FldC93cC1jb250ZW50L3VwbG9hZHMvMjAyNi8wNC8yMDI2MDQxMS0yMDI1LVZlcmtzYW1oZXRzYmVyYXR0ZWxzZS1tZWQtYm9rc2x1dC1vY2gtZWtvbm9taWtvbW1lbnRhci5wZGYiIGRhdGEtdHlwZT0iYXR0YWNobWVudCIgZGF0YS1pZD0iMjk2MiJWZXJrc2FtaGV0c2JlcsOkdHRlbHNlPC9hPjwvcD5jbGllbnRJZGlzVmFsaWRuYW1lYXR0cmlidXRlc2NvbnRlbnRkcm9wQ2FwaW5uZXJCbG9ja3NSZXZpc2lvbnNiZXLDpHR0ZWxzZTxhIGhyZWY9Imh0dHBzOi8vdG9mdGVuLnNlL0pvbG9zYWxsc2thcGV0L3dwLWNvbnRlbnQvdXBsb2Fkcy8yMDI2LzA0LzIwMjYwNDExLWF0dGVsc2UtSk9MTy1zYWxsc2thcGV0LXZlcmtzYW1oZXRzYXJldC0yMDI1LnBkZiIgZGF0YS10eXBlPSJhdHRhY2htZW50IiBkYXRhLWlkPSIyOTY3Ij5SZXZpc2lvbnNiZXI8L2E+Y2xpZW50SWRpc1ZhbGlkbmFtZWF0dHJpYnV0ZXNjb250ZW50ZHJvcENhcGlubmVyQmxvY2tzCgo8IS0tIHdwOnBhcmFncmFwaCAtLT4KPHA+PGEgaHJlZj0iaHR0cHM6Ly90b2Z0ZW4uc2UvSm9sb3NhbGxza2FwZXQvd3AtY29udGVudC91cGxvYWRzLzIwMjYvMDQvMjAyNjA0MTEtUmV2aXNpb25zYmVyYXR0ZWxzZS1KT0xPLXNhbGxza2FwZXQtdmVya3NhbWhldHNhcmV0LTIwMjUucGRmIiBkYXRhLXR5cGU9ImF0dGFjaG1lbnQiIGRhdGEtaWQ9IjI5NjciPlJldmlzaW9uc2JlcsOkdHRlbHNlPC9hPjwvcD4KPCEtLSAvd3A6cGFyYWdyYXBoIC0tPgoKPCEtLSB3cDpwYXJhZ3JhcGggLS0+CjxwPjwvcD4KPCEtLSAvd3A6cGFyYWdyYXBoIC0tPkhhciBkdSBiZXRhbHQgbWVkbGVtc2F2Z2lmdGVuPzxhIGhyZWY9Imh0dHBzOi8vdG9mdGVuLnNlL0pvbG9zYWxsc2thcGV0L3dwLWNvbnRlbnQvdXBsb2Fkcy8yMDI2LzA0LzIwMjYwNDExLS1kdS1iZXRhbHQtZGluLW1lZGxlbXNhdmdpZnQucGRmImF0YS10eXBlPSJhdHRhY2htZW50IiBkYXRhLWlkPSIyOTY1Ij5IYXIgZDwvYT5jbGllbnRJZGlzVmFsaWRuYW1lYXR0cmlidXRlc2NvbnRlbnRkcm9wQ2FwaW5uZXJCbG9ja3NhIGhyZWY9Imh0dHBzOi90b2Z0ZW4uc2UvSm9sb3NhbGxza2FldC93cC1jb250ZW50L3VwbG9hZHMvMjAyNi8wNC8yMDI2MDQxMS1IYXItZHUtYmV0YWx0LWRpbi1tZWRsZW1zYXZnaWZ0LnBkZiIgZGF0YS10eXBlPSJhdHRhY2htZW50IiBkYXRhLWlkPSIyOTY1IkhhciBkdSBiZXRhbHQgbWVkbGVtc2F2Z2lmdGVuPzwvYT48L3A+Cgo8IS0tIHdwOmFyZ3JhcGggLS1wPjwvPgo8IS0tIC93cDpnYSAtLT5kb2N1bWVudHNsdWdzdGF0ZXNhdmVkQXRzdGF0ZXNhdmVkQnkFBwYDFBMHCUsACEsABgEDGwEEBQ8QBwoDBEEBA0EDCAcECkMABwILCAcECkMABwILCAcECkMABwILCAcECkMABwILCAcECkMABwILBAcPCAQHDwgEBw8IBAcPCAQHDwiDAgMyEiUDERQFAyWhC6ACQQMbRAAwCAcECkcACwMBAwkBA1sABBYEFgEgASAIBwQKRwALCkEABkEBGgUHEEEBBgUBEUECCAcECkcACwECBgQBCwUBAgQDBSQCAwsPJEIAA58BBJ8BBAUHCAQIBggFCAcIBwgGCA4IDggLSAEEUgAUCQgGDkgABwQKRwALDxkRGaQBBAgHBApHAAsKjgGCAQgHBApHAAukAQSsA0EBFw4EA5MBogEEDhaNAh0IBwQKRwALDAeOAaQBBAgHBApHAAubBEEBFwMCGY4BISoECAcECkcACw4WsQEmCkEJAgELQQAECAQFBwUHFQEAAF0BAAAIAQMAAAEHAAMBAAAwAT0AAkEAAgBBAAIAQQACAEEAAgBBAAIAQQACAEEAAgBBAAIAQgEBAEEAAgBBAAIAQQACAEEAAgBBAAIAQQAAR0EoFUEbAwEFDQIBAzwNQQUCCgcBAwEJggENQQQCBEEAAgEFAkMABUEADUEFA0EGEkEICAEdAQJBArYEQQ8CQQUDAQQBAkEFA8oBAH0BdyQwM2ViZGYxOS1iYjc0LTRmYzMtYTAwYS03YjNlNjFhMjI1MmV3DGNvcmUvZ2FsbGVyeXUAdwRpY29udQB4eXh3BWxhcmdleXcEYXV0b3cEbm9uZXh3CmNvcmUvaW1hZ2V3AH2uLnh3CmNvcmUvaW1hZ2V3AH2tLnh3CmNvcmUvaW1hZ2V3SGh0dHBzOi8vdG9mdGVuLnNlL0pvbG9zYWxsc2thcGV0L3dwLWNvbnRlbnQvdXBsb2Fkcy8yMDI2LzA0L0xpemFKb2xvLmpwZ3cAfawueHcKY29yZS9pbWFnZXcAfasueHcKY29yZS9pbWFnZXcAdyQ5ZjlkOWIxYy0zMmQ0LTQ1M2UtYmY1OS02ZDQwNjgyYzJmOTB3UWh0dHBzOi8vdG9mdGVuLnNlL0pvbG9zYWxsc2thcGV0L3dwLWNvbnRlbnQvdXBsb2Fkcy8yMDI2LzA0L0xpemFXaWxseS03MDB4NTI1LmpwZ3craHR0cHM6Ly90b2Z0ZW4uc2UvSm9sb3NhbGxza2FwZXQvbGl6YXdpbGx5L3dJaHR0cHM6Ly90b2Z0ZW4uc2UvSm9sb3NhbGxza2FwZXQvd3AtY29udGVudC91cGxvYWRzLzIwMjYvMDQvTGl6YVdpbGx5LmpwZ3cEbm9uZXcFbGFyZ2V3JDIwNTM5OGJlLTdhNzEtNGFkMy1iMjAwLWMzYzFjN2JmYzc4N3dSaHR0cHM6Ly90b2Z0ZW4uc2UvSm9sb3NhbGxza2FwZXQvd3AtY29udGVudC91cGxvYWRzLzIwMjYvMDQvTGl6YVZpYmVrZS03MDB4NTI1LmpwZ3csaHR0cHM6Ly90b2Z0ZW4uc2UvSm9sb3NhbGxza2FwZXQvbGl6YXZpYmVrZS93Smh0dHBzOi8vdG9mdGVuLnNlL0pvbG9zYWxsc2thcGV0L3dwLWNvbnRlbnQvdXBsb2Fkcy8yMDI2LzA0L0xpemFWaWJla2UuanBndwRub25ldwVsYXJnZXckYmNlMGZlNmQtMGRhMS00ZDAzLWJjOTYtYzk3MjBkODJiMzU3dypodHRwczovL3RvZnRlbi5zZS9Kb2xvc2FsbHNrYXBldC9saXpham9sby93SGh0dHBzOi8vdG9mdGVuLnNlL0pvbG9zYWxsc2thcGV0L3dwLWNvbnRlbnQvdXBsb2Fkcy8yMDI2LzA0L0xpemFKb2xvLmpwZ3cEbm9uZXcFbGFyZ2V3JDBlNmM5M2I0LTY5ZmItNGNjNS05ZjA5LThiMmI0MDkxMjQ1MndOaHR0cHM6Ly90b2Z0ZW4uc2UvSm9sb3NhbGxza2FwZXQvd3AtY29udGVudC91cGxvYWRzLzIwMjYvMDQvTGl6YS0xLTcwMHg5MzMuanBndyhodHRwczovL3RvZnRlbi5zZS9Kb2xvc2FsbHNrYXBldC9saXphLTEvd0ZodHRwczovL3RvZnRlbi5zZS9Kb2xvc2FsbHNrYXBldC93cC1jb250ZW50L3VwbG9hZHMvMjAyNi8wNC9MaXphLTEuanBndwRub25ldwVsYXJnZXckYWQxNzlkZmMtNDNlMS00ZTFhLTlhYmUtNzFlY2U2OGQ1ZDcwd1ZodHRwczovL3RvZnRlbi5zZS9Kb2xvc2FsbHNrYXBldC93cC1jb250ZW50L3VwbG9hZHMvMjAyNi8wMi9MaXphQWxleGFuZHJvdmEtWm9yaW5hLnBuZ3cEbm9uZXcFbGFyZ2V3Tmh0dHBzOi8vdG9mdGVuLnNlL0pvbG9zYWxsc2thcGV0L3dwLWNvbnRlbnQvdXBsb2Fkcy8yMDI2LzA0L1B1Ymxpay03MDB4NTI1LmpwZ32wLncoaHR0cHM6Ly90b2Z0ZW4uc2UvSm9sb3NhbGxza2FwZXQvcHVibGlrL3h3DmNvcmUvcGFyYWdyYXBoeXckNWI3NTIyNWItNzlhZi00OGZmLThkZWQtOTllZDRlNzRhZDBjdyQxODY0M2ZlOS00MzU1LTRjYWEtOWQ2OS1lYTcxNTU2ZTFmMDN4dw5jb3JlL3BhcmFncmFwaHlBAHdGaHR0cHM6Ly90b2Z0ZW4uc2UvSm9sb3NhbGxza2FwZXQvd3AtY29udGVudC91cGxvYWRzLzIwMjYvMDQvUHVibGlrLmpwZ3ckZWRlODA1M2UtMTk5Ni00YjQ0LWFhY2UtY2QxNDA1MmNlZjU0eHcOY29yZS9wYXJhZ3JhcGh5dyRlNjMwYWM1MC0zNDkyLTRiNzgtOWI1Ny01NmMwYWE5NThlOWV3DGNvcmUvaGVhZGluZ30Ce0J53TxCdjAAfY6R1OwJnAEAfQJ9AHcGY2xvc2VkdwZjbG9zZWR3AHcAdwB3AHcDb2ZmdyQ5YTFmY2FlMS00MTE0LTRiYjktOTU4Mi0xOGQ2OWQzNzc2MmR4dw5jb3JlL3BhcmFncmFwaHl3JDE0ZmE0ZTQzLTA5YjYtNDg5NS1hZjU3LWE5MTJmNDJhOTJkZHh3DmNvcmUvcGFyYWdyYXBoeXckMjkwZGIzNTEtYzdhYS00ZTgzLWJiZGUtYTE5YWQ0YmYxMDlmeHcOY29yZS9wYXJhZ3JhcGh5dyRmMWNjN2Q1OC0zNGY3LTQyN2YtYjFmZS0wMjc5YzdiM2I3OGN4dw5jb3JlL3BhcmFncmFwaHl3JGZhNzM3ZDE2LWE3MWEtNDUxYS1hZDQ5LTdhZjE0ZDg2YjEwM3h3DmNvcmUvcGFyYWdyYXBoeXh3B3B1Ymxpc2h3EzIwMjYtMDQtMDlUMTM6NDU6NTF3Fm1lZGxlbXNtb3RlLTIwMjYtMDQtMTEDmbqCkQcdewADAAUAAwAFAAkAAwAFAAMAAhUZAacIAqABAAEEAQwBAQIAGwIEOwQMNAAGAUpteAABAAIACwABAQEDzoiq9gQNAAABEQEAAQkBHwEEAQABAAEMCAECAAoAAQLjgtK2BBQAAgERCAAECQ4cCQEXtQLVBQCbBwG5AQABAAEBxgEAAgAIAgQACwMBAAEBBwM=\",\"updateId\":779693818}","footnotes":""},"class_list":["post-2957","page","type-page","status-publish","hentry"],"_links":{"self":[{"href":"https:\/\/toften.se\/Jolosallskapet\/wp-json\/wp\/v2\/pages\/2957","targetHints":{"allow":["GET"]}}],"collection":[{"href":"https:\/\/toften.se\/Jolosallskapet\/wp-json\/wp\/v2\/pages"}],"about":[{"href":"https:\/\/toften.se\/Jolosallskapet\/wp-json\/wp\/v2\/types\/page"}],"author":[{"embeddable":true,"href":"https:\/\/toften.se\/Jolosallskapet\/wp-json\/wp\/v2\/users\/2"}],"replies":[{"embeddable":true,"href":"https:\/\/toften.se\/Jolosallskapet\/wp-json\/wp\/v2\/comments?post=2957"}],"version-history":[{"count":3,"href":"https:\/\/toften.se\/Jolosallskapet\/wp-json\/wp\/v2\/pages\/2957\/revisions"}],"predecessor-version":[{"id":3004,"href":"https:\/\/toften.se\/Jolosallskapet\/wp-json\/wp\/v2\/pages\/2957\/revisions\/3004"}],"up":[{"embeddable":true,"href":"https:\/\/toften.se\/Jolosallskapet\/wp-json\/wp\/v2\/pages\/2783"}],"wp:attachment":[{"href":"https:\/\/toften.se\/Jolosallskapet\/wp-json\/wp\/v2\/media?parent=2957"}],"curies":[{"name":"wp","href":"https:\/\/api.w.org\/{rel}","templated":true}]}}