{"id":2944,"date":"2026-04-09T12:51:15","date_gmt":"2026-04-09T10:51:15","guid":{"rendered":"https:\/\/toften.se\/Jolosallskapet\/?page_id=2944"},"modified":"2026-04-09T12:59:17","modified_gmt":"2026-04-09T10:59:17","slug":"kristian-gerner","status":"publish","type":"page","link":"https:\/\/toften.se\/Jolosallskapet\/kristian-gerner\/","title":{"rendered":"Kristian Gerner"},"content":{"rendered":"\n<h4 class=\"wp-block-heading\"><strong>Till minne av Kristian Gerner<\/strong><\/h4>\n\n\n\n<p class=\"wp-block-paragraph\">Av Lars Grahn 2026-04-07<\/p>\n\n\n\n<p class=\"wp-block-paragraph\">S\u00e5 n\u00e5ddes vi av beskedet att Kristian Gerner avlidit p\u00e5 sk\u00e4rtorsdagen. F\u00f6rutom alla andra f\u00f6rtj\u00e4nster, bland annat som stor rysslandsk\u00e4nnare och professor emeritus i historia, var Kristian \u00e4ven en h\u00e4ngiven och aktiv medlem av Jolos\u00e4llskapet. Han deltog ofta och g\u00e4rna b\u00e5de som m\u00f6tesdeltagare och f\u00f6redragsh\u00e5llare.<br><br>Han h\u00f6rde ofta av sig efter v\u00e5ra utskick. P\u00e5 senare tid beklagade han sig \u00f6ver att h\u00e4lsan hindrade honom att komma p\u00e5 v\u00e5ra m\u00f6ten. S\u00e5 sent som den 18 mars mejlade han och gratulerade till valet av \u00e5rets Jolopristagare &#8211; Liza Alexandrova-Zorina. Ett val som han tyckte var mycket bra och tackade f\u00f6r.<\/p>\n\n\n\n<p class=\"wp-block-paragraph\">Kristian. En fin och klok man som vi verkligen kommer att sakna!<\/p>\n\n\n\n<figure class=\"wp-block-image aligncenter size-large\"><img decoding=\"async\" width=\"700\" height=\"933\" src=\"https:\/\/toften.se\/Jolosallskapet\/wp-content\/uploads\/2026\/04\/bild-700x933.png\" alt=\"\" class=\"wp-image-2949\" srcset=\"https:\/\/toften.se\/Jolosallskapet\/wp-content\/uploads\/2026\/04\/bild-700x933.png 700w, https:\/\/toften.se\/Jolosallskapet\/wp-content\/uploads\/2026\/04\/bild-480x640.png 480w\" sizes=\"(min-width: 0px) and (max-width: 480px) 480px, (min-width: 481px) 700px, 100vw\" \/><figcaption class=\"wp-element-caption\">Kristian Gerner p\u00e5 Bokm\u00e4ssan 2022.<\/figcaption><\/figure>\n\n\n\n<p class=\"wp-block-paragraph\"><\/p>\n","protected":false},"excerpt":{"rendered":"<p>Till minne av Kristian Gerner Av Lars Grahn 2026-04-07 S\u00e5 n\u00e5ddes vi av beskedet att Kristian Gerner avlidit p\u00e5 sk\u00e4rtorsdagen. F\u00f6rutom alla andra f\u00f6rtj\u00e4nster, bland annat som stor rysslandsk\u00e4nnare och professor emeritus i historia, var Kristian \u00e4ven en h\u00e4ngiven och aktiv medlem av Jolos\u00e4llskapet. Han deltog ofta och g\u00e4rna b\u00e5de som m\u00f6tesdeltagare och f\u00f6redragsh\u00e5llare. Han [&hellip;]<\/p>\n","protected":false},"author":2,"featured_media":0,"parent":0,"menu_order":0,"comment_status":"closed","ping_status":"closed","template":"","meta":{"_et_pb_use_builder":"off","_et_pb_old_content":"","_et_gb_content_width":"","_crdt_document":"{\"document\":\"AAA\/55\/6uQ6qAe\/vnp8CAeef+rkOAu\/vnp8CBuef+rkOAK\/vnp8C55\/6uQ4Sr++enwKnn\/q5Dq\/vnp8C55\/6uQ4AxAEGNAEBCkgiAQEIAEgCBQBCSLIBAQEIAkJIAKYTAQEIAkJIzBYCth3sB6YfAQEIAEgCBAIASjiCAQ4EAgcACNgCAQMupgQIAu4DgAQIAvwDBAIGigGAApIEAvgDvAMC9gm6CQEBCAEISAhIJAEBCABI0AeyBwMAqgKIA\/YQjhIBAQgASOZImEEDAK4IzEqgHpIaCI4LiAPERswBigPuAdIBAQEIAEgKjB7UHaQ1kAp60ASUBMoEEr4D9APqAwjIOLxPxAYCQoYBAQB+Po42AQGCAQEBDgQCBooDAQAcAQDQOwCQP4gBAwAA\/iKSGgiOC4gDxEaAApQbAKYhBMoEjAQE9APqAwjuN9sBKAAhAScAAQAnASgEJwAhACgCJwABAAAAqAAAAEcAIQAoACEAJwEhACcAqAEEACgAxwAoAicBBAAoACcAxwAoAicBBAAoACcARACEAAQAhADHACEAKAAhACcAIQEnAKgBKAAnAIQIKAQhAMQAwQDEAsEAxAWoAMEAxADBAcQAwQDHACgCJwAoAycAKAUnACgAxwAoAicAKAAnAYQCgQLHACgCJwEoACcAqADEAsEAqAAoACEBwQTEACEAoQAhAoQAxwAoAicBKAAnAAQAxAEEACgAqADEB4QAxACo1hqmGXN0YXRldmVyc2lvbmRvY3VtZW50ZGF0ZWRvY3VtZW50c3RhdHVzZG9jdW1lbnR0aXRsZWRvY3VtZW50Y29udGVudGRvY3VtZW50ZXhjZXJwdGRvY3VtZW50YXV0aG9yZG9jdW1lbnRmZWF0dXJlZF9tZWRpYWRvY3VtZW50Y29tbWVudF9zdGF0dXNkb2N1bWVudHBpbmdfc3RhdHVzZG9jdW1lbnR0ZW1wbGF0ZWRvY3VtZW50bWV0YV9ldF9wYl91c2VfYnVpbGRlcl9ldF9wYl9vbGRfY29udGVudF9ldF9nYl9jb250ZW50X3dpZHRoZm9vdG5vdGVzZG9jdW1lbnRibG9ja3NjbGllbnRJZGlzVmFsaWRuYW1lYXR0cmlidXRlc2NvbnRlbnRkcm9wQ2FwaW5uZXJCbG9ja3M8c3Ryb25nPlRpbGwgbWlubmUgYXYgS3Jpc3RpYW4gR2VybmVyPC9zdHJvbmc+bGV2ZWxjbGllbnRJZGlzVmFsaWRuYW1lYXR0cmlidXRlc2NvbnRlbnRTw6UgbsOlZGRlcyB2aSBhdiBiZXNrZWRldCBhdHQgS3Jpc3RpYW4gR2VybmVyIGF2bGlkaXQgcMOlIHNrw6RydG9yc2RhZ2VuLiBGw7ZydXRvbSBhbGxhIGFuZHJhIGbDtnJ0asOkbnN0ZXIsIGJsYW5kIGFubmF0IHNvbSBzdG9yIHJ5c3NsYW5kc2vDpG5uYXJlIG9jaCBwcm9mZXNzb3IgZW1lcml0dXMgaSBoaXN0b3JpYSwgdmFyIEtyaXN0aWFuIMOkdmVuIGVuIGjDpG5naXZlbiBvY2ggYWt0aXYgbWVkbGVtIGF2IEpvbG9zw6RsbHNrYXBldC4gSGFuIGRlbHRvZyBvZnRhIG9jaCBnw6RybmEgYsOlZGUgc29tIG3DtnRlc2RlbHRhZ2FyZSBvY2ggZsO2cmVkcmFnc2jDpWxsYXJlLjxicj48YnI+SGFuIGjDtnJkZSBvZnRhIGF2IHNpZyBlZnRlciB2w6VyYSB1dHNraWNrLiBQw6Ugc2VuYXJlIHRpZCBiZWtsYWdhZGUgaGFuIHNpZyDDtnZlciBhdHQgaMOkbHNhbiBoaW5kcmFkZSBob25vbSBhdHQga29tbWEgcMOlIHbDpXJhIG3DtnRlbi4gU8OlIHNlbnQgc29tIGRlbiAxOCBtYXJzIG1lamxhZGUgaGFuIG9jaCBncmF0dWxlcmFkZSB0aWxsIHZhbGV0IGF2IMOlcmV0cyBKb2xvcHJpc3RhZ2FyZSAtIExpemEgQWxleGFuZHJvdmEtWm9yaW5hLiBFdHQgdmFsIHNvbSBoYW4gdHlja3RlIHZhciBteWNrZXQgYnJhIG9jaCB0YWNrYWRlIGbDtnIuZHJvcENhcGlubmVyQmxvY2tzY2xpZW50SWRpc1ZhbGlkbmFtZWF0dHJpYnV0ZXNjb250ZW50S3Jpc3RpYW4uIEVuIGZpbiBvY2gga2xvayBtYW4gc29tIHZpIHZlcmtsaWdlbiBrb21tZXIgYXR0IHNha25hIWRyb3BDYXBpbm5lckJsb2Nrc0tyaXN0aWFuIEdlcm5lcjwhLS0gd3A6aGVhZGluZyB7ImxldmVsIjo0fSAtLT4KPGg0IGNsYXNzPSJ3cC1ibG9jay1oZWFkaW5nIj48c3Ryb25nPlRpbGwgbWlubmUgYXYgS3Jpc3RpYW4gR2VybmVyPC9zdHJvbmc+PC9oND4KPCEtLSAvd3A6aGVhZGluZyAtLT4KCjwhLS0gd3A6cGFyYWdyYXBoIC0tPgo8cD5Tw6UgbsOlZGRlcyB2aSBhdiBiZXNrZWRldCBhdHQgS3Jpc3RpYW4gR2VybmVyIGF2bGlkaXQgcMOlIHNrw6RydG9yc2RhZ2VuLiBGw7ZydXRvbSBhbGxhIGFuZHJhIGbDtnJ0asOkbnN0ZXIsIGJsYW5kIGFubmF0IHNvbSBzdG9yIHJ5c3NsYW5kc2vDpG5uYXJlIG9jaCBwcm9mZXNzb3IgZW1lcml0dXMgaSBoaXN0b3JpYSwgdmFyIEtyaXN0aWFuIMOkdmVuIGVuIGjDpG5naXZlbiBvY2ggYWt0aXYgbWVkbGVtIGF2IEpvbG9zw6RsbHNrYXBldC4gSGFuIGRlbHRvZyBvZnRhIG9jaCBnw6RybmEgYsOlZGUgc29tIG3DtnRlc2RlbHRhZ2FyZSBvY2ggZsO2cmVkcmFnc2jDpWxsYXJlLjxicj48YnI+SGFuIGjDtnJkZSBvZnRhIGF2IHNpZyBlZnRlciB2w6VyYSB1dHNraWNrLiBQw6Ugc2VuYXJlIHRpZCBiZWtsYWdhZGUgaGFuIHNpZyDDtnZlciBhdHQgaMOkbHNhbiBoaW5kcmFkZSBob25vbSBhdHQga29tbWEgcMOlIHbDpXJhIG3DtnRlbi4gU8OlIHNlbnQgc29tIGRlbiAxOCBtYXJzIG1lamxhZGUgaGFuIG9jaCBncmF0dWxlcmFkZSB0aWxsIHZhbGV0IGF2IMOlcmV0cyBKb2xvcHJpc3RhZ2FyZSAtIExpemEgQWxleGFuZHJvdmEtWm9yaW5hLiBFdHQgdmFsIHNvbSBoYW4gdHlja3RlIHZhciBteWNrZXQgYnJhIG9jaCB0YWNrYWRlIGbDtnIuPC9wPgo8IS0tIC93cDpwYXJhZ3JhcGggLS0+Cgo8IS0tIHdwOnBhcmFncmFwaCAtLT4KPHA+S3Jpc3RpYW4uIEVuIGZpbiBvY2gga2xvayBtYW4gc29tIHZpIHZlcmtsaWdlbiBrb21tZXIgYXR0IHNha25hITwvcD4KPCEtLSAvd3A6cGFyYWdyYXBoIC0tPmNsaWVudElkaXNWYWxpZG5hbWVhdHRyaWJ1dGVzY29udGVudGRyb3BDYXBpbm5lckJsb2Nrc2FsdGNhcHRpb24KCjwhLS0gd3A6aW1hZ2UgLS0+CjxmaWd1cmUgY2xhc3M9IndwLWJsb2NrLWltYWdlIj48aW1nIGFsdD0iIi8+PC9maWd1cmU+CjwhLS0gL3dwOmltYWdlIC0tPmlkbGlua3VybHNpemVTbHVnbGlua0Rlc3RpbmF0aW9uYWxpZ257ImlkIjoyOTQ5LCJzaXplU2x1ZyI6ImxhcmdlIiwibGlua0Rlc3RpbmF0aW9uIjoibm9uZSIsImFsaWduIjoidCJ9ICBhbGlnbnQgc2l6ZS1sYXJnZXNyYz0iaHR0cHM6Ly90b2Z0ZW4uc2UvSm9sb3Nsc2thcGUvd3AtY29udGVudC91cGxvYWRzLzIwMjYvMDQvYmlsZC03MDB4OTMzLnBuZyIgYWx0IGNsYXNzPSJ3cC1pbWFnZS0yOTQ5ImVlY2xpZW50SWRpc1ZhbGlkbmFtZWF0dHJpYnV0ZXNpbWFnZXNpZHNuYXZpZ2F0aW9uQnV0dG9uVHlwZXNob3J0Q29kZVRyYW5zZm9ybXNjYXB0aW9uaW1hZ2VDcm9wcmFuZG9tT3JkZXJmaXhlZEhlaWdodHNpemVTbHVnYWxsb3dSZXNpemVhc3BlY3RSYXRpb2lubmVyQmxvY2tzbGlua1RvY2xpZW50SWRpc1ZhbGlkbmFtZWF0dHJpYnV0ZXNhbHRjYXB0aW9uaW5uZXJCbG9ja3MKCjwhLS0gd3A6Z2FjbGllbnRJZGlzVmFsaWRuYW1lYXR0cmlidXRlc2NvbnRlbnRkcm9wQ2FwaW5uZXJCbG9ja3NwYXJhcnBoIC0tPgo8cD48L3A+CjwhLS0gL3dwOnBhcmFncmFwaCAtLT5kb2N1bWVudHNsdWdzdGF0ZXNhdmVkQXRzdGF0ZXNhdmVkQnkgMjAyNi0wNC1zdGF0ZXZlcnNpb25kb2N1bWVudHNsdWdzdGF0ZXNhdmVkQXRzdGF0ZXNhdmVkQnkgY2xpZW50SWRpc1ZhbGlkbmFtZWF0dHJpYnV0ZXNjb250ZW50ZHJvcENhcGlubmVyQmxvY2tzQXYgTGFycyBHcmFobkF2IExhcnMgR3JhaG48L3A+CjwhLS0gL3dwOnBhcmFncmFwaCAtLT4KCjwhLS0gd3A6cGFyYWdyYXBoIC0tPgo8cD5LcmlzdGlhbiBHZXJuZXIgcMOlIEJva23DpHNzYW4gMjAyMi5hbGlnbmNuZXJjbmVyZmlnY2FwdGlvbiBjbGFzcz0id3AtZWxlbWVudC1jYXB0aW9uIj5LcmlzdGlhbiBHZXJuZXIgcMOlIEJva23DpHNzYW4gMjAyMi48Y2FwdGlvbj48L2ZpZyAyMDI2LTA0LTA3MDcFBwgECAYIBQgHCAcIBggOCA4IC0gBBFIAFAkIBggHBApHAAsuBQgHBAoHqwkHCwgHBAoHgAEHCwEOoAK8CwgHBApHAAsDBxAhBwIBQwAEFwIEAwgPBYABAQMGAQscBjEWQQAIBwQKBgMUEwcJSwAISwEGCAcECgMHCwpBAAgHBApHAAsEASUIBAUHBQcJBQcIBAUHBQcBCAcECkcAC00ANiIFQQACQQACiQENCwIPAQMAAAEHAAMBAABIAQYAJEIBAQBBAAIAQQACAEEAAgBBAAACQQACAEEAAgBBAAIAQQACACJBARJBCAgBAkEaAkQAQRWVAaQBK0EDDEECgwGJAQ0TDEELAp0BAH0BfQJ9AHcGY2xvc2VkdwZjbG9zZWR3AHcAdwB3AHcDb2ZmeHckZDFlYjg3N2EtOWRmMS00MmM2LTk3MjMtOGUxMWMxMGEzOWM1dwxjb3JlL2hlYWRpbmd9BHckNjgxMTQ4MGUtZmUzYy00NWQxLTg3MDEtOTA0ZTU0MGM2MjdmeHcOY29yZS9wYXJhZ3JhcGh5dyRjYjc1MjJmZS05YzdlLTQ2N2EtYjEwNy1lNzZmMmU5ZDc5Mjl4dw5jb3JlL3BhcmFncmFwaHl4dyQ4ZjFlOGYyYi03Yzc5LTQ3MGItYjQ5ZC0xOTFmNDAxNzI4MGV3CmNvcmUvaW1hZ2V3AH2FLnc0aHR0cHM6Ly90b2Z0ZW4uc2UvSm9sb3NhbGxza2FwZXQvP2F0dGFjaG1lbnRfaWQ9Mjk0OXdMaHR0cHM6Ly90b2Z0ZW4uc2UvSm9sb3NhbGxza2FwZXQvd3AtY29udGVudC91cGxvYWRzLzIwMjYvMDQvYmlsZC03MDB4OTMzLnBuZ3cFbGFyZ2V3BG5vbmV3BGxlZnR3JGI0NGMzYjExLTcxMjAtNDEwNC1iYjU0LTA1ZDZlM2YxOTAzOXh3DGNvcmUvZ2FsbGVyeXUAdQB3BGljb251AHh5eHcFbGFyZ2V5dwRhdXRvdwRub25ldyQyYjdmZGI5YS01ZWQ4LTRjZjUtOGNiYi1jZjQ3MWFmZGNjYTV4dwpjb3JlL2ltYWdldwB3JDZlOWIyNDBjLTEyYjQtNGU0ZS05ODE4LWIzMWE2OTZhYWEwMnh3DmNvcmUvcGFyYWdyYXBoeXcHcHVibGlzaHcTMjAyNi0wNC0wOVQxMjo1MToxNXcPa3Jpc3RpYW4tZ2VybmVyIAB3JDA5Mzc1NTkxLThkYzAtNDZkYS04ZmRkLTVhZDAxY2E0ZTFjNnh3DmNvcmUvcGFyYWdyYXBoeXcGY2VudGVydwZjZW50ZXJ7QnnXHlP4kAB9r++enwIC54\/9nAcUAQEBEQgABAgBAQEAAQACAJkNAAEAAQFmAUADCgN1AQEBARoM4wEzCwK5Ae+3z48BAgAFegA=\",\"updateId\":907221923}","footnotes":""},"class_list":["post-2944","page","type-page","status-publish","hentry"],"_links":{"self":[{"href":"https:\/\/toften.se\/Jolosallskapet\/wp-json\/wp\/v2\/pages\/2944","targetHints":{"allow":["GET"]}}],"collection":[{"href":"https:\/\/toften.se\/Jolosallskapet\/wp-json\/wp\/v2\/pages"}],"about":[{"href":"https:\/\/toften.se\/Jolosallskapet\/wp-json\/wp\/v2\/types\/page"}],"author":[{"embeddable":true,"href":"https:\/\/toften.se\/Jolosallskapet\/wp-json\/wp\/v2\/users\/2"}],"replies":[{"embeddable":true,"href":"https:\/\/toften.se\/Jolosallskapet\/wp-json\/wp\/v2\/comments?post=2944"}],"version-history":[{"count":3,"href":"https:\/\/toften.se\/Jolosallskapet\/wp-json\/wp\/v2\/pages\/2944\/revisions"}],"predecessor-version":[{"id":2954,"href":"https:\/\/toften.se\/Jolosallskapet\/wp-json\/wp\/v2\/pages\/2944\/revisions\/2954"}],"wp:attachment":[{"href":"https:\/\/toften.se\/Jolosallskapet\/wp-json\/wp\/v2\/media?parent=2944"}],"curies":[{"name":"wp","href":"https:\/\/api.w.org\/{rel}","templated":true}]}}