{"id":2603,"date":"2025-09-27T11:04:46","date_gmt":"2025-09-27T09:04:46","guid":{"rendered":"https:\/\/toften.se\/Jolosallskapet\/?page_id=2603"},"modified":"2025-11-27T14:08:58","modified_gmt":"2025-11-27T13:08:58","slug":"bokmassan-2025","status":"publish","type":"page","link":"https:\/\/toften.se\/Jolosallskapet\/moten-och-evenmang\/bokmassan-2025\/","title":{"rendered":"Bokm\u00e4ssan 2025"},"content":{"rendered":"\n[et_pb_section fb_built=&#8221;1&#8243; _builder_version=&#8221;4.16&#8243; global_colors_info=&#8221;{}&#8221;][et_pb_row _builder_version=&#8221;4.16&#8243; background_size=&#8221;initial&#8221; background_position=&#8221;top_left&#8221; background_repeat=&#8221;repeat&#8221; global_colors_info=&#8221;{}&#8221;][et_pb_column type=&#8221;4_4&#8243; _builder_version=&#8221;4.16&#8243; custom_padding=&#8221;|||&#8221; global_colors_info=&#8221;{}&#8221; custom_padding__hover=&#8221;|||&#8221;][et_pb_text _builder_version=&#8221;4.16&#8243; background_size=&#8221;initial&#8221; background_position=&#8221;top_left&#8221; background_repeat=&#8221;repeat&#8221; custom_padding=&#8221;8px|||||&#8221; global_colors_info=&#8221;{}&#8221;]<h2>Lis Hellstr\u00f6m Sveningson och Erik Ohlson vid bokbordet; Kristian Wedel p\u00e5 podiet. Plus en del extra.<\/h2>\n<p>&nbsp;<\/p>[\/et_pb_text][\/et_pb_column][\/et_pb_row][et_pb_row _builder_version=&#8221;4.27.4&#8243; _module_preset=&#8221;default&#8221; global_colors_info=&#8221;{}&#8221;][et_pb_column type=&#8221;4_4&#8243; _builder_version=&#8221;4.27.4&#8243; _module_preset=&#8221;default&#8221; global_colors_info=&#8221;{}&#8221;][et_pb_image src=&#8221;https:\/\/toften.se\/Jolosallskapet\/wp-content\/uploads\/2025\/09\/Bokmassan2025-1-rotated.jpeg&#8221; title_text=&#8221;Erik Ohlsson&#8221; align=&#8221;center&#8221; _builder_version=&#8221;4.27.4&#8243; _module_preset=&#8221;default&#8221; box_shadow_style=&#8221;preset1&#8243; global_colors_info=&#8221;{}&#8221;][\/et_pb_image][et_pb_text _builder_version=&#8221;4.27.4&#8243; _module_preset=&#8221;default&#8221; global_colors_info=&#8221;{}&#8221;]<p style=\"text-align: center;\">Erik, fotad av Lis<\/p>[\/et_pb_text][\/et_pb_column][\/et_pb_row][et_pb_row _builder_version=&#8221;4.27.4&#8243; _module_preset=&#8221;default&#8221; global_colors_info=&#8221;{}&#8221;][et_pb_column type=&#8221;4_4&#8243; _builder_version=&#8221;4.27.4&#8243; _module_preset=&#8221;default&#8221; global_colors_info=&#8221;{}&#8221;][et_pb_image src=&#8221;https:\/\/toften.se\/Jolosallskapet\/wp-content\/uploads\/2025\/09\/Bokmassan2025-3-rotated.jpeg&#8221; title_text=&#8221;Bokm\u00e4ssan2025-3&#8243; align=&#8221;center&#8221; _builder_version=&#8221;4.27.4&#8243; _module_preset=&#8221;default&#8221; global_colors_info=&#8221;{}&#8221;][\/et_pb_image][et_pb_text _builder_version=&#8221;4.27.4&#8243; _module_preset=&#8221;default&#8221; global_colors_info=&#8221;{}&#8221;]<p style=\"text-align: center;\">Erik, Jolo och Lis. Foto: Anna Nordlund<\/p>[\/et_pb_text][et_pb_image src=&#8221;https:\/\/toften.se\/Jolosallskapet\/wp-content\/uploads\/2025\/09\/Bokmassan2025-2.jpeg&#8221; title_text=&#8221;Bokm\u00e4ssan2025-2&#8243; align=&#8221;center&#8221; _builder_version=&#8221;4.27.4&#8243; _module_preset=&#8221;default&#8221; box_shadow_style=&#8221;preset1&#8243; global_colors_info=&#8221;{}&#8221;][\/et_pb_image][et_pb_text _builder_version=&#8221;4.27.4&#8243; _module_preset=&#8221;default&#8221; global_colors_info=&#8221;{}&#8221;]<p style=\"text-align: center;\">Foto: Lis<\/p>[\/et_pb_text][et_pb_image src=&#8221;https:\/\/toften.se\/Jolosallskapet\/wp-content\/uploads\/2025\/09\/Bokmassan2025-4-rotated.jpeg&#8221; title_text=&#8221;Bokm\u00e4ssan2025-4&#8243; align=&#8221;center&#8221; _builder_version=&#8221;4.27.4&#8243; _module_preset=&#8221;default&#8221; box_shadow_style=&#8221;preset1&#8243; global_colors_info=&#8221;{}&#8221;][\/et_pb_image][et_pb_text _builder_version=&#8221;4.27.4&#8243; _module_preset=&#8221;default&#8221; global_colors_info=&#8221;{}&#8221;]<p style=\"text-align: center;\">Lis: &#8221;Vi fick fyra nya medlemmar!&#8221;, fotad av Erik<\/p>[\/et_pb_text][et_pb_image src=&#8221;https:\/\/toften.se\/Jolosallskapet\/wp-content\/uploads\/2025\/09\/Bokmassan2025-5-scaled.jpeg&#8221; title_text=&#8221;Bokm\u00e4ssan2025-5&#8243; align=&#8221;center&#8221; _builder_version=&#8221;4.27.4&#8243; _module_preset=&#8221;default&#8221; box_shadow_style=&#8221;preset1&#8243; global_colors_info=&#8221;{}&#8221;][\/et_pb_image][et_pb_text _builder_version=&#8221;4.27.4&#8243; _module_preset=&#8221;default&#8221; global_colors_info=&#8221;{}&#8221;]<p style=\"text-align: center;\">Kristian talar om Jolo. Foto: Erik<\/p>[\/et_pb_text][et_pb_image src=&#8221;https:\/\/toften.se\/Jolosallskapet\/wp-content\/uploads\/2025\/09\/Bokmassan2025-6-scaled.jpeg&#8221; title_text=&#8221;Bokm\u00e4ssan2025-6&#8243; align=&#8221;center&#8221; _builder_version=&#8221;4.27.4&#8243; _module_preset=&#8221;default&#8221; box_shadow_style=&#8221;preset1&#8243; global_colors_info=&#8221;{}&#8221;][\/et_pb_image][et_pb_text _builder_version=&#8221;4.27.4&#8243; _module_preset=&#8221;default&#8221; global_colors_info=&#8221;{}&#8221;]<p style=\"text-align: center;\">Foto: Erik<\/p>[\/et_pb_text][\/et_pb_column][\/et_pb_row][\/et_pb_section][et_pb_section fb_built=&#8221;1&#8243; _builder_version=&#8221;4.27.4&#8243; _module_preset=&#8221;default&#8221; global_colors_info=&#8221;{}&#8221;][et_pb_row _builder_version=&#8221;4.27.4&#8243; _module_preset=&#8221;default&#8221; global_colors_info=&#8221;{}&#8221;][et_pb_column type=&#8221;4_4&#8243; _builder_version=&#8221;4.27.4&#8243; _module_preset=&#8221;default&#8221; global_colors_info=&#8221;{}&#8221;][et_pb_image src=&#8221;https:\/\/toften.se\/Jolosallskapet\/wp-content\/uploads\/2025\/09\/Bokmassan2025-7-1-scaled.jpeg&#8221; title_text=&#8221;Bokm\u00e4ssan2025-7&#8243; _builder_version=&#8221;4.27.4&#8243; _module_preset=&#8221;default&#8221; global_colors_info=&#8221;{}&#8221;][\/et_pb_image][\/et_pb_column][\/et_pb_row][et_pb_row _builder_version=&#8221;4.27.4&#8243; _module_preset=&#8221;default&#8221; global_colors_info=&#8221;{}&#8221;][et_pb_column type=&#8221;4_4&#8243; _builder_version=&#8221;4.27.4&#8243; _module_preset=&#8221;default&#8221; global_colors_info=&#8221;{}&#8221;][et_pb_text _builder_version=&#8221;4.27.4&#8243; _module_preset=&#8221;default&#8221; global_colors_info=&#8221;{}&#8221;]<div dir=\"auto\">Fotograf: ok\u00e4nd man i publiken. Fr v \u00c5sa Beckman (moderator), Johan Orrenius (\u00e5rets Jolopristagare), Erik Ohlsson (ledamot i Jolos\u00e4llskapets styrelse) samt Christina Jutterstr\u00f6m (ordf\u00f6rande i det nybildade Bangs\u00e4llskapet).<\/div>\n<div><\/div>[\/et_pb_text][\/et_pb_column][\/et_pb_row][et_pb_row _builder_version=&#8221;4.27.4&#8243; _module_preset=&#8221;default&#8221; global_colors_info=&#8221;{}&#8221;][et_pb_column type=&#8221;4_4&#8243; _builder_version=&#8221;4.27.4&#8243; _module_preset=&#8221;default&#8221; global_colors_info=&#8221;{}&#8221;][et_pb_text _builder_version=&#8221;4.27.4&#8243; _module_preset=&#8221;default&#8221; global_colors_info=&#8221;{}&#8221;]<h2>Erik:<\/h2>\n<p class=\"gmail-p1\" style=\"margin: 0px; font-variant-numeric: normal; font-variant-east-asian: normal; font-variant-alternates: normal; font-size-adjust: none; font-kerning: auto; font-feature-settings: normal; font-stretch: normal; font-size: 13px; line-height: normal; font-family: 'Helvetica Neue';\">Kristians f\u00f6redrag om Jolo med underrubriken \u201dJolo &#8211; ett stilistiskt signalement p\u00e5 en m\u00e4sterk\u00e5s\u00f6r\u201d var utan vidare ett av de mest v\u00e4lbes\u00f6kta p\u00e5 DELS-scenen under fredagen. Det var s\u00e5 gott som fullsatt i stolsraderna!<\/p>\n<p class=\"gmail-p1\" style=\"margin: 0px; font-variant-numeric: normal; font-variant-east-asian: normal; font-variant-alternates: normal; font-size-adjust: none; font-kerning: auto; font-feature-settings: normal; font-stretch: normal; font-size: 13px; line-height: normal; font-family: 'Helvetica Neue';\">Som Lis n\u00e4mnde v\u00e4rvade vi fyra nya medlemmar, vilket kanske inte l\u00e5ter s\u00e5 imponerande. Men som alla vet \u00e4r det oerh\u00f6rt h\u00e5rd konkurrens om uppm\u00e4rksamheten p\u00e5 m\u00e4ssgolvet. \u00c4ven om det inte blev s\u00e5 m\u00e5nga faktiska \u201dk\u00f6pslut\u201d gladde vi oss \u00e5t ett stort och \u00e4kta intresse f\u00f6r Jolo fr\u00e5n f\u00f6rbipasserande. B\u00e5de fr\u00e5n kollegerna i de litter\u00e4ra s\u00e4llskapen och fr\u00e5n m\u00e4ssbes\u00f6kare. Fr\u00f6n s\u00e5ddes som f\u00f6rhoppningsvis kan blomma ut i ett prunkande Jolo-intresse. S\u00e5 vi var n\u00f6jda och fulla av tillf\u00f6rsikt n\u00e4r vi packade ihop b\u00f6cker och \u201droll-up\u201d p\u00e5 fredagskv\u00e4llen.<\/p>\n<p class=\"gmail-p2\" style=\"margin: 0px; font-variant-numeric: normal; font-variant-east-asian: normal; font-variant-alternates: normal; font-size-adjust: none; font-kerning: auto; font-feature-settings: normal; font-stretch: normal; font-size: 13px; line-height: normal; font-family: 'Helvetica Neue'; min-height: 15px;\"><span class=\"gmail-Apple-converted-space\">\u00a0<\/span>En \u00f6gonblicksbild: En helt ung man stannade till och tog en karamell (ett snilledrag att ha en karamellsk\u00e5l i montern, visade det sig). Han tog upp popul\u00e4rupplagan av \u201dN\u00e5gonstans i Sverige\u201d och b\u00f6rjade bl\u00e4ddra. Jag visade honom \u201dsnaphots\u201d av tv-avsnitten i min mobil. Grabben blev klart intresserad och sa att han skulle hem och titta vidare p\u00e5 Svt Play. Jolo hade han inte h\u00f6rt talas om tidigare!<\/p>\n<p class=\"gmail-p1\" style=\"margin: 0px; font-variant-numeric: normal; font-variant-east-asian: normal; font-variant-alternates: normal; font-size-adjust: none; font-kerning: auto; font-feature-settings: normal; font-stretch: normal; font-size: 13px; line-height: normal; font-family: 'Helvetica Neue';\">P\u00e5 l\u00f6rdagsmorgonen fanns s\u00e4llskapet med i Dagens Nyheters monter under programpunkten \u201dJolo och Bang &#8211; gamla och nya DN-giganter\u201d. Jolopristagaren Johan Orrenius och undertecknad pratade f\u00f6rst\u00e5s om Jolo. DN:s tidigare chefredakt\u00f6r Christina Jutterstr\u00f6m talade om Bang i egenskap av ordf\u00f6rande i det nybildade Bangs\u00e4llskapet. DN:s bitr\u00e4dande kulturchef \u00c5sa Beckman modererade.<\/p>\n<p class=\"gmail-p1\" style=\"margin: 0px; font-variant-numeric: normal; font-variant-east-asian: normal; font-variant-alternates: normal; font-size-adjust: none; font-kerning: auto; font-feature-settings: normal; font-stretch: normal; font-size: 13px; line-height: normal; font-family: 'Helvetica Neue';\">Trots att m\u00e4ssan n\u00e4tt och j\u00e4mnt \u00f6ppnat hade ett 20-tal \u00e5h\u00f6rare samlats. Johan ber\u00e4ttade medryckande om hur Jolo inspirerat honom att bredda sitt fotbollsrefererande n\u00e4r han i unga \u00e5r b\u00f6rjade skriva sport hemma i Motala. Erik f\u00f6reslog att DN:s redaktionsledning borde kollektivansluta tidningens journalister till Jolos\u00e4llskapet. Efter samtalet &#8211; som i likhet med de andra montersamtalen bara varade en kvart &#8211; delade Erik ut de informationsblad om Jolos\u00e4llskapet som Willy m\u00e5ngfaldigat.<\/p>\n<p class=\"gmail-p1\" style=\"margin: 0px; font-variant-numeric: normal; font-variant-east-asian: normal; font-variant-alternates: normal; font-size-adjust: none; font-kerning: auto; font-feature-settings: normal; font-stretch: normal; font-size: 13px; line-height: normal; font-family: 'Helvetica Neue';\">Jag, Erik hade ocks\u00e5 ett givande samtal med Christina Jutterstr\u00f6m efter scensamtalet. Christina tyckte absolut att Jolo- och Bangs\u00e4llskapen borde ordna n\u00e5got gemensamt arrangemang under n\u00e4sta \u00e5r. Och hon sp\u00e5nade om en Jolo-pj\u00e4s\u00a0i stil med den enkvinnasf\u00f6rest\u00e4llning som Anna Takanen gjorde p\u00e5 Stockholms stadsteater f\u00f6r ett par \u00e5r sedan och som ju blev en stor succ\u00e9.<span class=\"gmail-Apple-converted-space\">\u00a0<\/span><\/p>[\/et_pb_text][\/et_pb_column][\/et_pb_row][\/et_pb_section][et_pb_section fb_built=&#8221;1&#8243; _builder_version=&#8221;4.27.4&#8243; _module_preset=&#8221;default&#8221; global_colors_info=&#8221;{}&#8221;][et_pb_row _builder_version=&#8221;4.27.4&#8243; _module_preset=&#8221;default&#8221; global_colors_info=&#8221;{}&#8221;][et_pb_column type=&#8221;4_4&#8243; _builder_version=&#8221;4.27.4&#8243; _module_preset=&#8221;default&#8221; global_colors_info=&#8221;{}&#8221;][et_pb_text _builder_version=&#8221;4.27.4&#8243; _module_preset=&#8221;default&#8221; global_colors_info=&#8221;{}&#8221;]<h2>Tv\u00e5 Jolotexter om G\u00f6teborg<\/h2>[\/et_pb_text][\/et_pb_column][\/et_pb_row][et_pb_row _builder_version=&#8221;4.27.4&#8243; _module_preset=&#8221;default&#8221; global_colors_info=&#8221;{}&#8221;][et_pb_column type=&#8221;4_4&#8243; _builder_version=&#8221;4.27.4&#8243; _module_preset=&#8221;default&#8221; global_colors_info=&#8221;{}&#8221;][et_pb_text _builder_version=&#8221;4.27.4&#8243; _module_preset=&#8221;default&#8221; global_colors_info=&#8221;{}&#8221;]<p>F\u00f6r att locka g\u00f6teborgare (och andra) att intressera sig f\u00f6r Jolo och Jolos\u00e4llskapet, fanns utlagt kopior p\u00e5 Jolotexter. &#8221;En perfekt dag i G\u00f6teborg&#8221; handlar bland annat om Jolo som, i dubbel bem\u00e4rkelse, en tidig umarell. &#8221;Provokat\u00f6r i G\u00f6teborg&#8221; handlar i stort om en avhoppad Kominternagent.<\/p>[\/et_pb_text][\/et_pb_column][\/et_pb_row][et_pb_row _builder_version=&#8221;4.27.4&#8243; _module_preset=&#8221;default&#8221; global_colors_info=&#8221;{}&#8221;][et_pb_column type=&#8221;4_4&#8243; _builder_version=&#8221;4.27.4&#8243; _module_preset=&#8221;default&#8221; global_colors_info=&#8221;{}&#8221;][et_pb_button button_url=&#8221;https:\/\/toften.se\/Jolosallskapet\/wp-content\/uploads\/2025\/09\/DN19650703.pdf&#8221; url_new_window=&#8221;on&#8221; button_text=&#8221;En perfekt dag i G\u00f6teborg&#8221; _builder_version=&#8221;4.27.4&#8243; _module_preset=&#8221;default&#8221; global_colors_info=&#8221;{}&#8221;][\/et_pb_button][et_pb_button button_url=&#8221;https:\/\/toften.se\/Jolosallskapet\/wp-content\/uploads\/2025\/09\/DN19681221.pdf&#8221; url_new_window=&#8221;on&#8221; button_text=&#8221;Provokat\u00f6r i G\u00f6teborg&#8221; _builder_version=&#8221;4.27.4&#8243; _module_preset=&#8221;default&#8221; global_colors_info=&#8221;{}&#8221;][\/et_pb_button][\/et_pb_column][\/et_pb_row][\/et_pb_section]\n","protected":false},"excerpt":{"rendered":"<p>Lis Hellstr\u00f6m Sveningson och Erik Ohlson vid bokbordet; Kristian Wedel p\u00e5 podiet. Plus en del extra. &nbsp;Erik, fotad av LisErik, Jolo och Lis. Foto: Anna NordlundFoto: LisLis: &#8221;Vi fick fyra nya medlemmar!&#8221;, fotad av ErikKristian talar om Jolo. Foto: ErikFoto: ErikFotograf: ok\u00e4nd man i publiken. Fr v \u00c5sa Beckman (moderator), Johan Orrenius (\u00e5rets Jolopristagare), Erik [&hellip;]<\/p>\n","protected":false},"author":2,"featured_media":0,"parent":2783,"menu_order":0,"comment_status":"closed","ping_status":"closed","template":"","meta":{"_et_pb_use_builder":"on","_et_pb_old_content":"<p>[et_pb_section][et_pb_row][et_pb_column type=\"4_4\"][et_pb_text]<\/p><p>Lis Hellstr\u00f6m Sveningson och Erik Ohlson vid bokbordet; Kristian Wedel p\u00e5 podiet.<\/p><p><img class=\"alignnone size-thumbnail wp-image-2608\" src=\"https:\/\/toften.se\/Jolosallskapet\/wp-content\/uploads\/2025\/09\/Bokmassan2025-4-150x150.jpeg\" alt=\"\" width=\"150\" height=\"150\" \/> <img class=\"alignnone size-thumbnail wp-image-2607\" src=\"https:\/\/toften.se\/Jolosallskapet\/wp-content\/uploads\/2025\/09\/Bokmassan2025-3-150x150.jpeg\" alt=\"\" width=\"150\" height=\"150\" \/> <img class=\"alignnone size-thumbnail wp-image-2606\" src=\"https:\/\/toften.se\/Jolosallskapet\/wp-content\/uploads\/2025\/09\/Bokmassan2025-2-150x150.jpeg\" alt=\"\" width=\"150\" height=\"150\" \/>\u00a0<img class=\"alignnone size-thumbnail wp-image-2605\" src=\"https:\/\/toften.se\/Jolosallskapet\/wp-content\/uploads\/2025\/09\/Bokmassan2025-1-150x150.jpeg\" alt=\"\" width=\"150\" height=\"150\" \/><img class=\"alignnone size-thumbnail wp-image-2610\" src=\"https:\/\/toften.se\/Jolosallskapet\/wp-content\/uploads\/2025\/09\/Bokmassan2025-6-150x150.jpeg\" alt=\"\" width=\"150\" height=\"150\" \/><img class=\"alignnone size-thumbnail wp-image-2609\" src=\"https:\/\/toften.se\/Jolosallskapet\/wp-content\/uploads\/2025\/09\/Bokmassan2025-5-150x150.jpeg\" alt=\"\" width=\"150\" height=\"150\" \/><\/p><p>[\/et_pb_text][\/et_pb_column][\/et_pb_row][\/et_pb_section]<\/p>","_et_gb_content_width":"","_crdt_document":"","footnotes":""},"class_list":["post-2603","page","type-page","status-publish","hentry"],"_links":{"self":[{"href":"https:\/\/toften.se\/Jolosallskapet\/wp-json\/wp\/v2\/pages\/2603","targetHints":{"allow":["GET"]}}],"collection":[{"href":"https:\/\/toften.se\/Jolosallskapet\/wp-json\/wp\/v2\/pages"}],"about":[{"href":"https:\/\/toften.se\/Jolosallskapet\/wp-json\/wp\/v2\/types\/page"}],"author":[{"embeddable":true,"href":"https:\/\/toften.se\/Jolosallskapet\/wp-json\/wp\/v2\/users\/2"}],"replies":[{"embeddable":true,"href":"https:\/\/toften.se\/Jolosallskapet\/wp-json\/wp\/v2\/comments?post=2603"}],"version-history":[{"count":13,"href":"https:\/\/toften.se\/Jolosallskapet\/wp-json\/wp\/v2\/pages\/2603\/revisions"}],"predecessor-version":[{"id":2785,"href":"https:\/\/toften.se\/Jolosallskapet\/wp-json\/wp\/v2\/pages\/2603\/revisions\/2785"}],"up":[{"embeddable":true,"href":"https:\/\/toften.se\/Jolosallskapet\/wp-json\/wp\/v2\/pages\/2783"}],"wp:attachment":[{"href":"https:\/\/toften.se\/Jolosallskapet\/wp-json\/wp\/v2\/media?parent=2603"}],"curies":[{"name":"wp","href":"https:\/\/api.w.org\/{rel}","templated":true}]}}