{"id":2556,"date":"2025-09-08T15:57:40","date_gmt":"2025-09-08T13:57:40","guid":{"rendered":"https:\/\/toften.se\/Jolosallskapet\/?page_id=2556"},"modified":"2025-12-11T12:43:15","modified_gmt":"2025-12-11T11:43:15","slug":"medlemsmote-2025-04-27","status":"publish","type":"page","link":"https:\/\/toften.se\/Jolosallskapet\/moten-och-evenmang\/medlemsmote-2025-04-27\/","title":{"rendered":"Medlemsm\u00f6te 2025-04-27"},"content":{"rendered":"\n<h2 class=\"wp-block-heading\"><strong>Jolopriset 2025<\/strong><\/h2>\n\n\n\n<p class=\"wp-block-paragraph\">S\u00f6ndagen den 27 april delade Jolos\u00e4llskapet ut Jolopriset f\u00f6r 24 g\u00e5ngen. \u00c5rets pris gick till Johan Orrenius, redakt\u00f6r av fotbollstidskriften Offside. Johan tackade f\u00f6r priset med ett h\u00e4rligt humoristiskt tal om sin v\u00e4g till sportjournalistiken och om hur han ser p\u00e5 sitt journalistiska sl\u00e4ktskap med Jolo.<\/p>\n\n\n\n<p class=\"wp-block-paragraph\">Det \u00e4r m\u00e4nniskorna i sporten mera \u00e4n sj\u00e4lva sporten, det \u00e4r detaljerna mera \u00e4n resultaten som fascinerar honom och det k\u00e4nner man ju igen fr\u00e5n Jolos texter. Johan gav exempel med n\u00e5gra originella typer fr\u00e5n fotbollens v\u00e4rld som han har f\u00f6ljd i l\u00e4ngre tid eller t\u00e4nker f\u00f6lja med den underfundiga humor och respekt som \u00e4r en v\u00e4sentlig del av Johans profil.<\/p>\n\n\n\n<figure class=\"wp-block-image aligncenter size-large is-resized\"><img decoding=\"async\" width=\"700\" height=\"933\" src=\"https:\/\/toften.se\/Jolosallskapet\/wp-content\/uploads\/2025\/09\/20250427JohanOrrenius-700x933.jpg\" alt=\"\" class=\"wp-image-2519\" style=\"width:700px;height:auto\" srcset=\"https:\/\/toften.se\/Jolosallskapet\/wp-content\/uploads\/2025\/09\/20250427JohanOrrenius-700x933.jpg 700w, https:\/\/toften.se\/Jolosallskapet\/wp-content\/uploads\/2025\/09\/20250427JohanOrrenius-480x640.jpg 480w\" sizes=\"(min-width: 0px) and (max-width: 480px) 480px, (min-width: 481px) 700px, 100vw\" \/><figcaption class=\"wp-element-caption\">En prisad Johan Orrenius efter avslutat tacktal<br><em>Foto: Hanne Fokdal Barnekow,<\/em><\/figcaption><\/figure>\n\n\n\n<h2 class=\"wp-block-heading\"><strong>Ny ordf\u00f6rande i Jolos\u00e4llskapet<\/strong><\/h2>\n\n\n\n<p class=\"wp-block-paragraph\"><\/p>\n\n\n\n<figure class=\"wp-block-gallery has-nested-images columns-default is-cropped wp-block-gallery-1 is-layout-flex wp-block-gallery-is-layout-flex\">\n<figure class=\"wp-block-image size-large\"><img decoding=\"async\" width=\"700\" height=\"933\" data-id=\"2523\" src=\"https:\/\/toften.se\/Jolosallskapet\/wp-content\/uploads\/2025\/09\/20250427AvgOrdf-700x933.jpg\" alt=\"\" class=\"wp-image-2523\" srcset=\"https:\/\/toften.se\/Jolosallskapet\/wp-content\/uploads\/2025\/09\/20250427AvgOrdf-700x933.jpg 700w, https:\/\/toften.se\/Jolosallskapet\/wp-content\/uploads\/2025\/09\/20250427AvgOrdf-480x640.jpg 480w\" sizes=\"(min-width: 0px) and (max-width: 480px) 480px, (min-width: 481px) 700px, 100vw\" \/><figcaption class=\"wp-element-caption\">Anders Sandstr\u00f6m avslutar sin ordf\u00f6randetid i S\u00e4llskapet. <\/figcaption><\/figure>\n\n\n\n<figure class=\"wp-block-image size-large\"><img decoding=\"async\" width=\"700\" height=\"525\" data-id=\"2520\" src=\"https:\/\/toften.se\/Jolosallskapet\/wp-content\/uploads\/2025\/09\/20250427Avtack3-700x525.jpg\" alt=\"Anders, Willy och Jolo Foto: Hanne Fokdal Barnekow,\" class=\"wp-image-2520\"\/><figcaption class=\"wp-element-caption\">Anders avtackas av Willy Svahn<\/figcaption><\/figure>\n\n\n\n<figure class=\"wp-block-image size-large\"><img decoding=\"async\" width=\"700\" height=\"933\" data-id=\"2522\" src=\"https:\/\/toften.se\/Jolosallskapet\/wp-content\/uploads\/2025\/09\/20250427Avtack1-700x933.jpg\" alt=\"\" class=\"wp-image-2522\" srcset=\"https:\/\/toften.se\/Jolosallskapet\/wp-content\/uploads\/2025\/09\/20250427Avtack1-700x933.jpg 700w, https:\/\/toften.se\/Jolosallskapet\/wp-content\/uploads\/2025\/09\/20250427Avtack1-480x640.jpg 480w\" sizes=\"(min-width: 0px) and (max-width: 480px) 480px, (min-width: 481px) 700px, 100vw\" \/><figcaption class=\"wp-element-caption\">Willy Svahn avtackar Anders Sandstr\u00f6m<\/figcaption><\/figure>\n\n\n\n<figure class=\"wp-block-image size-large\"><img decoding=\"async\" width=\"700\" height=\"525\" data-id=\"2814\" src=\"https:\/\/toften.se\/Jolosallskapet\/wp-content\/uploads\/2025\/12\/Jolosalllsk-Vibeke-Anders-S-Willy-S-2025-700x525.jpeg\" alt=\"\" class=\"wp-image-2814\"\/><figcaption class=\"wp-element-caption\">Vibeke Olsson, Anders och Willy<\/figcaption><\/figure>\n\n\n\n<figure class=\"wp-block-image size-large\"><img decoding=\"async\" width=\"700\" height=\"525\" data-id=\"2524\" src=\"https:\/\/toften.se\/Jolosallskapet\/wp-content\/uploads\/2025\/09\/20250425Vibeke-700x525.jpg\" alt=\"\" class=\"wp-image-2524\"\/><figcaption class=\"wp-element-caption\">Vibeke, Anders och Willy<\/figcaption><\/figure>\n<\/figure>\n\n\n\n<h2 class=\"wp-block-heading\">Nyval till styrelsen<\/h2>\n\n\n\n<p class=\"wp-block-paragraph\">Som ny medlem av styrelsen valdes kulturjournalisten Lis Hellstr\u00f6m Sveningson.<\/p>\n\n\n\n<figure class=\"wp-block-image aligncenter size-full\"><img decoding=\"async\" width=\"225\" height=\"225\" src=\"https:\/\/toften.se\/Jolosallskapet\/wp-content\/uploads\/2025\/04\/LisHellstromSveningson.jpeg\" alt=\"\" class=\"wp-image-2488\" srcset=\"https:\/\/toften.se\/Jolosallskapet\/wp-content\/uploads\/2025\/04\/LisHellstromSveningson.jpeg 225w, https:\/\/toften.se\/Jolosallskapet\/wp-content\/uploads\/2025\/04\/LisHellstromSveningson-150x150.jpeg 150w\" sizes=\"(max-width: 225px) 100vw, 225px\" \/><figcaption class=\"wp-element-caption\">Foto: Ok\u00e4nd<\/figcaption><\/figure>\n","protected":false},"excerpt":{"rendered":"<p>Jolopriset 2025 S\u00f6ndagen den 27 april delade Jolos\u00e4llskapet ut Jolopriset f\u00f6r 24 g\u00e5ngen. \u00c5rets pris gick till Johan Orrenius, redakt\u00f6r av fotbollstidskriften Offside. Johan tackade f\u00f6r priset med ett h\u00e4rligt humoristiskt tal om sin v\u00e4g till sportjournalistiken och om hur han ser p\u00e5 sitt journalistiska sl\u00e4ktskap med Jolo. Det \u00e4r m\u00e4nniskorna i sporten mera \u00e4n [&hellip;]<\/p>\n","protected":false},"author":2,"featured_media":0,"parent":2783,"menu_order":0,"comment_status":"closed","ping_status":"closed","template":"page-template-blank.php","meta":{"_et_pb_use_builder":"off","_et_pb_old_content":"","_et_gb_content_width":"","_crdt_document":"","footnotes":""},"class_list":["post-2556","page","type-page","status-publish","hentry"],"_links":{"self":[{"href":"https:\/\/toften.se\/Jolosallskapet\/wp-json\/wp\/v2\/pages\/2556","targetHints":{"allow":["GET"]}}],"collection":[{"href":"https:\/\/toften.se\/Jolosallskapet\/wp-json\/wp\/v2\/pages"}],"about":[{"href":"https:\/\/toften.se\/Jolosallskapet\/wp-json\/wp\/v2\/types\/page"}],"author":[{"embeddable":true,"href":"https:\/\/toften.se\/Jolosallskapet\/wp-json\/wp\/v2\/users\/2"}],"replies":[{"embeddable":true,"href":"https:\/\/toften.se\/Jolosallskapet\/wp-json\/wp\/v2\/comments?post=2556"}],"version-history":[{"count":19,"href":"https:\/\/toften.se\/Jolosallskapet\/wp-json\/wp\/v2\/pages\/2556\/revisions"}],"predecessor-version":[{"id":2836,"href":"https:\/\/toften.se\/Jolosallskapet\/wp-json\/wp\/v2\/pages\/2556\/revisions\/2836"}],"up":[{"embeddable":true,"href":"https:\/\/toften.se\/Jolosallskapet\/wp-json\/wp\/v2\/pages\/2783"}],"wp:attachment":[{"href":"https:\/\/toften.se\/Jolosallskapet\/wp-json\/wp\/v2\/media?parent=2556"}],"curies":[{"name":"wp","href":"https:\/\/api.w.org\/{rel}","templated":true}]}}