{"id":255,"date":"2018-04-21T20:15:43","date_gmt":"2018-04-21T20:15:43","guid":{"rendered":"https:\/\/toften.se\/Jolosallskapet\/?page_id=255"},"modified":"2025-11-24T11:58:36","modified_gmt":"2025-11-24T10:58:36","slug":"kontakt","status":"publish","type":"page","link":"https:\/\/toften.se\/Jolosallskapet\/valkommen\/kontakt\/","title":{"rendered":"Kontakt"},"content":{"rendered":"<p>S\u00e4llskapet kan n\u00e5s via vanlig post till Jolos\u00e4llskapet, c\/o Lars Grahn, \u00c5sgatan 50c, 791 72 Falun, eller via e-post\u00a0 jolomedlemmar@gmail.com\u00a0<\/p>\n<h2>Vem kan bli medlem?<\/h2>\n<p>Alla intresserade \u00e4r v\u00e4lkomna att vara med i s\u00e4llskapet, som f\u00f6r n\u00e4rvarande har cirka 300 medlemmar.<\/p>\n<p>Den som vill kan bli medlem genom att s\u00e4tta in \u00e5rsavgiften p\u00e5 postgirokonto 43 06 67-6 och ange namn och fullst\u00e4ndig adress. Gl\u00f6m d\u00e5 inte e-postadressen, om du har en s\u00e5dan!<\/p>\n<p>F\u00f6r er som \u00e4r boende utomlands och vill bli medlem:<br \/>IBAN SE 889 500 009 960 420 430 6676<br \/>BIC: NDE ASE SS<br \/>Nordea Bank, Sweden, SE 105 71 Stockholm<\/p>\n<p>Man kan ocks\u00e5 anm\u00e4la sitt intresse genom att fylla i formul\u00e4ret h\u00e4r nedan &#8211; gl\u00f6m inte e-postadressen, om du har en s\u00e5dan!<\/p>\n<h2>Vad kostar det?<\/h2>\n<p>\u00c5rsavgiften \u00e4r 150 kr (2024 och tillsvidare).<\/p>\n<h2>Vad ing\u00e5r i avgiften?<\/h2>\n<p>Jolos\u00e4llskapet ger bland annat ut en skriftserie om Jolo. Vi anordnar promenader, f\u00f6redrag och \u00e5rliga resor med anknytning till Jolo.<\/p>\n<p>Eftersom Jolos\u00e4llskapet \u00e4r medlem i DELS, De Litter\u00e4ra S\u00e4llskapens samarbetsn\u00e4mnd, erh\u00e5ller medlemmarna rabatt p\u00e5 <a href=\"https:\/\/dels.nu\/parnass\/\">prenumeration av tidskriften Parnass<\/a>.<\/p>\n\n\n<div class=\"wp-block-contact-form-7-contact-form-selector\">\n<div class=\"wpcf7 no-js\" id=\"wpcf7-f2763-o1\" lang=\"sv-SE\" dir=\"ltr\" data-wpcf7-id=\"2763\">\n<div class=\"screen-reader-response\"><p role=\"status\" aria-live=\"polite\" aria-atomic=\"true\"><\/p> <ul><\/ul><\/div>\n<form action=\"\/Jolosallskapet\/wp-json\/wp\/v2\/pages\/255#wpcf7-f2763-o1\" method=\"post\" class=\"wpcf7-form init\" aria-label=\"Kontaktformul\u00e4r\" novalidate=\"novalidate\" data-status=\"init\">\n<fieldset class=\"hidden-fields-container\"><input type=\"hidden\" name=\"_wpcf7\" value=\"2763\" \/><input type=\"hidden\" name=\"_wpcf7_version\" value=\"6.1.5\" \/><input type=\"hidden\" name=\"_wpcf7_locale\" value=\"sv_SE\" \/><input type=\"hidden\" name=\"_wpcf7_unit_tag\" value=\"wpcf7-f2763-o1\" \/><input type=\"hidden\" name=\"_wpcf7_container_post\" value=\"0\" \/><input type=\"hidden\" name=\"_wpcf7_posted_data_hash\" value=\"\" \/>\n<\/fieldset>\n<p><label> Ditt namn<br \/>\n<span class=\"wpcf7-form-control-wrap\" data-name=\"your-name\"><input size=\"40\" maxlength=\"400\" class=\"wpcf7-form-control wpcf7-text wpcf7-validates-as-required\" autocomplete=\"name\" aria-required=\"true\" aria-invalid=\"false\" value=\"\" type=\"text\" name=\"your-name\" \/><\/span> <\/label>\n<\/p>\n<p><label> Din e-post<br \/>\n<span class=\"wpcf7-form-control-wrap\" data-name=\"your-email\"><input size=\"40\" maxlength=\"400\" class=\"wpcf7-form-control wpcf7-email wpcf7-validates-as-required wpcf7-text wpcf7-validates-as-email\" autocomplete=\"email\" aria-required=\"true\" aria-invalid=\"false\" value=\"\" type=\"email\" name=\"your-email\" \/><\/span> <\/label>\n<\/p>\n<p><label> \u00c4mne<br \/>\n<span class=\"wpcf7-form-control-wrap\" data-name=\"your-subject\"><input size=\"40\" maxlength=\"400\" class=\"wpcf7-form-control wpcf7-text wpcf7-validates-as-required\" aria-required=\"true\" aria-invalid=\"false\" value=\"\" type=\"text\" name=\"your-subject\" \/><\/span> <\/label>\n<\/p>\n<p><label> Ditt meddelande (valfritt)<br \/>\n<span class=\"wpcf7-form-control-wrap\" data-name=\"your-message\"><textarea cols=\"40\" rows=\"10\" maxlength=\"2000\" class=\"wpcf7-form-control wpcf7-textarea\" aria-invalid=\"false\" name=\"your-message\"><\/textarea><\/span> <\/label>\n<\/p>\n<p><input class=\"wpcf7-form-control wpcf7-submit has-spinner\" type=\"submit\" value=\"Skicka\" \/>\n<\/p><div class=\"wpcf7-response-output\" aria-hidden=\"true\"><\/div>\n<\/form>\n<\/div>\n<\/div>\n","protected":false},"excerpt":{"rendered":"<p>S\u00e4llskapet kan n\u00e5s via vanlig post till Jolos\u00e4llskapet, c\/o Lars Grahn, \u00c5sgatan 50c, 791 72 Falun, eller via e-post\u00a0 jolomedlemmar@gmail.com\u00a0 Vem kan bli medlem? Alla intresserade \u00e4r v\u00e4lkomna att vara med i s\u00e4llskapet, som f\u00f6r n\u00e4rvarande har cirka 300 medlemmar. Den som vill kan bli medlem genom att s\u00e4tta in \u00e5rsavgiften p\u00e5 postgirokonto 43 06 [&hellip;]<\/p>\n","protected":false},"author":1,"featured_media":0,"parent":226,"menu_order":1,"comment_status":"closed","ping_status":"closed","template":"","meta":{"_et_pb_use_builder":"","_et_pb_old_content":"","_et_gb_content_width":"","_crdt_document":"","footnotes":""},"class_list":["post-255","page","type-page","status-publish","hentry"],"_links":{"self":[{"href":"https:\/\/toften.se\/Jolosallskapet\/wp-json\/wp\/v2\/pages\/255","targetHints":{"allow":["GET"]}}],"collection":[{"href":"https:\/\/toften.se\/Jolosallskapet\/wp-json\/wp\/v2\/pages"}],"about":[{"href":"https:\/\/toften.se\/Jolosallskapet\/wp-json\/wp\/v2\/types\/page"}],"author":[{"embeddable":true,"href":"https:\/\/toften.se\/Jolosallskapet\/wp-json\/wp\/v2\/users\/1"}],"replies":[{"embeddable":true,"href":"https:\/\/toften.se\/Jolosallskapet\/wp-json\/wp\/v2\/comments?post=255"}],"version-history":[{"count":17,"href":"https:\/\/toften.se\/Jolosallskapet\/wp-json\/wp\/v2\/pages\/255\/revisions"}],"predecessor-version":[{"id":2764,"href":"https:\/\/toften.se\/Jolosallskapet\/wp-json\/wp\/v2\/pages\/255\/revisions\/2764"}],"up":[{"embeddable":true,"href":"https:\/\/toften.se\/Jolosallskapet\/wp-json\/wp\/v2\/pages\/226"}],"wp:attachment":[{"href":"https:\/\/toften.se\/Jolosallskapet\/wp-json\/wp\/v2\/media?parent=255"}],"curies":[{"name":"wp","href":"https:\/\/api.w.org\/{rel}","templated":true}]}}