{"id":1308,"date":"2023-02-27T22:21:27","date_gmt":"2023-02-27T21:21:27","guid":{"rendered":"https:\/\/toften.se\/Jolosallskapet\/?p=1308"},"modified":"2025-11-16T14:37:40","modified_gmt":"2025-11-16T13:37:40","slug":"vagen-till-sarejevo","status":"publish","type":"page","link":"https:\/\/toften.se\/Jolosallskapet\/jolobocker\/av-och-med-jolo\/vagen-till-sarejevo\/","title":{"rendered":"V\u00e4gen till Sarejevo"},"content":{"rendered":"<p>En bok med Jolos k\u00e5serier, reportage och historiska ess\u00e4er \u2013<br \/>\nsom alla handlar om Balkan.<img decoding=\"async\" class=\"size-medium wp-image-1309 alignright\" src=\"https:\/\/toften.se\/Jolosallskapet\/wp-content\/uploads\/2023\/02\/Sarajevo2017-195x300.png\" alt=\"\" width=\"195\" height=\"300\" srcset=\"https:\/\/toften.se\/Jolosallskapet\/wp-content\/uploads\/2023\/02\/Sarajevo2017-195x300.png 195w, https:\/\/toften.se\/Jolosallskapet\/wp-content\/uploads\/2023\/02\/Sarajevo2017.png 237w\" sizes=\"(max-width: 195px) 100vw, 195px\" \/><\/p>\n<ul>\n<li>En man som hade spelat fotboll med Sarajevo-m\u00f6rdaren Gavrilo Princip.<\/li>\n<li>En bosnisk bondkvinna som ville prata om Dag Hammarskj\u00f6ld.<\/li>\n<li>En striptease-dans\u00f6s som vr\u00e4kte i sig wienerschnitzel.<\/li>\n<\/ul>\n<p>Stolta Tito-partisaner och ett svenskt par p\u00e5 desperat solsemester vid Adriatiska havet. Jan Olof Olsson m\u00f6tte dem v\u00e5ren 1963, d\u00e5 han tillsammans<br \/>\nmed DN-fotografen Roland Janson reste genom Jugoslavien i en hyrd Mercedes 180. De s\u00f6kte sp\u00e5r efter f\u00f6rsta v\u00e4rldskrigets utbrott 1914. Men de nj\u00f6t ocks\u00e5 av lugnet vid den gamla bron i Mostar, gick p\u00e5 opera i Ljubljana, strosade i romerska ruiner i Split, beundrade Dalmatiens kvinnor och fascinerades av en kultur som var fj\u00e4rran fr\u00e5n den folkhems-svenska.<br \/>\nBoken p\u00e5 192 sidor inneh\u00e5ller \u00e4ven en l\u00e5ng rad fotografier fr\u00e5n reportageresan.<\/p>\n","protected":false},"excerpt":{"rendered":"<p>En bok med Jolos k\u00e5serier, reportage och historiska ess\u00e4er \u2013 som alla handlar om Balkan. En man som hade spelat fotboll med Sarajevo-m\u00f6rdaren Gavrilo Princip. En bosnisk bondkvinna som ville prata om Dag Hammarskj\u00f6ld. En striptease-dans\u00f6s som vr\u00e4kte i sig wienerschnitzel. Stolta Tito-partisaner och ett svenskt par p\u00e5 desperat solsemester vid Adriatiska havet. Jan Olof [&hellip;]<\/p>\n","protected":false},"author":2,"featured_media":0,"parent":1364,"menu_order":0,"comment_status":"closed","ping_status":"closed","template":"","meta":{"_et_pb_use_builder":"","_et_pb_old_content":"","_et_gb_content_width":"","_crdt_document":"","footnotes":""},"class_list":["post-1308","page","type-page","status-publish","hentry"],"_links":{"self":[{"href":"https:\/\/toften.se\/Jolosallskapet\/wp-json\/wp\/v2\/pages\/1308","targetHints":{"allow":["GET"]}}],"collection":[{"href":"https:\/\/toften.se\/Jolosallskapet\/wp-json\/wp\/v2\/pages"}],"about":[{"href":"https:\/\/toften.se\/Jolosallskapet\/wp-json\/wp\/v2\/types\/page"}],"author":[{"embeddable":true,"href":"https:\/\/toften.se\/Jolosallskapet\/wp-json\/wp\/v2\/users\/2"}],"replies":[{"embeddable":true,"href":"https:\/\/toften.se\/Jolosallskapet\/wp-json\/wp\/v2\/comments?post=1308"}],"version-history":[{"count":1,"href":"https:\/\/toften.se\/Jolosallskapet\/wp-json\/wp\/v2\/pages\/1308\/revisions"}],"predecessor-version":[{"id":1310,"href":"https:\/\/toften.se\/Jolosallskapet\/wp-json\/wp\/v2\/pages\/1308\/revisions\/1310"}],"up":[{"embeddable":true,"href":"https:\/\/toften.se\/Jolosallskapet\/wp-json\/wp\/v2\/pages\/1364"}],"wp:attachment":[{"href":"https:\/\/toften.se\/Jolosallskapet\/wp-json\/wp\/v2\/media?parent=1308"}],"curies":[{"name":"wp","href":"https:\/\/api.w.org\/{rel}","templated":true}]}}