{"id":1278,"date":"2023-02-27T17:42:56","date_gmt":"2023-02-27T16:42:56","guid":{"rendered":"https:\/\/toften.se\/Jolosallskapet\/?p=1278"},"modified":"2025-11-16T14:34:48","modified_gmt":"2025-11-16T13:34:48","slug":"med-jolo-till-kopenhamn","status":"publish","type":"page","link":"https:\/\/toften.se\/Jolosallskapet\/jolobocker\/av-och-med-jolo\/med-jolo-till-kopenhamn\/","title":{"rendered":"Med Jolo till K\u00f6penhamn"},"content":{"rendered":"<p><em>Jolos\u00e4llskapets skrift nr 3, 2003<\/em><br \/>\n<em>Atlantis. Redakt\u00f6rer: Rolf Yrlid och G\u00f6ran Zachrison<\/em><br \/>\nMed Jolo till K\u00f6penhamn \u00e4r en kombinerad guide- och ess\u00e4bok. F<img decoding=\"async\" class=\"size-medium wp-image-1281 alignright\" src=\"https:\/\/toften.se\/Jolosallskapet\/wp-content\/uploads\/2023\/02\/Med-Jolo-till-Kopenhamn-206x300.png\" alt=\"\" width=\"206\" height=\"300\" srcset=\"https:\/\/toften.se\/Jolosallskapet\/wp-content\/uploads\/2023\/02\/Med-Jolo-till-Kopenhamn-206x300.png 206w, https:\/\/toften.se\/Jolosallskapet\/wp-content\/uploads\/2023\/02\/Med-Jolo-till-Kopenhamn.png 408w\" sizes=\"(max-width: 206px) 100vw, 206px\" \/>\u00f6rsta delen \u2013 Om Jolo och K\u00f6penhamn \u2013 inleds med en presentation av Jan Olof Olsson som journalist och f\u00f6rfattare signerad G\u00f6ran Zachrison. D\u00e4refter erbjuds endagsresen\u00e4ren en guidad tur genom dagens K\u00f6penhamn i Jolos s\u00e4llskap under ledning av Rolf Yrlid. Jolos dotter Vibeke Olsson minns familjens bes\u00f6k i<br \/>\nDanmark under 1960- och 70-talen. En serie K\u00f6penhamnsteckningar utf\u00f6rda av Ulf Sveningson tillkomna under en resa med Jolos\u00e4llskapet 2001 avslutar denna del.<br \/>\nAndra delen \u2013 Av Jolo om K\u00f6penhamn \u2013 inneh\u00e5ller tio texter ur Jolos K\u00f6penhamnsb\u00f6cker Kungens K\u00f6penhamn (1950) och Fritt Nyhavn (1955), ett l\u00e4ngre tidningsreportage fr\u00e5n Nyhavn 1966, samt ett romankapitel med K\u00f6penhamnsanknytning ur Slipsen i Krakow (1969).<br \/>\nMed Jolo till K\u00f6penhamn \u00e4r inte bara en bok att ha med p\u00e5 en dagsutflykt \u00f6ver Sundet. Den kan med stor beh\u00e5llning l\u00e4sas var och n\u00e4r som helst.<\/p>\n","protected":false},"excerpt":{"rendered":"<p>Jolos\u00e4llskapets skrift nr 3, 2003 Atlantis. Redakt\u00f6rer: Rolf Yrlid och G\u00f6ran Zachrison Med Jolo till K\u00f6penhamn \u00e4r en kombinerad guide- och ess\u00e4bok. F\u00f6rsta delen \u2013 Om Jolo och K\u00f6penhamn \u2013 inleds med en presentation av Jan Olof Olsson som journalist och f\u00f6rfattare signerad G\u00f6ran Zachrison. D\u00e4refter erbjuds endagsresen\u00e4ren en guidad tur genom dagens K\u00f6penhamn i [&hellip;]<\/p>\n","protected":false},"author":2,"featured_media":0,"parent":1364,"menu_order":0,"comment_status":"closed","ping_status":"closed","template":"","meta":{"_et_pb_use_builder":"","_et_pb_old_content":"","_et_gb_content_width":"","_crdt_document":"","footnotes":""},"class_list":["post-1278","page","type-page","status-publish","hentry"],"_links":{"self":[{"href":"https:\/\/toften.se\/Jolosallskapet\/wp-json\/wp\/v2\/pages\/1278","targetHints":{"allow":["GET"]}}],"collection":[{"href":"https:\/\/toften.se\/Jolosallskapet\/wp-json\/wp\/v2\/pages"}],"about":[{"href":"https:\/\/toften.se\/Jolosallskapet\/wp-json\/wp\/v2\/types\/page"}],"author":[{"embeddable":true,"href":"https:\/\/toften.se\/Jolosallskapet\/wp-json\/wp\/v2\/users\/2"}],"replies":[{"embeddable":true,"href":"https:\/\/toften.se\/Jolosallskapet\/wp-json\/wp\/v2\/comments?post=1278"}],"version-history":[{"count":3,"href":"https:\/\/toften.se\/Jolosallskapet\/wp-json\/wp\/v2\/pages\/1278\/revisions"}],"predecessor-version":[{"id":1282,"href":"https:\/\/toften.se\/Jolosallskapet\/wp-json\/wp\/v2\/pages\/1278\/revisions\/1282"}],"up":[{"embeddable":true,"href":"https:\/\/toften.se\/Jolosallskapet\/wp-json\/wp\/v2\/pages\/1364"}],"wp:attachment":[{"href":"https:\/\/toften.se\/Jolosallskapet\/wp-json\/wp\/v2\/media?parent=1278"}],"curies":[{"name":"wp","href":"https:\/\/api.w.org\/{rel}","templated":true}]}}