{"id":1264,"date":"2023-02-27T10:19:37","date_gmt":"2023-02-27T09:19:37","guid":{"rendered":"https:\/\/toften.se\/Jolosallskapet\/?p=1264"},"modified":"2025-11-16T14:40:50","modified_gmt":"2025-11-16T13:40:50","slug":"alla-tiders-jolo","status":"publish","type":"page","link":"https:\/\/toften.se\/Jolosallskapet\/jolobocker\/av-och-med-jolo\/alla-tiders-jolo\/","title":{"rendered":"Alla tiders Jolo"},"content":{"rendered":"<p><strong>Jan Olof Olsson<\/strong><br \/>\n<em>Bonniers, 1995, urval och inledning av <\/em><img decoding=\"async\" class=\"size-medium wp-image-1265 alignright\" src=\"https:\/\/toften.se\/Jolosallskapet\/wp-content\/uploads\/2023\/02\/Alla-tiders-Jolo-230x300.png\" alt=\"\" width=\"230\" height=\"300\" srcset=\"https:\/\/toften.se\/Jolosallskapet\/wp-content\/uploads\/2023\/02\/Alla-tiders-Jolo-230x300.png 230w, https:\/\/toften.se\/Jolosallskapet\/wp-content\/uploads\/2023\/02\/Alla-tiders-Jolo.png 463w\" sizes=\"(max-width: 230px) 100vw, 230px\" \/><em>Carl Olov Sommar<\/em><br \/>\n<em>Formgivning: Birgitta Emilsson<br \/>\n<\/em><br \/>\nSom medarbetare i Dagens Nyheter och som f\u00f6rfattare till ett trettiotal b\u00f6cker blev Jan Olof Olsson, signaturen Jolo, en av Sveriges mest l\u00e4sta och \u00e4lskade skribenter. Hans osvikligt s\u00e4kra blick f\u00f6r milj\u00f6er och m\u00e4nniskor gjorde honom till en m\u00e4stare i att skildra s\u00e5v\u00e4l vardagliga h\u00e4ndelser som historiska skeenden.<br \/>\nALLA TIDERS JOLO inneh\u00e5ller n\u00e4rmare fyrtio artiklar och k\u00e5serier med historisk inriktning, de allra flesta h\u00e4mtade ur Dagens Nyheters l\u00e4gg men i n\u00e5gra fall ocks\u00e5 fr\u00e5n Stockholms-Tidningen, d\u00e4r Jolo b\u00f6rjade sin journalistiska bana. H\u00e4r skildras s\u00e5 olikartade personligheter som Erik XIV, anarkisten Emma Goldman och Lawrence av Arabien och s\u00e5 skilda h\u00e4ndelser som franska revolutionen, Titanics underg\u00e5ng och bondet\u00e5get 1914.<br \/>\nKunskapsrika och ytterst underh\u00e5llande texter, alltigenom pr\u00e4glade av Jolos koncisa, starkt personliga ber\u00e4ttarkonst.<\/p>\n","protected":false},"excerpt":{"rendered":"<p>Jan Olof Olsson Bonniers, 1995, urval och inledning av Carl Olov Sommar Formgivning: Birgitta Emilsson Som medarbetare i Dagens Nyheter och som f\u00f6rfattare till ett trettiotal b\u00f6cker blev Jan Olof Olsson, signaturen Jolo, en av Sveriges mest l\u00e4sta och \u00e4lskade skribenter. Hans osvikligt s\u00e4kra blick f\u00f6r milj\u00f6er och m\u00e4nniskor gjorde honom till en m\u00e4stare i [&hellip;]<\/p>\n","protected":false},"author":2,"featured_media":0,"parent":1364,"menu_order":0,"comment_status":"closed","ping_status":"closed","template":"","meta":{"_et_pb_use_builder":"","_et_pb_old_content":"","_et_gb_content_width":"","_crdt_document":"","footnotes":""},"class_list":["post-1264","page","type-page","status-publish","hentry"],"_links":{"self":[{"href":"https:\/\/toften.se\/Jolosallskapet\/wp-json\/wp\/v2\/pages\/1264","targetHints":{"allow":["GET"]}}],"collection":[{"href":"https:\/\/toften.se\/Jolosallskapet\/wp-json\/wp\/v2\/pages"}],"about":[{"href":"https:\/\/toften.se\/Jolosallskapet\/wp-json\/wp\/v2\/types\/page"}],"author":[{"embeddable":true,"href":"https:\/\/toften.se\/Jolosallskapet\/wp-json\/wp\/v2\/users\/2"}],"replies":[{"embeddable":true,"href":"https:\/\/toften.se\/Jolosallskapet\/wp-json\/wp\/v2\/comments?post=1264"}],"version-history":[{"count":1,"href":"https:\/\/toften.se\/Jolosallskapet\/wp-json\/wp\/v2\/pages\/1264\/revisions"}],"predecessor-version":[{"id":1266,"href":"https:\/\/toften.se\/Jolosallskapet\/wp-json\/wp\/v2\/pages\/1264\/revisions\/1266"}],"up":[{"embeddable":true,"href":"https:\/\/toften.se\/Jolosallskapet\/wp-json\/wp\/v2\/pages\/1364"}],"wp:attachment":[{"href":"https:\/\/toften.se\/Jolosallskapet\/wp-json\/wp\/v2\/media?parent=1264"}],"curies":[{"name":"wp","href":"https:\/\/api.w.org\/{rel}","templated":true}]}}