{"id":1258,"date":"2023-02-27T10:11:11","date_gmt":"2023-02-27T09:11:11","guid":{"rendered":"https:\/\/toften.se\/Jolosallskapet\/?p=1258"},"modified":"2025-11-13T19:36:22","modified_gmt":"2025-11-13T18:36:22","slug":"manniskor","status":"publish","type":"page","link":"https:\/\/toften.se\/Jolosallskapet\/jolobocker\/av-jolo\/manniskor\/","title":{"rendered":"M\u00e4nniskor"},"content":{"rendered":"<p><em>Bonniers, 1993, urval och inledning av Carl Olov Sommar. Formgivning: Birgitta Emilsson. Foto: G\u00f6sta Glase<br \/>\n<img decoding=\"async\" class=\"size-medium wp-image-1259 alignright\" src=\"https:\/\/toften.se\/Jolosallskapet\/wp-content\/uploads\/2023\/02\/Manniskor-212x300.png\" alt=\"\" width=\"212\" height=\"300\" srcset=\"https:\/\/toften.se\/Jolosallskapet\/wp-content\/uploads\/2023\/02\/Manniskor-212x300.png 212w, https:\/\/toften.se\/Jolosallskapet\/wp-content\/uploads\/2023\/02\/Manniskor.png 421w\" sizes=\"(max-width: 212px) 100vw, 212px\" \/><br \/>\n<\/em>DN-journalisten och f\u00f6rfattaren Jan Olof Olsson, signaturen Jolo, var en legendariskt beg\u00e5vad och m\u00e5ngsidig skribent.<br \/>\nI detta nya Jolo-urval, M\u00c4NNISKOR, har Carl Olov Sommar sammanst\u00e4llt ett sextiotal tr\u00e4ffs\u00e4kra och underh\u00e5llande personportr\u00e4tt: intervjuer med bland andra Ingrid Bergman, Maurice Chevalier, Piraten, Stravinskij och Evert Taube, k\u00e5serier om Chaplin, Emil Nolde, Ernst Rolf, Leslie Howard och m\u00e5nga fler. Alla framtr\u00e4der de livslevande genom Jolos starkt personliga och direkta stilkonst. Med hj\u00e4lp av psykologisk skarpblick, underfundig humor och omfattande bel\u00e4senhet lyckades Jolo b\u00e4ttre \u00e4n de flesta tr\u00e4nga bakom fasaden och f\u00e5nga m\u00e4nniskors egenart. Det allra mesta av materialet \u00e4r h\u00e4mtat fr\u00e5n Dagens Nyheters l\u00e4gg och aldrig tidigare publicerat i bokform.<\/p>\n","protected":false},"excerpt":{"rendered":"<p>Bonniers, 1993, urval och inledning av Carl Olov Sommar. Formgivning: Birgitta Emilsson. Foto: G\u00f6sta Glase DN-journalisten och f\u00f6rfattaren Jan Olof Olsson, signaturen Jolo, var en legendariskt beg\u00e5vad och m\u00e5ngsidig skribent. I detta nya Jolo-urval, M\u00c4NNISKOR, har Carl Olov Sommar sammanst\u00e4llt ett sextiotal tr\u00e4ffs\u00e4kra och underh\u00e5llande personportr\u00e4tt: intervjuer med bland andra Ingrid Bergman, Maurice Chevalier, Piraten, [&hellip;]<\/p>\n","protected":false},"author":2,"featured_media":0,"parent":1387,"menu_order":0,"comment_status":"closed","ping_status":"closed","template":"","meta":{"_et_pb_use_builder":"","_et_pb_old_content":"","_et_gb_content_width":"","_crdt_document":"","footnotes":""},"class_list":["post-1258","page","type-page","status-publish","hentry"],"_links":{"self":[{"href":"https:\/\/toften.se\/Jolosallskapet\/wp-json\/wp\/v2\/pages\/1258","targetHints":{"allow":["GET"]}}],"collection":[{"href":"https:\/\/toften.se\/Jolosallskapet\/wp-json\/wp\/v2\/pages"}],"about":[{"href":"https:\/\/toften.se\/Jolosallskapet\/wp-json\/wp\/v2\/types\/page"}],"author":[{"embeddable":true,"href":"https:\/\/toften.se\/Jolosallskapet\/wp-json\/wp\/v2\/users\/2"}],"replies":[{"embeddable":true,"href":"https:\/\/toften.se\/Jolosallskapet\/wp-json\/wp\/v2\/comments?post=1258"}],"version-history":[{"count":1,"href":"https:\/\/toften.se\/Jolosallskapet\/wp-json\/wp\/v2\/pages\/1258\/revisions"}],"predecessor-version":[{"id":1260,"href":"https:\/\/toften.se\/Jolosallskapet\/wp-json\/wp\/v2\/pages\/1258\/revisions\/1260"}],"up":[{"embeddable":true,"href":"https:\/\/toften.se\/Jolosallskapet\/wp-json\/wp\/v2\/pages\/1387"}],"wp:attachment":[{"href":"https:\/\/toften.se\/Jolosallskapet\/wp-json\/wp\/v2\/media?parent=1258"}],"curies":[{"name":"wp","href":"https:\/\/api.w.org\/{rel}","templated":true}]}}