{"id":1255,"date":"2023-02-26T22:17:46","date_gmt":"2023-02-26T21:17:46","guid":{"rendered":"https:\/\/toften.se\/Jolosallskapet\/?p=1255"},"modified":"2025-11-16T14:34:15","modified_gmt":"2025-11-16T13:34:15","slug":"mina-stader","status":"publish","type":"page","link":"https:\/\/toften.se\/Jolosallskapet\/jolobocker\/av-jolo\/mina-stader\/","title":{"rendered":"Mina st\u00e4der"},"content":{"rendered":"<p><em>Bonniers, 1991, urval och inledning av Carl Olov Sommar<\/em><br \/>\n<em>Formgivning: Birgitta Emilsson. Foto: Roland Jansson<\/em><img decoding=\"async\" class=\"size-medium wp-image-1256 alignright\" src=\"https:\/\/toften.se\/Jolosallskapet\/wp-content\/uploads\/2023\/02\/Mina-stader-213x300.png\" alt=\"\" width=\"213\" height=\"300\" srcset=\"https:\/\/toften.se\/Jolosallskapet\/wp-content\/uploads\/2023\/02\/Mina-stader-213x300.png 213w, https:\/\/toften.se\/Jolosallskapet\/wp-content\/uploads\/2023\/02\/Mina-stader.png 424w\" sizes=\"(max-width: 213px) 100vw, 213px\" \/><br \/>\nJan Olof Olsson, signaturen Jolo, var en av de stora resen\u00e4rerna i modern svensk litteratur. Som medarbetare i Dagens Nyheter hade han en vidstr\u00e4ckt l\u00e4sekrets och med sina b\u00f6cker fick han m\u00e5nga nya beundrare.<br \/>\nHans skarpa sinnen, hans f\u00f6rm\u00e5ga att locka fram dolda sammanhang, hans starka k\u00e4nsla f\u00f6r atmosf\u00e4r gjorde honom till en utomordentlig skildrare av st\u00e4ders liva och st\u00e4mningar. Han tr\u00f6ttnade aldrig p\u00e5 att ber\u00e4tta om Stockholm. Han reste ofta till Helsingfors, Leningrad, K\u00f6penhamn, Berlin, London Dublin, Chicago. \u00d6verallt trycks han snabbt ha registret vilka gator, barer, hotell, museer, restauranger och domstolar det l\u00f6nade sig att bes\u00f6ka. \u00d6verallt lyckades han med hj\u00e4lp av grundlig p\u00e5l\u00e4sning och egna, fr\u00e4scha iakttagelser f\u00e5nga platsens sj\u00e4l.<br \/>\nCarl Olov Sommar har h\u00e4r sammanst\u00e4llt ett drygt sjuttiotal prosastycken av Jolo \u2013 skildringar fr\u00e5n trettio av de st\u00e4der som han bes\u00f6kte och k\u00e4nde sig hemmastadd i. De flesta h\u00e4mtade ur Dagens Nyheters l\u00e4gg och aldrig tidigare publicerade i bokform. MINA ST\u00c4DER ger en full\u00f6dig bild av Jolos bredd och h\u00f6ga litter\u00e4ra niv\u00e5.<\/p>\n","protected":false},"excerpt":{"rendered":"<p>Bonniers, 1991, urval och inledning av Carl Olov Sommar Formgivning: Birgitta Emilsson. Foto: Roland Jansson Jan Olof Olsson, signaturen Jolo, var en av de stora resen\u00e4rerna i modern svensk litteratur. Som medarbetare i Dagens Nyheter hade han en vidstr\u00e4ckt l\u00e4sekrets och med sina b\u00f6cker fick han m\u00e5nga nya beundrare. Hans skarpa sinnen, hans f\u00f6rm\u00e5ga att [&hellip;]<\/p>\n","protected":false},"author":2,"featured_media":0,"parent":1387,"menu_order":0,"comment_status":"closed","ping_status":"closed","template":"","meta":{"_et_pb_use_builder":"","_et_pb_old_content":"","_et_gb_content_width":"","_crdt_document":"","footnotes":""},"class_list":["post-1255","page","type-page","status-publish","hentry"],"_links":{"self":[{"href":"https:\/\/toften.se\/Jolosallskapet\/wp-json\/wp\/v2\/pages\/1255","targetHints":{"allow":["GET"]}}],"collection":[{"href":"https:\/\/toften.se\/Jolosallskapet\/wp-json\/wp\/v2\/pages"}],"about":[{"href":"https:\/\/toften.se\/Jolosallskapet\/wp-json\/wp\/v2\/types\/page"}],"author":[{"embeddable":true,"href":"https:\/\/toften.se\/Jolosallskapet\/wp-json\/wp\/v2\/users\/2"}],"replies":[{"embeddable":true,"href":"https:\/\/toften.se\/Jolosallskapet\/wp-json\/wp\/v2\/comments?post=1255"}],"version-history":[{"count":1,"href":"https:\/\/toften.se\/Jolosallskapet\/wp-json\/wp\/v2\/pages\/1255\/revisions"}],"predecessor-version":[{"id":1257,"href":"https:\/\/toften.se\/Jolosallskapet\/wp-json\/wp\/v2\/pages\/1255\/revisions\/1257"}],"up":[{"embeddable":true,"href":"https:\/\/toften.se\/Jolosallskapet\/wp-json\/wp\/v2\/pages\/1387"}],"wp:attachment":[{"href":"https:\/\/toften.se\/Jolosallskapet\/wp-json\/wp\/v2\/media?parent=1255"}],"curies":[{"name":"wp","href":"https:\/\/api.w.org\/{rel}","templated":true}]}}