{"id":1245,"date":"2023-02-26T13:07:05","date_gmt":"2023-02-26T13:07:05","guid":{"rendered":"https:\/\/toften.se\/Jolosallskapet\/?p=1245"},"modified":"2025-11-13T18:54:54","modified_gmt":"2025-11-13T17:54:54","slug":"anglars-liv","status":"publish","type":"page","link":"https:\/\/toften.se\/Jolosallskapet\/jolobocker\/av-jolo\/anglars-liv\/","title":{"rendered":"\u00c4nglars liv"},"content":{"rendered":"<p><em>Bonniers, 1983, Omslag: Hasse Erikson<\/em><br \/>\nEn bok om tv\u00e5 sm\u00e5 lustiga, sj\u00e4lvst\u00e4ndig<img decoding=\"async\" class=\"size-medium wp-image-1246 alignright\" src=\"https:\/\/toften.se\/Jolosallskapet\/wp-content\/uploads\/2023\/02\/Anglars-liv-184x300.png\" alt=\"\" width=\"184\" height=\"300\" srcset=\"https:\/\/toften.se\/Jolosallskapet\/wp-content\/uploads\/2023\/02\/Anglars-liv-184x300.png 184w, https:\/\/toften.se\/Jolosallskapet\/wp-content\/uploads\/2023\/02\/Anglars-liv.png 361w\" sizes=\"(max-width: 184px) 100vw, 184px\" \/>a och inte genomsn\u00e4lla flickor. Jolos lysande k\u00e5serier handlade ibland om dem. Den \u00e4ldsta av dem, Elizabeth Ann, och Margareta Sj\u00f6gren-Olsson har nu gjort ett urval d\u00e4r man f\u00e5r f\u00f6lja flickornas uppv\u00e4xt p\u00e5 60-talet och deras fars brist p\u00e5 utveckling, trots flickornas f\u00f6rs\u00f6k att uppfostra honom.<br \/>\nHan g\u00f6r valh\u00e4nta f\u00f6rs\u00f6k att f\u00e5 in dem i ett ordnat vardagsliv men misslyckas st\u00e4ndigt, d\u00e4rf\u00f6r att de \u00e4r mycket listigare \u00e4n han, d\u00e4rf\u00f6r att de lever i barnens hemlighetsfulla v\u00e4rld, som styrs av lagar som en vuxen inte begriper. Och sist men inte minst f\u00f6r att de \u00e4r kvinnor, om ocks\u00e5 i miniformat, och k\u00e4nner till sanningar som en tr\u00f6g karl inte anar.<br \/>\nEn \u00f6nskebok f\u00f6r f\u00f6r\u00e4ldrar, f\u00f6r far- och morf\u00f6r\u00e4ldrar och alla Jolo-\u00e4lskare.<\/p>\n","protected":false},"excerpt":{"rendered":"<p>Bonniers, 1983, Omslag: Hasse Erikson En bok om tv\u00e5 sm\u00e5 lustiga, sj\u00e4lvst\u00e4ndiga och inte genomsn\u00e4lla flickor. Jolos lysande k\u00e5serier handlade ibland om dem. Den \u00e4ldsta av dem, Elizabeth Ann, och Margareta Sj\u00f6gren-Olsson har nu gjort ett urval d\u00e4r man f\u00e5r f\u00f6lja flickornas uppv\u00e4xt p\u00e5 60-talet och deras fars brist p\u00e5 utveckling, trots flickornas f\u00f6rs\u00f6k att [&hellip;]<\/p>\n","protected":false},"author":2,"featured_media":0,"parent":1387,"menu_order":0,"comment_status":"closed","ping_status":"closed","template":"","meta":{"_et_pb_use_builder":"","_et_pb_old_content":"","_et_gb_content_width":"","_crdt_document":"","footnotes":""},"class_list":["post-1245","page","type-page","status-publish","hentry"],"_links":{"self":[{"href":"https:\/\/toften.se\/Jolosallskapet\/wp-json\/wp\/v2\/pages\/1245","targetHints":{"allow":["GET"]}}],"collection":[{"href":"https:\/\/toften.se\/Jolosallskapet\/wp-json\/wp\/v2\/pages"}],"about":[{"href":"https:\/\/toften.se\/Jolosallskapet\/wp-json\/wp\/v2\/types\/page"}],"author":[{"embeddable":true,"href":"https:\/\/toften.se\/Jolosallskapet\/wp-json\/wp\/v2\/users\/2"}],"replies":[{"embeddable":true,"href":"https:\/\/toften.se\/Jolosallskapet\/wp-json\/wp\/v2\/comments?post=1245"}],"version-history":[{"count":1,"href":"https:\/\/toften.se\/Jolosallskapet\/wp-json\/wp\/v2\/pages\/1245\/revisions"}],"predecessor-version":[{"id":1247,"href":"https:\/\/toften.se\/Jolosallskapet\/wp-json\/wp\/v2\/pages\/1245\/revisions\/1247"}],"up":[{"embeddable":true,"href":"https:\/\/toften.se\/Jolosallskapet\/wp-json\/wp\/v2\/pages\/1387"}],"wp:attachment":[{"href":"https:\/\/toften.se\/Jolosallskapet\/wp-json\/wp\/v2\/media?parent=1245"}],"curies":[{"name":"wp","href":"https:\/\/api.w.org\/{rel}","templated":true}]}}