{"id":1218,"date":"2023-02-26T11:12:02","date_gmt":"2023-02-26T11:12:02","guid":{"rendered":"https:\/\/toften.se\/Jolosallskapet\/?p=1218"},"modified":"2025-11-16T14:38:15","modified_gmt":"2025-11-16T13:38:15","slug":"stockholmsluft","status":"publish","type":"page","link":"https:\/\/toften.se\/Jolosallskapet\/jolobocker\/av-jolo\/stockholmsluft\/","title":{"rendered":"Stockholmsluft"},"content":{"rendered":"<p><em>Bonniers, 1974. F\u00f6rord av Per W\u00e4stberg. <\/em><br \/>\n<em>Omslagsfoto: Harry Kampf<\/em><br \/>\n<img decoding=\"async\" class=\"size-medium wp-image-1220 alignright\" src=\"https:\/\/toften.se\/Jolosallskapet\/wp-content\/uploads\/2023\/02\/Stockholmsluft-188x300.png\" alt=\"\" width=\"188\" height=\"300\" srcset=\"https:\/\/toften.se\/Jolosallskapet\/wp-content\/uploads\/2023\/02\/Stockholmsluft-188x300.png 188w, https:\/\/toften.se\/Jolosallskapet\/wp-content\/uploads\/2023\/02\/Stockholmsluft.png 358w\" sizes=\"(max-width: 188px) 100vw, 188px\" \/>&#8221;Jolo gav oss, sina l\u00e4sare, igenk\u00e4nningspunkter, s\u00e5 vi inte gick vilse och inte fick det f\u00f6r tr\u00e5kigt. Han piskade rutinen till sp\u00e4nning. Tillsammans med Jolo var det om\u00f6jligt att g\u00e5 blint f\u00f6rbi en gatuskylt, ett frikyrkokapell, en ing\u00e5ng till ett pensionat med rekommendationsskylt fr\u00e5n en gourmetkedja i Andorra och en f\u00f6r l\u00e4nge sedan nedlagd libanesiskt automobilklubb.<br \/>\nOm beteenden, s\u00e4tt att uppf\u00f6ra sig skrev Jolo kanske helst \u2013 och om dem som bryter mot reglerna. Han ser svenskar en sensommardag halsa fruktvin p\u00e5 trappan till Klara kyrka. Han tolkar \u00f6gonkasten mellan gifta per som inte betyder Jag \u00e4lskar dig utan Skynda dig s\u00e5 inte den andra bilen tar P-platsen. Han f\u00e5ngar det exakta tonfallet p\u00e5 R\u00e5sundastadion och ser vad snabbk\u00f6pskassarna d\u00f6ljer f\u00f6r sorts kronvodka.<br \/>\nJolo iakttar det som p\u00e5g\u00e5r utom t\u00e4vlan, det som sker i vad som synes ske: talarens oroliga f\u00f6tter d\u00e4r han st\u00e5r bakom podiet en f\u00f6rsta maj. Han ser en historiett genom ett g\u00e5rdsf\u00f6nster. Ett par kaf\u00e9repliker r\u00e4cker f\u00f6r att spekulera \u00f6ver en livsg\u00e5ta. Han fick en att k\u00e4nna att man i hans s\u00e4llskap vidgade sin<br \/>\nerfarenhet och n\u00e4stan om\u00e4rkligt gjorde hans egen l\u00e4rdom till sin.<br \/>\n\u2026\u2026&#8221;<br \/>\nUr Per W\u00e4stbergs f\u00f6rord till \u201dStockholmsluft\u201d.<\/p>\n","protected":false},"excerpt":{"rendered":"<p>Bonniers, 1974. F\u00f6rord av Per W\u00e4stberg. Omslagsfoto: Harry Kampf &#8221;Jolo gav oss, sina l\u00e4sare, igenk\u00e4nningspunkter, s\u00e5 vi inte gick vilse och inte fick det f\u00f6r tr\u00e5kigt. Han piskade rutinen till sp\u00e4nning. Tillsammans med Jolo var det om\u00f6jligt att g\u00e5 blint f\u00f6rbi en gatuskylt, ett frikyrkokapell, en ing\u00e5ng till ett pensionat med rekommendationsskylt fr\u00e5n en gourmetkedja [&hellip;]<\/p>\n","protected":false},"author":2,"featured_media":0,"parent":1387,"menu_order":0,"comment_status":"closed","ping_status":"closed","template":"","meta":{"_et_pb_use_builder":"","_et_pb_old_content":"","_et_gb_content_width":"","_crdt_document":"","footnotes":""},"class_list":["post-1218","page","type-page","status-publish","hentry"],"_links":{"self":[{"href":"https:\/\/toften.se\/Jolosallskapet\/wp-json\/wp\/v2\/pages\/1218","targetHints":{"allow":["GET"]}}],"collection":[{"href":"https:\/\/toften.se\/Jolosallskapet\/wp-json\/wp\/v2\/pages"}],"about":[{"href":"https:\/\/toften.se\/Jolosallskapet\/wp-json\/wp\/v2\/types\/page"}],"author":[{"embeddable":true,"href":"https:\/\/toften.se\/Jolosallskapet\/wp-json\/wp\/v2\/users\/2"}],"replies":[{"embeddable":true,"href":"https:\/\/toften.se\/Jolosallskapet\/wp-json\/wp\/v2\/comments?post=1218"}],"version-history":[{"count":3,"href":"https:\/\/toften.se\/Jolosallskapet\/wp-json\/wp\/v2\/pages\/1218\/revisions"}],"predecessor-version":[{"id":1222,"href":"https:\/\/toften.se\/Jolosallskapet\/wp-json\/wp\/v2\/pages\/1218\/revisions\/1222"}],"up":[{"embeddable":true,"href":"https:\/\/toften.se\/Jolosallskapet\/wp-json\/wp\/v2\/pages\/1387"}],"wp:attachment":[{"href":"https:\/\/toften.se\/Jolosallskapet\/wp-json\/wp\/v2\/media?parent=1218"}],"curies":[{"name":"wp","href":"https:\/\/api.w.org\/{rel}","templated":true}]}}